{"id":732031,"date":"2025-08-27T21:42:49","date_gmt":"2025-08-27T18:42:49","guid":{"rendered":"https:\/\/roveyayinevi.com.tr\/index.php\/urun\/jean-jaures-cumhuriyetci-sosyalizmin-imkani\/"},"modified":"2026-04-16T02:39:53","modified_gmt":"2026-04-15T23:39:53","slug":"jean-jaures-cumhuriyetci-sosyalizmin-imkani","status":"publish","type":"product","link":"https:\/\/roveyayinevi.com.tr\/index.php\/urun\/jean-jaures-cumhuriyetci-sosyalizmin-imkani\/","title":{"rendered":"Jean Jaures : Cumhuriyet\u00e7i Sosyalizmin \u0130mkan\u0131"},"content":{"rendered":"<p>Jean Jaur\u00e8s: Cumhuriyet\u00e7i Sosyalizmin \u0130mk\u00e2n\u0131, 19. y\u00fczy\u0131l sonu ile 20. y\u00fczy\u0131l ba\u015flar\u0131nda y\u00fcr\u00fct\u00fclen toplumsal m\u00fccadelelere ve teorik tart\u0131\u015fmalara, T\u00fcrkiye\u2019deki okurlar\u0131n pek a\u015fina olmad\u0131\u011f\u0131 \u00f6nemli bir militan ve entelekt\u00fcel arac\u0131l\u0131\u011f\u0131yla kap\u0131 aral\u0131yor. Selman Sa\u00e7, modern Frans\u0131z sosyalizminin kurucular\u0131ndan ve g\u00fcn\u00fcm\u00fczde Frans\u0131z a\u015f\u0131r\u0131 sa\u011f\u0131ndan radikal soluna kadar t\u00fcm \u00f6nemli politik akt\u00f6rler i\u00e7in referans kalmay\u0131 s\u00fcrd\u00fcren Jaur\u00e8s sayesinde hem d\u00f6nemin sosyalist d\u00fcnyas\u0131n\u0131n (Marksist ve Revizyonist) belli ba\u015fl\u0131 tart\u0131\u015fmalar\u0131n\u0131 pratik meseleler etraf\u0131nda ortaya koyuyor hem de g\u00fcn\u00fcm\u00fczde h\u00e2l\u00e2 anlaml\u0131 kalmay\u0131 ba\u015faran belli m\u00fccadele alanlar\u0131n\u0131 (insan haklar\u0131, adalet, laiklik, sosyal haklar\u2026) sorunsalla\u015ft\u0131r\u0131yor. Bu a\u00e7\u0131dan zamansall\u0131\u011f\u0131n\u0131n aksine g\u00fcncelli\u011fe temas etti\u011fi \u00f6l\u00e7\u00fcde son derece ayart\u0131c\u0131 bir \u00e7al\u0131\u015fmaya imza at\u0131yor.   Kitap, okuyucusuna kapitalist toplumsal formasyonu kabul etmeden, demokratik idealler ve cumhuriyet\u00e7i \u00e7er\u00e7eve ekseninde h\u00fcmanist ve ahlaki bir sosyalist d\u00fczenin yarat\u0131labilece\u011fini g\u00f6stermeyi ama\u00e7l\u0131yor. Enternasyonalist solun entelekt\u00fcel miras\u0131n\u0131 Fransa\u2019n\u0131n toplumsal m\u00fccadeleler tarihiyle eklemleyen Jaur\u00e8s\u2019in dile getirdi\u011fi hakikat, ge\u00e7mi\u015fteki b\u00fct\u00fcn oligar\u015filerin prangalar\u0131n\u0131 k\u0131ran emek\u00e7i \u00e7o\u011funlu\u011fun, sosyalist teorinin \u0131\u015f\u0131\u011f\u0131nda, gelece\u011fin b\u00fct\u00fcn oligar\u015fik yap\u0131lar\u0131n\u0131 yerle bir etmeye muktedir oldu\u011fudur. <\/p>\n","protected":false},"excerpt":{"rendered":"<p>Jean Jaur\u00e8s: Cumhuriyet\u00e7i Sosyalizmin \u0130mk\u00e2n\u0131, 19. y\u00fczy\u0131l sonu ile 20. y\u00fczy\u0131l ba\u015flar\u0131nda y\u00fcr\u00fct\u00fclen toplumsal m\u00fccadelelere ve teorik tart\u0131\u015fmalara, T\u00fcrkiye\u2019deki okurlar\u0131n pek a\u015fina olmad\u0131\u011f\u0131 \u00f6nemli bir militan<span class=\"excerpt-hellip\"> [\u2026]<\/span><\/p>\n","protected":false},"featured_media":0,"template":"","meta":{"_monsterinsights_skip_tracking":false,"_monsterinsights_sitenote_active":false,"_monsterinsights_sitenote_note":"","_monsterinsights_sitenote_category":0},"product_brand":[],"product_cat":[12337,14706],"product_tag":[],"class_list":{"0":"post-732031","1":"product","2":"type-product","3":"status-publish","5":"product_cat-politika-siyaset","6":"product_cat-siyaset-bilimi","7":"pa_cilt-ciltsiz","8":"pa_tur-kitap","9":"pa_yayinevi-nika-yayinevi","10":"pa_yazar-selman-sac","12":"first","13":"instock","14":"sale","15":"shipping-taxable","16":"purchasable","17":"product-type-simple"},"_links":{"self":[{"href":"https:\/\/roveyayinevi.com.tr\/index.php\/wp-json\/wp\/v2\/product\/732031","targetHints":{"allow":["GET"]}}],"collection":[{"href":"https:\/\/roveyayinevi.com.tr\/index.php\/wp-json\/wp\/v2\/product"}],"about":[{"href":"https:\/\/roveyayinevi.com.tr\/index.php\/wp-json\/wp\/v2\/types\/product"}],"wp:attachment":[{"href":"https:\/\/roveyayinevi.com.tr\/index.php\/wp-json\/wp\/v2\/media?parent=732031"}],"wp:term":[{"taxonomy":"product_brand","embeddable":true,"href":"https:\/\/roveyayinevi.com.tr\/index.php\/wp-json\/wp\/v2\/product_brand?post=732031"},{"taxonomy":"product_cat","embeddable":true,"href":"https:\/\/roveyayinevi.com.tr\/index.php\/wp-json\/wp\/v2\/product_cat?post=732031"},{"taxonomy":"product_tag","embeddable":true,"href":"https:\/\/roveyayinevi.com.tr\/index.php\/wp-json\/wp\/v2\/product_tag?post=732031"}],"curies":[{"name":"wp","href":"https:\/\/api.w.org\/{rel}","templated":true}]}}