{"id":732030,"date":"2025-08-27T21:42:48","date_gmt":"2025-08-27T18:42:48","guid":{"rendered":"https:\/\/roveyayinevi.com.tr\/index.php\/urun\/esrariler\/"},"modified":"2026-04-16T02:39:53","modified_gmt":"2026-04-15T23:39:53","slug":"esrariler","status":"publish","type":"product","link":"https:\/\/roveyayinevi.com.tr\/index.php\/urun\/esrariler\/","title":{"rendered":"Esrariler"},"content":{"rendered":"<p>d\u00fczyaz\u0131dan \u00e7ok \u015fiire daha yatk\u0131n bir topluluk bu Esr\u00e2r\u00eeler, d\u00fczyaz\u0131ya zor al\u0131\u015f\u0131yorlar. D\u00fc\u015f\u00fcnd\u00fckleri ile yazd\u0131klar\u0131n\u0131n aras\u0131ndaki uzakl\u0131\u011f\u0131 kapatmak Esr\u00e2r\u00eeli\u011fin eski bir gelene\u011fi, talim gerektiriyor, ne demi\u015fler, her \u015fey imk\u00e2nla m\u00fcmk\u00fcn. Tuhaf bir imk\u00e2n bar\u0131nd\u0131ran yaz\u0131lar bunlar, isyan\u0131 tam a\u00e7\u0131k se\u00e7ik belirirken birden geri \u00e7ekilmeyi tercih eden yaz\u0131lar. Geri \u00e7ekilebildi\u011fi i\u00e7in imk\u00e2n sa\u011fl\u0131yor.\u0130lk bask\u0131s\u0131 2003 y\u0131l\u0131nda yap\u0131lan Esr\u00e2r\u00eeler., Ahmet G\u00fcntan\u2019\u0131n y\u00fczy\u0131l d\u00f6n\u00fcm\u00fcndeki d\u00fcnya haline Esr\u00e2r\u00eelerin g\u00f6z\u00fcnden bakt\u0131\u011f\u0131 benzersiz bir metin. Felsefi ve \u015fiirsel fragmanlardan olu\u015fan, safl\u0131ktan \u015fiirin hareketine, g\u00fcnl\u00fck siyasetten vicdan\u0131n sesine, yoksulluktan ideal ahlaka, k\u00fcresel sorunlardan mukadderata, olduk\u00e7a geni\u015f bir alana yay\u0131lan meseleleri ele alan Esr\u00e2r\u00eeler., \u201csonras\u0131zl\u0131\u011f\u0131n \u00fcrk\u00fcn\u00e7l\u00fc\u011f\u00fcne g\u00f6\u011f\u00fcs gerebilmi\u015f, sessizce ya\u015fay\u0131p sessizce gitme cesareti g\u00f6sterebilmi\u015f\u201d olanlarla d\u00fcnyam\u0131za \u0131\u015f\u0131k tutuyor.\u201cG\u00fcntan\u2019\u0131n \u015fiirsel ve b\u00fcy\u00fcleyici bir yaz\u0131n\u0131 var, neredeyse haiku gibi manal\u0131, olduk\u00e7a da geni\u015f kapsaml\u0131, uluslararas\u0131 siyasetten \u0130stanbul\u2019un bir k\u00f6\u015fesine dair g\u00f6zlemlere kadar. Proust\u2019tan hadislere, muazzam bir birikimi var, felsefi d\u00fc\u015f\u00fcncesiyse tekinsiz bir \u00f6zg\u00fcnl\u00fc\u011fe sahip. 21. y\u00fczy\u0131l\u0131n maneviyat\u0131d\u0131r bu.\u201d Edmund White<\/p>\n","protected":false},"excerpt":{"rendered":"<p>d\u00fczyaz\u0131dan \u00e7ok \u015fiire daha yatk\u0131n bir topluluk bu Esr\u00e2r\u00eeler, d\u00fczyaz\u0131ya zor al\u0131\u015f\u0131yorlar. D\u00fc\u015f\u00fcnd\u00fckleri ile yazd\u0131klar\u0131n\u0131n aras\u0131ndaki uzakl\u0131\u011f\u0131 kapatmak Esr\u00e2r\u00eeli\u011fin eski bir gelene\u011fi, talim gerektiriyor, ne demi\u015fler,<span class=\"excerpt-hellip\"> [\u2026]<\/span><\/p>\n","protected":false},"featured_media":0,"template":"","meta":{"_monsterinsights_skip_tracking":false,"_monsterinsights_sitenote_active":false,"_monsterinsights_sitenote_note":"","_monsterinsights_sitenote_category":0},"product_brand":[],"product_cat":[12291,12711],"product_tag":[],"class_list":{"0":"post-732030","1":"product","2":"type-product","3":"status-publish","5":"product_cat-edebiyat","6":"product_cat-roman-oyku","7":"pa_cilt-ciltsiz","8":"pa_tur-kitap","9":"pa_yayinevi-can-yayinlari","10":"pa_yazar-ahmet-guntan","12":"first","13":"instock","14":"sale","15":"shipping-taxable","16":"purchasable","17":"product-type-simple"},"_links":{"self":[{"href":"https:\/\/roveyayinevi.com.tr\/index.php\/wp-json\/wp\/v2\/product\/732030","targetHints":{"allow":["GET"]}}],"collection":[{"href":"https:\/\/roveyayinevi.com.tr\/index.php\/wp-json\/wp\/v2\/product"}],"about":[{"href":"https:\/\/roveyayinevi.com.tr\/index.php\/wp-json\/wp\/v2\/types\/product"}],"wp:attachment":[{"href":"https:\/\/roveyayinevi.com.tr\/index.php\/wp-json\/wp\/v2\/media?parent=732030"}],"wp:term":[{"taxonomy":"product_brand","embeddable":true,"href":"https:\/\/roveyayinevi.com.tr\/index.php\/wp-json\/wp\/v2\/product_brand?post=732030"},{"taxonomy":"product_cat","embeddable":true,"href":"https:\/\/roveyayinevi.com.tr\/index.php\/wp-json\/wp\/v2\/product_cat?post=732030"},{"taxonomy":"product_tag","embeddable":true,"href":"https:\/\/roveyayinevi.com.tr\/index.php\/wp-json\/wp\/v2\/product_tag?post=732030"}],"curies":[{"name":"wp","href":"https:\/\/api.w.org\/{rel}","templated":true}]}}