{"id":732028,"date":"2025-08-27T21:42:40","date_gmt":"2025-08-27T18:42:40","guid":{"rendered":"https:\/\/roveyayinevi.com.tr\/index.php\/urun\/genclerle-bas-basa-habercilik-ve-medya\/"},"modified":"2026-04-16T02:39:53","modified_gmt":"2026-04-15T23:39:53","slug":"genclerle-bas-basa-habercilik-ve-medya","status":"publish","type":"product","link":"https:\/\/roveyayinevi.com.tr\/index.php\/urun\/genclerle-bas-basa-habercilik-ve-medya\/","title":{"rendered":"Gen\u00e7lerle Ba\u015f Ba\u015fa: Habercilik ve Medya"},"content":{"rendered":"<p>Haber alma hakk\u0131 neden vazge\u00e7ilmez bir insan hakk\u0131d\u0131r? Gazetecilik ile demokrasi aras\u0131nda nas\u0131l bir ili\u015fki var? Medyan\u0131n sermaye ile ili\u015fkisi gazetecili\u011fi nas\u0131l etkiledi? Objektif ve tarafs\u0131z habercilik m\u00fcmk\u00fcn m\u00fc? Bas\u0131n \u00fczerinde sans\u00fcr kurulmas\u0131, gazete ve gazetecilere yap\u0131lan bask\u0131lar hep var m\u0131yd\u0131? Dijitalle\u015fme gazetecilik mesle\u011fini nas\u0131l d\u00f6n\u00fc\u015ft\u00fcrd\u00fc? Rekabet ve h\u0131z haber i\u00e7eriklerini nas\u0131l etkiliyor? Yeni medya nedir? Dijital mecralar acaba toplumlar\u0131 demokratikle\u015ftiriyor mu? Veri g\u00fcvenli\u011fi neden \u00f6nemli? Medyan\u0131n dili e\u015fitsizli\u011fi nas\u0131l yeniden \u00fcretiyor? Kamu habercili\u011fi ve hak temelli habercilik ne demektir? D\u00fcnya tarihine ge\u00e7mi\u015f gazetecilik ba\u015far\u0131lar\u0131 nelerdir? Vahdet Mesut Ayan, bir ileti\u015fim fak\u00fcltesi \u00f6\u011frencisiyle sohbet eder gibi kurgulad\u0131\u011f\u0131 kitab\u0131nda, ge\u00e7mi\u015ften g\u00fcn\u00fcm\u00fcze, matbaan\u0131n icad\u0131ndan dijital ara\u00e7lara, habercilik ve medyan\u0131n geli\u015fimini gen\u00e7 okurlara ak\u0131c\u0131 bir dille anlat\u0131yor. Konusu itibar\u0131yla d\u00fcnyadaki ve T\u00fcrkiye\u2019deki pek \u00e7ok \u00f6nemli toplumsal-siyasal olaya da de\u011finen bu kitap, yaln\u0131zca gazetecilikle ilgilenen gen\u00e7ler i\u00e7in de\u011fil, herkes i\u00e7in bilgilendirici bir i\u00e7erik sunuyor. Halk\u0131n haber alma, bilgilenme ve ger\u00e7ekleri \u00f6\u011frenme hakk\u0131n\u0131n ne denli ya\u015famsal oldu\u011funu bir kez daha an\u0131msamak i\u00e7in&#8230;   <\/p>\n","protected":false},"excerpt":{"rendered":"<p>Haber alma hakk\u0131 neden vazge\u00e7ilmez bir insan hakk\u0131d\u0131r? Gazetecilik ile demokrasi aras\u0131nda nas\u0131l bir ili\u015fki var? Medyan\u0131n sermaye ile ili\u015fkisi gazetecili\u011fi nas\u0131l etkiledi? Objektif ve tarafs\u0131z<span class=\"excerpt-hellip\"> [\u2026]<\/span><\/p>\n","protected":false},"featured_media":0,"template":"","meta":{"_monsterinsights_skip_tracking":false,"_monsterinsights_sitenote_active":false,"_monsterinsights_sitenote_note":"","_monsterinsights_sitenote_category":0},"product_brand":[],"product_cat":[15983,13488],"product_tag":[],"class_list":{"0":"post-732028","1":"product","2":"type-product","3":"status-publish","5":"product_cat-iletisim-ve-medya","6":"product_cat-toplum-ve-insan","7":"pa_cilt-ciltsiz","8":"pa_tur-kitap","9":"pa_yayinevi-yordam-kitap","10":"pa_yazar-vahdet-mesut-ayan","12":"first","13":"instock","14":"sale","15":"shipping-taxable","16":"purchasable","17":"product-type-simple"},"_links":{"self":[{"href":"https:\/\/roveyayinevi.com.tr\/index.php\/wp-json\/wp\/v2\/product\/732028","targetHints":{"allow":["GET"]}}],"collection":[{"href":"https:\/\/roveyayinevi.com.tr\/index.php\/wp-json\/wp\/v2\/product"}],"about":[{"href":"https:\/\/roveyayinevi.com.tr\/index.php\/wp-json\/wp\/v2\/types\/product"}],"wp:attachment":[{"href":"https:\/\/roveyayinevi.com.tr\/index.php\/wp-json\/wp\/v2\/media?parent=732028"}],"wp:term":[{"taxonomy":"product_brand","embeddable":true,"href":"https:\/\/roveyayinevi.com.tr\/index.php\/wp-json\/wp\/v2\/product_brand?post=732028"},{"taxonomy":"product_cat","embeddable":true,"href":"https:\/\/roveyayinevi.com.tr\/index.php\/wp-json\/wp\/v2\/product_cat?post=732028"},{"taxonomy":"product_tag","embeddable":true,"href":"https:\/\/roveyayinevi.com.tr\/index.php\/wp-json\/wp\/v2\/product_tag?post=732028"}],"curies":[{"name":"wp","href":"https:\/\/api.w.org\/{rel}","templated":true}]}}