{"id":732027,"date":"2025-08-27T21:42:39","date_gmt":"2025-08-27T18:42:39","guid":{"rendered":"https:\/\/roveyayinevi.com.tr\/index.php\/urun\/genclerle-bas-basa-sanat-nedir\/"},"modified":"2026-04-16T02:39:53","modified_gmt":"2026-04-15T23:39:53","slug":"genclerle-bas-basa-sanat-nedir","status":"publish","type":"product","link":"https:\/\/roveyayinevi.com.tr\/index.php\/urun\/genclerle-bas-basa-sanat-nedir\/","title":{"rendered":"Gen\u00e7lerle Ba\u015f Ba\u015fa: Sanat Nedir?"},"content":{"rendered":"<p>\u201cBir ulu \u0131rmak ak\u0131yor insan eli ilk ma\u011faraya ilk bizonu \u00e7izdi\u011finden beri\u201d: N\u00e2z\u0131m Hikmet\u2019in bu g\u00fczel dizesiyle sanat\u0131n s\u00fcreklili\u011fini vurgulayan Turgay Fi\u015fek\u00e7i, gen\u00e7 okurlar\u0131n\u0131 sanat tarihinde keyifli bir yolculu\u011fa \u00e7\u0131kar\u0131yor. G\u0131lgam\u0131\u015f Destan\u0131\u2019ndan \u0130lyada\u2019ya, ma\u011fara resimlerinden Picasso\u2019ya, Don Ki\u015fot\u2019tan \u0130nce Memed\u2019e, klasik m\u00fczikten caza, Ayasofya\u2019dan Notre Dame Katedrali\u2019ne say\u0131s\u0131z u\u011frak var bu yolculukta&#8230; Pek \u00e7ok sorunun da yan\u0131t\u0131 veriliyor: Sanat nedir ve nas\u0131l do\u011fdu? Antik \u00c7a\u011f d\u00fcnyas\u0131n\u0131n yedi harikas\u0131 hangileridir? Antigone\u2019yi neden okumal\u0131y\u0131z? R\u00f6nesans\u2019la birlikte sanat ve yery\u00fcz\u00fc nas\u0131l de\u011fi\u015fti? Shakespeare neden hi\u00e7 eskimiyor? Ozanlar birbirini etkiler mi? \u015eiir yazmay\u0131 \u00f6\u011frenebilir miyiz? \u00c7ok sesli m\u00fczik nedir; \u00e7ok sesli m\u00fczikle demokratik toplumlar aras\u0131nda bir ili\u015fki var m\u0131? Roman denildi\u011finde ne anl\u0131yoruz? Don Ki\u015fot\u2019tan g\u00fcn\u00fcm\u00fcze \u00f6nemli romanc\u0131lar kimlerdir? Sinemaya neden \u201cyedinci sanat\u201d deniyor? Sinema bir sanatsa onun dili nedir? En \u00f6nemli eserleri hangi m\u00fczelerde g\u00f6rebiliriz? Gen\u00e7lerle Ba\u015f Ba\u015fa: Sanat Nedir? hem bilgilendirici, ayd\u0131nlat\u0131c\u0131 hem de merakla okunacak bir kitap. Turgay Fi\u015fek\u00e7i, bireyin yeti\u015fmesinde, olgunla\u015fmas\u0131nda okuma yazma, toplama \u00e7\u0131karma bilmek kadar \u00f6nemli g\u00f6r\u00fcyor sanat\u0131n yerini&#8230; Yereli evrensele, tarihi bug\u00fcne ba\u011flayan sanatsal perspektifini sade, ak\u0131c\u0131 bir dille \u00f6r\u00fcyor. Gen\u00e7lere k\u0131lavuzluk etmek \u00fczere haz\u0131rlanm\u0131\u015f, edebiyat, m\u00fczik ve sinema eserlerinden olu\u015fan \u00f6neri listeleri kitab\u0131n s\u00fcrprizleri aras\u0131nda.<\/p>\n","protected":false},"excerpt":{"rendered":"<p>\u201cBir ulu \u0131rmak ak\u0131yor insan eli ilk ma\u011faraya ilk bizonu \u00e7izdi\u011finden beri\u201d: N\u00e2z\u0131m Hikmet\u2019in bu g\u00fczel dizesiyle sanat\u0131n s\u00fcreklili\u011fini vurgulayan Turgay Fi\u015fek\u00e7i, gen\u00e7 okurlar\u0131n\u0131 sanat tarihinde<span class=\"excerpt-hellip\"> [\u2026]<\/span><\/p>\n","protected":false},"featured_media":0,"template":"","meta":{"_monsterinsights_skip_tracking":false,"_monsterinsights_sitenote_active":false,"_monsterinsights_sitenote_note":"","_monsterinsights_sitenote_category":0},"product_brand":[],"product_cat":[13590,12337],"product_tag":[],"class_list":{"0":"post-732027","1":"product","2":"type-product","3":"status-publish","5":"product_cat-arastirma-inceleme-politika-siyaset","6":"product_cat-politika-siyaset","7":"pa_cilt-ciltsiz","8":"pa_tur-kitap","9":"pa_yayinevi-yordam-kitap","10":"pa_yazar-turgay-fisekci","12":"first","13":"instock","14":"sale","15":"shipping-taxable","16":"purchasable","17":"product-type-simple"},"_links":{"self":[{"href":"https:\/\/roveyayinevi.com.tr\/index.php\/wp-json\/wp\/v2\/product\/732027","targetHints":{"allow":["GET"]}}],"collection":[{"href":"https:\/\/roveyayinevi.com.tr\/index.php\/wp-json\/wp\/v2\/product"}],"about":[{"href":"https:\/\/roveyayinevi.com.tr\/index.php\/wp-json\/wp\/v2\/types\/product"}],"wp:attachment":[{"href":"https:\/\/roveyayinevi.com.tr\/index.php\/wp-json\/wp\/v2\/media?parent=732027"}],"wp:term":[{"taxonomy":"product_brand","embeddable":true,"href":"https:\/\/roveyayinevi.com.tr\/index.php\/wp-json\/wp\/v2\/product_brand?post=732027"},{"taxonomy":"product_cat","embeddable":true,"href":"https:\/\/roveyayinevi.com.tr\/index.php\/wp-json\/wp\/v2\/product_cat?post=732027"},{"taxonomy":"product_tag","embeddable":true,"href":"https:\/\/roveyayinevi.com.tr\/index.php\/wp-json\/wp\/v2\/product_tag?post=732027"}],"curies":[{"name":"wp","href":"https:\/\/api.w.org\/{rel}","templated":true}]}}