{"id":732022,"date":"2025-08-27T21:42:33","date_gmt":"2025-08-27T18:42:33","guid":{"rendered":"https:\/\/roveyayinevi.com.tr\/index.php\/urun\/comemadre\/"},"modified":"2026-04-03T02:47:10","modified_gmt":"2026-04-02T23:47:10","slug":"comemadre","status":"publish","type":"product","link":"https:\/\/roveyayinevi.com.tr\/index.php\/urun\/comemadre\/","title":{"rendered":"Comemadre"},"content":{"rendered":"<p>Burnu ve g\u00f6z\u00fc yok ama a\u011fz\u0131 var. 1907\u2019de Temperley Klini\u011fi\u2019ne iyile\u015fmek umuduyla yatan, ba\u015f\u0131na geleceklerden habersiz bir\u00e7ok hastadan birinin son s\u00f6z\u00fc. O y\u0131l klinikteki doktorlar bilim ya\u015fam i\u00e7in mi, yoksa \u00f6l\u00fcm i\u00e7in mi kar\u0131\u015ft\u0131rm\u0131\u015f vaziyettedir. Y\u00fcz y\u0131l sonra ise korkun\u00e7 deneyi y\u00f6neten doktorlardan birisinin torunu, bu kez sanat i\u00e7in benzer bir sorunun pe\u015fine d\u00fc\u015f\u00fcyor. Deh\u015fet ve korkuya \u201cburnu ve g\u00f6z\u00fc\u201d k\u00f6r fakat kana susam\u0131\u015f, a\u011fz\u0131 hi\u00e7 durmayan bir grup doktorun etik s\u0131n\u0131rlar\u0131 a\u015fan deney hik\u00e2yesini okurken \u201ccomemadre\u201dnin zehri damarlar\u0131n\u0131zda dola\u015facak.<\/p>\n","protected":false},"excerpt":{"rendered":"<p>Burnu ve g\u00f6z\u00fc yok ama a\u011fz\u0131 var. 1907\u2019de Temperley Klini\u011fi\u2019ne iyile\u015fmek umuduyla yatan, ba\u015f\u0131na geleceklerden habersiz bir\u00e7ok hastadan birinin son s\u00f6z\u00fc. O y\u0131l klinikteki doktorlar bilim<span class=\"excerpt-hellip\"> [\u2026]<\/span><\/p>\n","protected":false},"featured_media":0,"template":"","meta":{"_monsterinsights_skip_tracking":false,"_monsterinsights_sitenote_active":false,"_monsterinsights_sitenote_note":"","_monsterinsights_sitenote_category":0},"product_brand":[],"product_cat":[12291,12711],"product_tag":[],"class_list":{"0":"post-732022","1":"product","2":"type-product","3":"status-publish","5":"product_cat-edebiyat","6":"product_cat-roman-oyku","7":"pa_cilt-ciltsiz","8":"pa_tur-kitap","9":"pa_yayinevi-fol-kitap","10":"pa_yazar-roque-larraquy","12":"first","13":"instock","14":"sale","15":"shipping-taxable","16":"purchasable","17":"product-type-simple"},"_links":{"self":[{"href":"https:\/\/roveyayinevi.com.tr\/index.php\/wp-json\/wp\/v2\/product\/732022","targetHints":{"allow":["GET"]}}],"collection":[{"href":"https:\/\/roveyayinevi.com.tr\/index.php\/wp-json\/wp\/v2\/product"}],"about":[{"href":"https:\/\/roveyayinevi.com.tr\/index.php\/wp-json\/wp\/v2\/types\/product"}],"wp:attachment":[{"href":"https:\/\/roveyayinevi.com.tr\/index.php\/wp-json\/wp\/v2\/media?parent=732022"}],"wp:term":[{"taxonomy":"product_brand","embeddable":true,"href":"https:\/\/roveyayinevi.com.tr\/index.php\/wp-json\/wp\/v2\/product_brand?post=732022"},{"taxonomy":"product_cat","embeddable":true,"href":"https:\/\/roveyayinevi.com.tr\/index.php\/wp-json\/wp\/v2\/product_cat?post=732022"},{"taxonomy":"product_tag","embeddable":true,"href":"https:\/\/roveyayinevi.com.tr\/index.php\/wp-json\/wp\/v2\/product_tag?post=732022"}],"curies":[{"name":"wp","href":"https:\/\/api.w.org\/{rel}","templated":true}]}}