{"id":732020,"date":"2025-08-27T21:42:31","date_gmt":"2025-08-27T18:42:31","guid":{"rendered":"https:\/\/roveyayinevi.com.tr\/index.php\/urun\/kivilcim-2\/"},"modified":"2026-04-16T02:39:53","modified_gmt":"2026-04-15T23:39:53","slug":"kivilcim-2","status":"publish","type":"product","link":"https:\/\/roveyayinevi.com.tr\/index.php\/urun\/kivilcim-2\/","title":{"rendered":"K\u0131v\u0131lc\u0131m"},"content":{"rendered":"<p>Abdullah d\u00f6n\u00fcp ah\u015fap sandalyeye oturdu.-Bir k\u0131v\u0131lc\u0131m! Bir k\u0131v\u0131lc\u0131m dahi \u00e7akamaz m\u0131y\u0131z garda\u015f? Mehmet gelip Boyabatl\u0131n\u0131n kar\u015f\u0131s\u0131nda durdu.-K\u0131v\u0131lc\u0131m\u0131 \u00e7akmas\u0131na \u00e7akar\u0131z da garda\u015f. Bu k\u0131v\u0131lc\u0131m,  bunca kefereyi yakmaya yeter mi ki?Y\u0131l 1914\u2026Birinci d\u00fcnya sava\u015f\u0131n\u0131n ayak sesleri yedi k\u0131tadan duyulurken, memleketlerinden binlerce kilometre uzaktaki iki Osmanl\u0131 neferi vatanlar\u0131n\u0131 korumak i\u00e7in bir plan yapt\u0131lar. \u0130stanbul\u2019u i\u015fgal etmek amac\u0131yla yola \u00e7\u0131kan ha\u00e7l\u0131 ordular\u0131n\u0131 durdurmak i\u00e7in g\u00f6\u011f\u00fcslerini siper edecek, gerekirse bu u\u011furda g\u00f6zlerini k\u0131rpmadan can vereceklerdi. T\u00fcrkiye\u2019den Hindistan\u2019a oradan da Avustralya\u2019ya uzanan destans\u0131 bir m\u00fccadeleyi okuyaca\u011f\u0131n\u0131z bu kitap, bug\u00fcnlerimizi bor\u00e7lu oldu\u011fumuz ve tarihin ba\u011fr\u0131nda unutulmaya y\u00fcz tutmu\u015f aziz kahramanlar\u0131m\u0131z\u0131 hat\u0131rlamak i\u00e7in yaz\u0131ld\u0131. Ruhlar\u0131 \u015fad olsun.<\/p>\n","protected":false},"excerpt":{"rendered":"<p>Abdullah d\u00f6n\u00fcp ah\u015fap sandalyeye oturdu.-Bir k\u0131v\u0131lc\u0131m! Bir k\u0131v\u0131lc\u0131m dahi \u00e7akamaz m\u0131y\u0131z garda\u015f? Mehmet gelip Boyabatl\u0131n\u0131n kar\u015f\u0131s\u0131nda durdu.-K\u0131v\u0131lc\u0131m\u0131 \u00e7akmas\u0131na \u00e7akar\u0131z da garda\u015f. Bu k\u0131v\u0131lc\u0131m, bunca kefereyi yakmaya<span class=\"excerpt-hellip\"> [\u2026]<\/span><\/p>\n","protected":false},"featured_media":0,"template":"","meta":{"_monsterinsights_skip_tracking":false,"_monsterinsights_sitenote_active":false,"_monsterinsights_sitenote_note":"","_monsterinsights_sitenote_category":0},"product_brand":[],"product_cat":[12291,12711],"product_tag":[],"class_list":{"0":"post-732020","1":"product","2":"type-product","3":"status-publish","5":"product_cat-edebiyat","6":"product_cat-roman-oyku","7":"pa_cilt-ciltsiz","8":"pa_tur-kitap","9":"pa_yayinevi-yeditepe-yayinevi","10":"pa_yazar-lokman-aydogan","12":"first","13":"instock","14":"sale","15":"shipping-taxable","16":"purchasable","17":"product-type-simple"},"_links":{"self":[{"href":"https:\/\/roveyayinevi.com.tr\/index.php\/wp-json\/wp\/v2\/product\/732020","targetHints":{"allow":["GET"]}}],"collection":[{"href":"https:\/\/roveyayinevi.com.tr\/index.php\/wp-json\/wp\/v2\/product"}],"about":[{"href":"https:\/\/roveyayinevi.com.tr\/index.php\/wp-json\/wp\/v2\/types\/product"}],"wp:attachment":[{"href":"https:\/\/roveyayinevi.com.tr\/index.php\/wp-json\/wp\/v2\/media?parent=732020"}],"wp:term":[{"taxonomy":"product_brand","embeddable":true,"href":"https:\/\/roveyayinevi.com.tr\/index.php\/wp-json\/wp\/v2\/product_brand?post=732020"},{"taxonomy":"product_cat","embeddable":true,"href":"https:\/\/roveyayinevi.com.tr\/index.php\/wp-json\/wp\/v2\/product_cat?post=732020"},{"taxonomy":"product_tag","embeddable":true,"href":"https:\/\/roveyayinevi.com.tr\/index.php\/wp-json\/wp\/v2\/product_tag?post=732020"}],"curies":[{"name":"wp","href":"https:\/\/api.w.org\/{rel}","templated":true}]}}