{"id":732019,"date":"2025-08-27T21:42:30","date_gmt":"2025-08-27T18:42:30","guid":{"rendered":"https:\/\/roveyayinevi.com.tr\/index.php\/urun\/yemen-yolunda-2\/"},"modified":"2026-04-16T02:39:53","modified_gmt":"2026-04-15T23:39:53","slug":"yemen-yolunda-2","status":"publish","type":"product","link":"https:\/\/roveyayinevi.com.tr\/index.php\/urun\/yemen-yolunda-2\/","title":{"rendered":"Yemen Yolunda"},"content":{"rendered":"<p>D\u00fcn Yemen bize ne kadar yak\u0131nd\u0131?..\u0130stanbul\u2019da memuriyette iken Yemen\u2019e Vilayet Mektup\u00e7usu olarak tayin olunan Abdulgani Sen\u00ee i\u00e7in Yemen bir Osmanl\u0131 topra\u011f\u0131yd\u0131 ve uzak say\u0131lmazd\u0131. Ailesiyle birlikte kara, deniz ve demiryolunu kullanarak bir ayl\u0131k zorlu bir yolculuk gerekiyordu, San\u2019a\u2019ya ula\u015fabilmesi i\u00e7in. \u0130klim, k\u00fclt\u00fcr, insanlar, tabiat ve hatta r\u00fczg\u00e2rlar bile farkl\u0131 olsa da Osmanl\u0131 hen\u00fcz oradayd\u0131. Suriye\u2019de, Filistin\u2019de, Irak\u2019ta ve Hicaz\u2019da oldu\u011fu gibi.Osmanl\u0131 ordular\u0131n\u0131n \u00e7\u00f6llere serpilmesinden birka\u00e7 y\u0131l \u00f6nce yap\u0131lan bu uzun seyahat kay\u0131p eyaletlerdeki son ve belki de en uzun yolculuktu.A. Sen\u00ee de bunu hissetmi\u015f gibi bir foto\u011fraf makinesi ile \u00e7\u0131kt\u0131 yola. O, g\u00f6revine gitmekte olan s\u0131radan bir memur de\u011fildi. Dikkatli bir seyyah, keskin analizleri olan bir Osmanl\u0131 ayd\u0131n\u0131yd\u0131. Vatan\u0131n son ufuklar\u0131na yolculuk etti\u011finin fark\u0131ndayd\u0131. G\u00f6rd\u00fc\u011f\u00fc, duydu\u011fu, tan\u0131k oldu\u011fu her \u015feyi dikkatli bir bi\u00e7imde kayda ge\u00e7irdi. Zaman zaman foto\u011fraf makinesini kulland\u0131. Ufuklar\u0131n k\u0131sa zaman sonra daralaca\u011f\u0131n\u0131 g\u00f6rd\u00fck\u00e7e y\u00fcre\u011fi kanad\u0131, sesi k\u0131s\u0131ld\u0131, kalemi sivrildi ve ortaya bu iki g\u00fc\u00e7l\u00fc seyahatname eseri \u00e7\u0131kt\u0131.Elinizdeki birle\u015fik iki kitap, kay\u0131p eyaletlerdeki son yolculu\u011fun hik\u00e2yesinden olu\u015fuyor. Okuduk\u00e7a y\u00fcrek s\u0131zl\u0131yor, kalp a\u011fr\u0131s\u0131 \u00e7\u00f6k\u00fcyor ve uzak ufuklar\u0131n g\u00f6lgesi y\u00fcre\u011fimizi \u00fcrpertiyor.Peki, bug\u00fcn Yemen bize ne kadar uzak?.<\/p>\n","protected":false},"excerpt":{"rendered":"<p>D\u00fcn Yemen bize ne kadar yak\u0131nd\u0131?..\u0130stanbul\u2019da memuriyette iken Yemen\u2019e Vilayet Mektup\u00e7usu olarak tayin olunan Abdulgani Sen\u00ee i\u00e7in Yemen bir Osmanl\u0131 topra\u011f\u0131yd\u0131 ve uzak say\u0131lmazd\u0131. Ailesiyle birlikte<span class=\"excerpt-hellip\"> [\u2026]<\/span><\/p>\n","protected":false},"featured_media":0,"template":"","meta":{"_monsterinsights_skip_tracking":false,"_monsterinsights_sitenote_active":false,"_monsterinsights_sitenote_note":"","_monsterinsights_sitenote_category":0},"product_brand":[],"product_cat":[13054,45811],"product_tag":[],"class_list":{"0":"post-732019","1":"product","2":"type-product","3":"status-publish","5":"product_cat-gezi-ve-rehber-kitaplari","6":"product_cat-ulke-rehberleri","7":"pa_cilt-ciltsiz","8":"pa_tur-kitap","9":"pa_yayinevi-yeditepe-yayinevi","10":"pa_yazar-abdulgani-seniy-yurtman","12":"first","13":"instock","14":"sale","15":"shipping-taxable","16":"purchasable","17":"product-type-simple"},"_links":{"self":[{"href":"https:\/\/roveyayinevi.com.tr\/index.php\/wp-json\/wp\/v2\/product\/732019","targetHints":{"allow":["GET"]}}],"collection":[{"href":"https:\/\/roveyayinevi.com.tr\/index.php\/wp-json\/wp\/v2\/product"}],"about":[{"href":"https:\/\/roveyayinevi.com.tr\/index.php\/wp-json\/wp\/v2\/types\/product"}],"wp:attachment":[{"href":"https:\/\/roveyayinevi.com.tr\/index.php\/wp-json\/wp\/v2\/media?parent=732019"}],"wp:term":[{"taxonomy":"product_brand","embeddable":true,"href":"https:\/\/roveyayinevi.com.tr\/index.php\/wp-json\/wp\/v2\/product_brand?post=732019"},{"taxonomy":"product_cat","embeddable":true,"href":"https:\/\/roveyayinevi.com.tr\/index.php\/wp-json\/wp\/v2\/product_cat?post=732019"},{"taxonomy":"product_tag","embeddable":true,"href":"https:\/\/roveyayinevi.com.tr\/index.php\/wp-json\/wp\/v2\/product_tag?post=732019"}],"curies":[{"name":"wp","href":"https:\/\/api.w.org\/{rel}","templated":true}]}}