{"id":732018,"date":"2025-08-27T21:42:29","date_gmt":"2025-08-27T18:42:29","guid":{"rendered":"https:\/\/roveyayinevi.com.tr\/index.php\/urun\/kanuninin-sigetvardaki-turbe-kasabasi\/"},"modified":"2026-04-16T02:39:53","modified_gmt":"2026-04-15T23:39:53","slug":"kanuninin-sigetvardaki-turbe-kasabasi","status":"publish","type":"product","link":"https:\/\/roveyayinevi.com.tr\/index.php\/urun\/kanuninin-sigetvardaki-turbe-kasabasi\/","title":{"rendered":"Kanuni\u2019nin Sigetvar\u2019daki T\u00fcrbe Kasabas\u0131"},"content":{"rendered":"<p>Kanun\u00ee Sultan S\u00fcleyman, Sigetvar muhasaras\u0131 esnas\u0131nda 7 Eyl\u00fcl 1566\u2019da vefat etti. Padi\u015fah\u0131n naa\u015f\u0131 gizlice tahnit edildi, namaz\u0131 k\u0131l\u0131nd\u0131 ve ota\u011fda taht\u0131n alt\u0131na defnedildi. Cenaze, daha sonra buradan \u0130stanbul\u2019daki ebed\u00ee istirahatg\u00e2h\u0131na nakledildi. Sultan S\u00fcleyman\u2019\u0131n bedeninin Sigetvar\u2019da 42 g\u00fcn boyunca toprakta kald\u0131\u011f\u0131 mek\u00e2nda 1570\u2019lerde bir t\u00fcrbe yap\u0131ld\u0131. Etraf\u0131nda mescid, tekke, palanka gibi binalar in\u015fa edildi ve zamanla yeni bir kasaba y\u00fckseldi. Buras\u0131, Osmanl\u0131 d\u00fcnyas\u0131n\u0131n en sevilen t\u00fcrbe ve ziyaret makamlar\u0131ndan birisi oldu. Habsburglar 1688-1689\u2019da Sigetvar\u2019\u0131 ele ge\u00e7irdiklerinde Kanun\u00ee\u2019nin t\u00fcrbesini ya\u011fmalay\u0131p tamamen y\u0131kt\u0131lar. Buna ra\u011fmen mahalli halk t\u00fcrbeyi uzun s\u00fcre hat\u0131rlam\u0131\u015flar ve denebilir ki, yerini ancak 20. y\u00fczy\u0131lda unutmu\u015flard\u0131. T\u00fcrbenin kal\u0131nt\u0131lar\u0131 son y\u0131llardaki ara\u015ft\u0131rmalar ve kaz\u0131larla g\u00fcn \u0131\u015f\u0131\u011f\u0131na \u00e7\u0131kmaktad\u0131r. Bu kitapta, 16-17. y\u00fczy\u0131l Osmanl\u0131 m\u00fcelliflerinin ve ar\u015fivi belgelerinin Sultan S\u00fcleyman\u2019\u0131n Sigetvar\u2019daki t\u00fcrbesi, etraf\u0131ndaki binalar ve kasaba hakk\u0131nda verdikleri bilgiler bir araya getirilmi\u015f ve incelenmi\u015ftir. Bu bak\u0131mdan elinizdeki eser, Muhte\u015fem S\u00fcleyman\u2019\u0131n Sigetvar\u2019daki hat\u0131ralar\u0131 hususunda \u015fimdiye kadar yap\u0131lm\u0131\u015f en kapsaml\u0131 \u00e7al\u0131\u015fmad\u0131r<\/p>\n","protected":false},"excerpt":{"rendered":"<p>Kanun\u00ee Sultan S\u00fcleyman, Sigetvar muhasaras\u0131 esnas\u0131nda 7 Eyl\u00fcl 1566\u2019da vefat etti. Padi\u015fah\u0131n naa\u015f\u0131 gizlice tahnit edildi, namaz\u0131 k\u0131l\u0131nd\u0131 ve ota\u011fda taht\u0131n alt\u0131na defnedildi. Cenaze, daha sonra<span class=\"excerpt-hellip\"> [\u2026]<\/span><\/p>\n","protected":false},"featured_media":0,"template":"","meta":{"_monsterinsights_skip_tracking":false,"_monsterinsights_sitenote_active":false,"_monsterinsights_sitenote_note":"","_monsterinsights_sitenote_category":0},"product_brand":[],"product_cat":[12370,12304],"product_tag":[],"class_list":{"0":"post-732018","1":"product","2":"type-product","3":"status-publish","5":"product_cat-arastirma-inceleme","6":"product_cat-tarih","7":"pa_cilt-ciltsiz","8":"pa_tur-kitap","9":"pa_yayinevi-yeditepe-yayinevi","10":"pa_yazar-pal-fodor","12":"first","13":"instock","14":"sale","15":"shipping-taxable","16":"purchasable","17":"product-type-simple"},"_links":{"self":[{"href":"https:\/\/roveyayinevi.com.tr\/index.php\/wp-json\/wp\/v2\/product\/732018","targetHints":{"allow":["GET"]}}],"collection":[{"href":"https:\/\/roveyayinevi.com.tr\/index.php\/wp-json\/wp\/v2\/product"}],"about":[{"href":"https:\/\/roveyayinevi.com.tr\/index.php\/wp-json\/wp\/v2\/types\/product"}],"wp:attachment":[{"href":"https:\/\/roveyayinevi.com.tr\/index.php\/wp-json\/wp\/v2\/media?parent=732018"}],"wp:term":[{"taxonomy":"product_brand","embeddable":true,"href":"https:\/\/roveyayinevi.com.tr\/index.php\/wp-json\/wp\/v2\/product_brand?post=732018"},{"taxonomy":"product_cat","embeddable":true,"href":"https:\/\/roveyayinevi.com.tr\/index.php\/wp-json\/wp\/v2\/product_cat?post=732018"},{"taxonomy":"product_tag","embeddable":true,"href":"https:\/\/roveyayinevi.com.tr\/index.php\/wp-json\/wp\/v2\/product_tag?post=732018"}],"curies":[{"name":"wp","href":"https:\/\/api.w.org\/{rel}","templated":true}]}}