{"id":732017,"date":"2025-08-27T21:42:28","date_gmt":"2025-08-27T18:42:28","guid":{"rendered":"https:\/\/roveyayinevi.com.tr\/index.php\/urun\/suc-ortagi-hollywood-kaanin-kitabi\/"},"modified":"2026-04-16T02:39:53","modified_gmt":"2026-04-15T23:39:53","slug":"suc-ortagi-hollywood-kaanin-kitabi","status":"publish","type":"product","link":"https:\/\/roveyayinevi.com.tr\/index.php\/urun\/suc-ortagi-hollywood-kaanin-kitabi\/","title":{"rendered":"Su\u00e7 Orta\u011f\u0131 Hollywood Kaan\u2019\u0131n Kitab\u0131"},"content":{"rendered":"<p>Birka\u00e7 roman\u0131ma talip Hollywood senaristinin imla bilmedi\u011fini hatta yazd\u0131\u011f\u0131 metnin imlas\u0131n\u0131 benim d\u00fczeltmek zorunda kald\u0131\u011f\u0131m\u0131 hayretler i\u00e7inde g\u00f6rd\u00fc\u011f\u00fcmde Hollywood\u2019u olu\u015fturan insan unsurunun liyakatini incelemeye koyulmu\u015ftum. \u00c7ok iyi oyuncular, sahneler, m\u00fczikler vard\u0131, bunlar\u0131 seyretmek elbette etkileyiciydi ama o s\u00fcre\u00e7te esas ke\u015ffetti\u011fim ba\u015fka bir \u015fey oldu: Hollywood, Amerikan end\u00fcstrileri aras\u0131nda en ayr\u0131cal\u0131kl\u0131 ve imtiyazl\u0131 oland\u0131. Neden, \u00e7\u00fcnk\u00fc ak\u0131l almaz y\u00fcksek b\u00fct\u00e7eli filmler \u00fcreten bu yap\u0131, ayn\u0131 zamanda Amerikan mitini yaratan zihniyetin bir numaral\u0131 su\u00e7 orta\u011f\u0131yd\u0131. Politikac\u0131larla, i\u015f adamlar\u0131yla, orduyla, istihbarat te\u015fkilatlar\u0131yla birlikte hareket ediyor, olan biteni onlar\u0131n istekleri ve \u00e7\u0131karlar\u0131 do\u011frultusunda sunarak tahrip edebiliyor, has\u0131l\u0131 sonunda \u00f6nce kendi halk\u0131n\u0131, sonra da d\u00fcnyay\u0131 kand\u0131rabiliyordu. Sava\u015f \u00e7\u0131karabiliyor, sava\u015flar\u0131 sonland\u0131rabiliyor, kahramanlar yaratabiliyor, korkaklar, ter\u00f6ristler, hainler saptayabiliyor ve d\u00fcnyan\u0131n ekranda g\u00f6rd\u00fcklerine inanmas\u0131n\u0131 sa\u011flayan bir trans h\u00e2li yaratabiliyordu. \u0130\u015fin en ac\u0131kl\u0131 yan\u0131, bizimki gibi \u00fclkelerde ya\u015fayanlar da d\u00e2hil olmak \u00fczere d\u00fcnya entelijansiyas\u0131n\u0131n \u00f6nemli bir k\u0131sm\u0131 bu oyunu yutuyor, Hollywood\u2019a asla hak etmedi\u011fi bir hu\u015fu ile yakla\u015f\u0131yordu. Bir bak\u0131yordunuz incir \u00e7ekirde\u011fini doldurmayan konularda uzun uzun s\u00f6yle\u015filer yay\u0131nlanm\u0131\u015f, moda g\u00f6r\u00fcn\u00fcme uymak i\u00e7in sa\u00e7\u0131n\u0131 boyatan, burnunu kestiren k\u0131zca\u011f\u0131zlar, kovboylu\u011fa soyunan varo\u015f delikanl\u0131lar\u0131 sarm\u0131\u015f ortal\u0131\u011f\u0131. Hepsinden \u00f6te de Amerika\u2019n\u0131n d\u00fcnyan\u0131n en zeki, en ak\u0131ll\u0131, en yenilmez g\u00fcc\u00fc oldu\u011funa dair bir inan\u00e7&#8230; Her neyse, tek bir kitapta devasa bir tezi hakk\u0131yla savunmak ku\u015fkusuz m\u00fcmk\u00fcn de\u011fil, istedi\u011fim konuyu size bir par\u00e7a d\u00fc\u015f\u00fcnd\u00fcrmek. Hollywood ger\u00e7e\u011fini \u00fczerinde pek durulmayan bu taraf\u0131yla i\u00e7selle\u015ftirebilirseniz, bunun Nasihatname\u2019leri anlaman\u0131za da katk\u0131da bulunaca\u011f\u0131n\u0131 d\u00fc\u015f\u00fcn\u00fcyorum. Alev Alatl\u0131 <\/p>\n","protected":false},"excerpt":{"rendered":"<p>Birka\u00e7 roman\u0131ma talip Hollywood senaristinin imla bilmedi\u011fini hatta yazd\u0131\u011f\u0131 metnin imlas\u0131n\u0131 benim d\u00fczeltmek zorunda kald\u0131\u011f\u0131m\u0131 hayretler i\u00e7inde g\u00f6rd\u00fc\u011f\u00fcmde Hollywood\u2019u olu\u015fturan insan unsurunun liyakatini incelemeye koyulmu\u015ftum. \u00c7ok<span class=\"excerpt-hellip\"> [\u2026]<\/span><\/p>\n","protected":false},"featured_media":0,"template":"","meta":{"_monsterinsights_skip_tracking":false,"_monsterinsights_sitenote_active":false,"_monsterinsights_sitenote_note":"","_monsterinsights_sitenote_category":0},"product_brand":[],"product_cat":[13590,12337],"product_tag":[],"class_list":{"0":"post-732017","1":"product","2":"type-product","3":"status-publish","5":"product_cat-arastirma-inceleme-politika-siyaset","6":"product_cat-politika-siyaset","7":"pa_cilt-ciltsiz","8":"pa_tur-kitap","9":"pa_yayinevi-turkuvaz-kitap","10":"pa_yazar-alev-alatli","12":"first","13":"instock","14":"sale","15":"shipping-taxable","16":"purchasable","17":"product-type-simple"},"_links":{"self":[{"href":"https:\/\/roveyayinevi.com.tr\/index.php\/wp-json\/wp\/v2\/product\/732017","targetHints":{"allow":["GET"]}}],"collection":[{"href":"https:\/\/roveyayinevi.com.tr\/index.php\/wp-json\/wp\/v2\/product"}],"about":[{"href":"https:\/\/roveyayinevi.com.tr\/index.php\/wp-json\/wp\/v2\/types\/product"}],"wp:attachment":[{"href":"https:\/\/roveyayinevi.com.tr\/index.php\/wp-json\/wp\/v2\/media?parent=732017"}],"wp:term":[{"taxonomy":"product_brand","embeddable":true,"href":"https:\/\/roveyayinevi.com.tr\/index.php\/wp-json\/wp\/v2\/product_brand?post=732017"},{"taxonomy":"product_cat","embeddable":true,"href":"https:\/\/roveyayinevi.com.tr\/index.php\/wp-json\/wp\/v2\/product_cat?post=732017"},{"taxonomy":"product_tag","embeddable":true,"href":"https:\/\/roveyayinevi.com.tr\/index.php\/wp-json\/wp\/v2\/product_tag?post=732017"}],"curies":[{"name":"wp","href":"https:\/\/api.w.org\/{rel}","templated":true}]}}