{"id":732014,"date":"2025-08-27T21:42:25","date_gmt":"2025-08-27T18:42:25","guid":{"rendered":"https:\/\/roveyayinevi.com.tr\/index.php\/urun\/bir-yildiz-dogdu\/"},"modified":"2026-04-16T02:39:53","modified_gmt":"2026-04-15T23:39:53","slug":"bir-yildiz-dogdu","status":"publish","type":"product","link":"https:\/\/roveyayinevi.com.tr\/index.php\/urun\/bir-yildiz-dogdu\/","title":{"rendered":"Bir Y\u0131ld\u0131z Do\u011fdu"},"content":{"rendered":"<p>Y\u0131ld\u0131z\u0131n i\u00e7inde iki \u00e2\u015f\u0131k Y\u0131ld\u0131za yaz\u0131ld\u0131 roz alt\u0131n \u00fczerine Yetmi\u015f bir p\u0131rlanta s\u00fcslemi\u015fti y\u0131ld\u0131z\u0131 Her g\u00fcn kalpleri beraber at\u0131yordu Y\u0131ld\u0131za m\u00fchr\u00fcn\u00fc basm\u0131\u015ft\u0131 \u00e2\u015f\u0131k Bir y\u00fcz\u00fck, y\u0131ld\u0131z y\u0131ld\u0131z \u00dcst\u00fcnde b\u00fcy\u00fck bir y\u0131ld\u0131z Y\u0131ld\u0131z\u0131n alt\u0131nda iki b\u00fcy\u00fck \u00e2\u015f\u0131k G\u00f6ky\u00fcz\u00fcne yak\u0131n Sakl\u0131 bir hilalde&#8230; <\/p>\n","protected":false},"excerpt":{"rendered":"<p>Y\u0131ld\u0131z\u0131n i\u00e7inde iki \u00e2\u015f\u0131k Y\u0131ld\u0131za yaz\u0131ld\u0131 roz alt\u0131n \u00fczerine Yetmi\u015f bir p\u0131rlanta s\u00fcslemi\u015fti y\u0131ld\u0131z\u0131 Her g\u00fcn kalpleri beraber at\u0131yordu Y\u0131ld\u0131za m\u00fchr\u00fcn\u00fc basm\u0131\u015ft\u0131 \u00e2\u015f\u0131k Bir y\u00fcz\u00fck, y\u0131ld\u0131z<span class=\"excerpt-hellip\"> [\u2026]<\/span><\/p>\n","protected":false},"featured_media":0,"template":"","meta":{"_monsterinsights_skip_tracking":false,"_monsterinsights_sitenote_active":false,"_monsterinsights_sitenote_note":"","_monsterinsights_sitenote_category":0},"product_brand":[],"product_cat":[12291,12509],"product_tag":[],"class_list":{"0":"post-732014","1":"product","2":"type-product","3":"status-publish","5":"product_cat-edebiyat","6":"product_cat-siir","7":"pa_cilt-ciltsiz","8":"pa_tur-kitap","9":"pa_yayinevi-luna-yayinlari","10":"pa_yazar-ufuk-eryildiz","12":"first","13":"instock","14":"sale","15":"shipping-taxable","16":"purchasable","17":"product-type-simple"},"_links":{"self":[{"href":"https:\/\/roveyayinevi.com.tr\/index.php\/wp-json\/wp\/v2\/product\/732014","targetHints":{"allow":["GET"]}}],"collection":[{"href":"https:\/\/roveyayinevi.com.tr\/index.php\/wp-json\/wp\/v2\/product"}],"about":[{"href":"https:\/\/roveyayinevi.com.tr\/index.php\/wp-json\/wp\/v2\/types\/product"}],"wp:attachment":[{"href":"https:\/\/roveyayinevi.com.tr\/index.php\/wp-json\/wp\/v2\/media?parent=732014"}],"wp:term":[{"taxonomy":"product_brand","embeddable":true,"href":"https:\/\/roveyayinevi.com.tr\/index.php\/wp-json\/wp\/v2\/product_brand?post=732014"},{"taxonomy":"product_cat","embeddable":true,"href":"https:\/\/roveyayinevi.com.tr\/index.php\/wp-json\/wp\/v2\/product_cat?post=732014"},{"taxonomy":"product_tag","embeddable":true,"href":"https:\/\/roveyayinevi.com.tr\/index.php\/wp-json\/wp\/v2\/product_tag?post=732014"}],"curies":[{"name":"wp","href":"https:\/\/api.w.org\/{rel}","templated":true}]}}