{"id":732013,"date":"2025-08-27T21:42:24","date_gmt":"2025-08-27T18:42:24","guid":{"rendered":"https:\/\/roveyayinevi.com.tr\/index.php\/urun\/minnesota-cok-yonlu-kisilik-envanteri\/"},"modified":"2026-04-16T02:39:53","modified_gmt":"2026-04-15T23:39:53","slug":"minnesota-cok-yonlu-kisilik-envanteri","status":"publish","type":"product","link":"https:\/\/roveyayinevi.com.tr\/index.php\/urun\/minnesota-cok-yonlu-kisilik-envanteri\/","title":{"rendered":"Minnesota &#8211; \u00c7ok Y\u00f6nl\u00fc Ki\u015filik Envanteri"},"content":{"rendered":"<p>1. Minnesota \u00e7ok y\u00f6nl\u00fc ki\u015filik envanteri2. Minnesota \u00e7ok y\u00f6nl\u00fc ki\u015filik envanterinin formlar\u0131 ve uygulanmas\u01313. Minnesota \u00e7ok y\u00f6nl\u00fc ki\u015filik envanterinin ger\u00e7eklik testlerinin de\u011ferlendirmesi4. Minnesota \u00e7ok y\u00f6nl\u00fc ki\u015filik envanterinin ger\u00e7eklik testleri konfig\u00fcrasyonlar5. Minnesota \u00e7ok y\u00f6nl\u00fc ki\u015filik envanteri Klinik testlerin de\u011ferlendirmesi6. Minnesota \u00e7ok y\u00f6nl\u00fc ki\u015filik envanterini yorumlama yakla\u015f\u0131m\u01317. Minnesota \u00e7ok y\u00f6nl\u00fc ki\u015filik envanterinden geli\u015ftirilen di\u011fer testler8. Minnesota \u00e7ok y\u00f6nl\u00fc ki\u015filik envanterinin T\u00fcrkiye Uygulamas\u01319. Minnesota \u00e7ok y\u00f6nl\u00fc ki\u015filik envanterinin T\u00fcrkiye\u2019de kullan\u0131ld\u0131\u011f\u0131 ara\u015ft\u0131rma ve yay\u0131nlar10. Kaynaklar<\/p>\n","protected":false},"excerpt":{"rendered":"<p>1. Minnesota \u00e7ok y\u00f6nl\u00fc ki\u015filik envanteri2. Minnesota \u00e7ok y\u00f6nl\u00fc ki\u015filik envanterinin formlar\u0131 ve uygulanmas\u01313. Minnesota \u00e7ok y\u00f6nl\u00fc ki\u015filik envanterinin ger\u00e7eklik testlerinin de\u011ferlendirmesi4. Minnesota \u00e7ok y\u00f6nl\u00fc ki\u015filik<span class=\"excerpt-hellip\"> [\u2026]<\/span><\/p>\n","protected":false},"featured_media":0,"template":"","meta":{"_monsterinsights_skip_tracking":false,"_monsterinsights_sitenote_active":false,"_monsterinsights_sitenote_note":"","_monsterinsights_sitenote_category":0},"product_brand":[],"product_cat":[20502,12357],"product_tag":[],"class_list":{"0":"post-732013","1":"product","2":"type-product","3":"status-publish","5":"product_cat-basvuru-kitaplari-psikoloji","6":"product_cat-psikoloji","7":"pa_cilt-ciltsiz","8":"pa_tur-kitap","9":"pa_yayinevi-gazi-kitabevi","10":"pa_yazar-birsen-ceyhun-ozdemir-nursen-oral","12":"first","13":"instock","14":"sale","15":"shipping-taxable","16":"purchasable","17":"product-type-simple"},"_links":{"self":[{"href":"https:\/\/roveyayinevi.com.tr\/index.php\/wp-json\/wp\/v2\/product\/732013","targetHints":{"allow":["GET"]}}],"collection":[{"href":"https:\/\/roveyayinevi.com.tr\/index.php\/wp-json\/wp\/v2\/product"}],"about":[{"href":"https:\/\/roveyayinevi.com.tr\/index.php\/wp-json\/wp\/v2\/types\/product"}],"wp:attachment":[{"href":"https:\/\/roveyayinevi.com.tr\/index.php\/wp-json\/wp\/v2\/media?parent=732013"}],"wp:term":[{"taxonomy":"product_brand","embeddable":true,"href":"https:\/\/roveyayinevi.com.tr\/index.php\/wp-json\/wp\/v2\/product_brand?post=732013"},{"taxonomy":"product_cat","embeddable":true,"href":"https:\/\/roveyayinevi.com.tr\/index.php\/wp-json\/wp\/v2\/product_cat?post=732013"},{"taxonomy":"product_tag","embeddable":true,"href":"https:\/\/roveyayinevi.com.tr\/index.php\/wp-json\/wp\/v2\/product_tag?post=732013"}],"curies":[{"name":"wp","href":"https:\/\/api.w.org\/{rel}","templated":true}]}}