{"id":732012,"date":"2025-08-27T21:42:23","date_gmt":"2025-08-27T18:42:23","guid":{"rendered":"https:\/\/roveyayinevi.com.tr\/index.php\/urun\/tedarik-zinciri-isbirligi-ve-inovasyon\/"},"modified":"2026-04-16T02:39:53","modified_gmt":"2026-04-15T23:39:53","slug":"tedarik-zinciri-isbirligi-ve-inovasyon","status":"publish","type":"product","link":"https:\/\/roveyayinevi.com.tr\/index.php\/urun\/tedarik-zinciri-isbirligi-ve-inovasyon\/","title":{"rendered":"Tedarik Zinciri \u0130\u015fbirli\u011fi ve \u0130novasyon"},"content":{"rendered":"<p>\u0130\u00e7indekiler Birinci B\u00f6l\u00fcm \u2013 Giri\u015f1.1. Giri\u015f1.2. Tedarik Zinciri Y\u00f6netimi Kavram ve Tarih\u00e7esi1.3. Tedarik Zinciri \u0130\u015fbirli\u011fi \u0130kinci B\u00f6l\u00fcm \u2013 Literat\u00fcr Taramas\u01312.2.1. Kuramsal \u00c7er\u00e7eve2.2. De\u011fi\u015fkenler Aras\u0131 \u0130li\u015fkiler ve Literat\u00fcr Taramas\u0131 \u00dc\u00e7\u00fcnc\u00fc B\u00f6l\u00fcm \u2013 Materyal ve Y\u00f6ntem3.3.1. Evren ve \u00d6rneklem3.2. Y\u00f6ntem ve Veri Toplama Ara\u00e7lar\u01313.3. Ara\u015ft\u0131rma Modeli ve Hipotezler3.4. Fakt\u00f6r Analizi3.5. \u00d6l\u00e7eklerin Yap\u0131 Ge\u00e7erli\u011fi ve G\u00fcvenilirli\u011fi D\u00f6rd\u00fcnc\u00fc B\u00f6l\u00fcm \u2013 Bulgular4.4.1. Demografik Bulgular4.2. Geli\u015ftirilen Yeni \u00dcr\u00fcn Say\u0131s\u0131 Farkl\u0131l\u0131klar T Testi4.3. \u00c7al\u0131\u015f\u0131lan Tedarik\u00e7i Say\u0131s\u0131 Farkl\u0131l\u0131klar T Testi4.4. Tedarik\u00e7i Se\u00e7im Kriterleri Farkl\u0131l\u0131klar Varyans Analizi4.5. Yap\u0131sal E\u015fitlik Modeli4.6. Arac\u0131 Etki Analizleri4.7. Rekabet Yo\u011funlu\u011funun D\u00fczenleyici Rol\u00fc4.8. Sonu\u00e7 ve De\u011ferlendirme  <\/p>\n","protected":false},"excerpt":{"rendered":"<p>\u0130\u00e7indekiler Birinci B\u00f6l\u00fcm \u2013 Giri\u015f1.1. Giri\u015f1.2. Tedarik Zinciri Y\u00f6netimi Kavram ve Tarih\u00e7esi1.3. Tedarik Zinciri \u0130\u015fbirli\u011fi \u0130kinci B\u00f6l\u00fcm \u2013 Literat\u00fcr Taramas\u01312.2.1. Kuramsal \u00c7er\u00e7eve2.2. De\u011fi\u015fkenler Aras\u0131 \u0130li\u015fkiler ve<span class=\"excerpt-hellip\"> [\u2026]<\/span><\/p>\n","protected":false},"featured_media":0,"template":"","meta":{"_monsterinsights_skip_tracking":false,"_monsterinsights_sitenote_active":false,"_monsterinsights_sitenote_note":"","_monsterinsights_sitenote_category":0},"product_brand":[],"product_cat":[14841,13043],"product_tag":[],"class_list":{"0":"post-732012","1":"product","2":"type-product","3":"status-publish","5":"product_cat-arastirma-inceleme-kuram","6":"product_cat-ekonomi","7":"pa_cilt-ciltsiz","8":"pa_tur-kitap","9":"pa_yayinevi-gazi-kitabevi","10":"pa_yazar-semsettin-cigdem","12":"first","13":"instock","14":"sale","15":"shipping-taxable","16":"purchasable","17":"product-type-simple"},"_links":{"self":[{"href":"https:\/\/roveyayinevi.com.tr\/index.php\/wp-json\/wp\/v2\/product\/732012","targetHints":{"allow":["GET"]}}],"collection":[{"href":"https:\/\/roveyayinevi.com.tr\/index.php\/wp-json\/wp\/v2\/product"}],"about":[{"href":"https:\/\/roveyayinevi.com.tr\/index.php\/wp-json\/wp\/v2\/types\/product"}],"wp:attachment":[{"href":"https:\/\/roveyayinevi.com.tr\/index.php\/wp-json\/wp\/v2\/media?parent=732012"}],"wp:term":[{"taxonomy":"product_brand","embeddable":true,"href":"https:\/\/roveyayinevi.com.tr\/index.php\/wp-json\/wp\/v2\/product_brand?post=732012"},{"taxonomy":"product_cat","embeddable":true,"href":"https:\/\/roveyayinevi.com.tr\/index.php\/wp-json\/wp\/v2\/product_cat?post=732012"},{"taxonomy":"product_tag","embeddable":true,"href":"https:\/\/roveyayinevi.com.tr\/index.php\/wp-json\/wp\/v2\/product_tag?post=732012"}],"curies":[{"name":"wp","href":"https:\/\/api.w.org\/{rel}","templated":true}]}}