{"id":732010,"date":"2025-08-27T21:42:21","date_gmt":"2025-08-27T18:42:21","guid":{"rendered":"https:\/\/roveyayinevi.com.tr\/index.php\/urun\/multi-sportif-arastirmalar-2-7-farkli-yaklasim\/"},"modified":"2026-04-16T02:39:53","modified_gmt":"2026-04-15T23:39:53","slug":"multi-sportif-arastirmalar-2-7-farkli-yaklasim","status":"publish","type":"product","link":"https:\/\/roveyayinevi.com.tr\/index.php\/urun\/multi-sportif-arastirmalar-2-7-farkli-yaklasim\/","title":{"rendered":"Multi Sportif Ara\u015ft\u0131rmalar-2: 7 Farkl\u0131 Yakla\u015f\u0131m"},"content":{"rendered":"<p>\u0130\u00e7indekiler B\u00f6l\u00fcm 1 T\u00fcrkiye Cumhuriyetinin Kurulu\u015funun \u0130lk Y\u0131llar\u0131nda Spor K\u00fct\u00fcphanesi ve Spor M\u00fczesi Kurulmas\u0131na Y\u00f6nelik Giri\u015fimler B\u00f6l\u00fcm 2 Wellness Kavram\u0131n\u0131n Spor \u0130le \u0130li\u015fkisine Bak\u0131\u015f B\u00f6l\u00fcm 3 Engelli Futbol Bran\u015flar\u0131n\u0131n \u00dclkemizdeki Y\u00f6netimsel Yap\u0131s\u0131 B\u00f6l\u00fcm 4 Coronavir\u00fcs (Covid-19) Pandemisi ve Beden E\u011fitimi ve Spor Derslerine Yans\u0131mas\u0131: Farkl\u0131 \u00d6\u011fretim Yakla\u015f\u0131mlar\u0131 \u00dczerine \u00d6neriler B\u00f6l\u00fcm 5 \u0130nsan Do\u011fas\u0131n\u0131n Covid-19\u2019a Kar\u015f\u0131 Antidotu B\u00f6l\u00fcm 6 Judonun Toparlanma A\u00e7\u0131s\u0131ndan De\u011ferlendirilmesi B\u00f6l\u00fcm 7 T\u00fcrkiye\u2019deki Profesyonel Futbol Kul\u00fcplerinin Ekonomik Y\u00f6netimleri A\u00e7\u0131s\u0131ndan De\u011ferlendirilmesi <\/p>\n","protected":false},"excerpt":{"rendered":"<p>\u0130\u00e7indekiler B\u00f6l\u00fcm 1 T\u00fcrkiye Cumhuriyetinin Kurulu\u015funun \u0130lk Y\u0131llar\u0131nda Spor K\u00fct\u00fcphanesi ve Spor M\u00fczesi Kurulmas\u0131na Y\u00f6nelik Giri\u015fimler B\u00f6l\u00fcm 2 Wellness Kavram\u0131n\u0131n Spor \u0130le \u0130li\u015fkisine Bak\u0131\u015f B\u00f6l\u00fcm 3<span class=\"excerpt-hellip\"> [\u2026]<\/span><\/p>\n","protected":false},"featured_media":0,"template":"","meta":{"_monsterinsights_skip_tracking":false,"_monsterinsights_sitenote_active":false,"_monsterinsights_sitenote_note":"","_monsterinsights_sitenote_category":0},"product_brand":[],"product_cat":[15563,15564],"product_tag":[],"class_list":{"0":"post-732010","1":"product","2":"type-product","3":"status-publish","5":"product_cat-hobi","6":"product_cat-spor","7":"pa_cilt-ciltsiz","8":"pa_tur-kitap","9":"pa_yayinevi-gazi-kitabevi","10":"pa_yazar-gazi-kitabevi-kolektif","12":"first","13":"instock","14":"sale","15":"shipping-taxable","16":"purchasable","17":"product-type-simple"},"_links":{"self":[{"href":"https:\/\/roveyayinevi.com.tr\/index.php\/wp-json\/wp\/v2\/product\/732010","targetHints":{"allow":["GET"]}}],"collection":[{"href":"https:\/\/roveyayinevi.com.tr\/index.php\/wp-json\/wp\/v2\/product"}],"about":[{"href":"https:\/\/roveyayinevi.com.tr\/index.php\/wp-json\/wp\/v2\/types\/product"}],"wp:attachment":[{"href":"https:\/\/roveyayinevi.com.tr\/index.php\/wp-json\/wp\/v2\/media?parent=732010"}],"wp:term":[{"taxonomy":"product_brand","embeddable":true,"href":"https:\/\/roveyayinevi.com.tr\/index.php\/wp-json\/wp\/v2\/product_brand?post=732010"},{"taxonomy":"product_cat","embeddable":true,"href":"https:\/\/roveyayinevi.com.tr\/index.php\/wp-json\/wp\/v2\/product_cat?post=732010"},{"taxonomy":"product_tag","embeddable":true,"href":"https:\/\/roveyayinevi.com.tr\/index.php\/wp-json\/wp\/v2\/product_tag?post=732010"}],"curies":[{"name":"wp","href":"https:\/\/api.w.org\/{rel}","templated":true}]}}