{"id":732009,"date":"2025-08-27T21:42:21","date_gmt":"2025-08-27T18:42:21","guid":{"rendered":"https:\/\/roveyayinevi.com.tr\/index.php\/urun\/kuzey-kibrista-guncel-arastirma-konulari\/"},"modified":"2026-04-16T02:39:53","modified_gmt":"2026-04-15T23:39:53","slug":"kuzey-kibrista-guncel-arastirma-konulari","status":"publish","type":"product","link":"https:\/\/roveyayinevi.com.tr\/index.php\/urun\/kuzey-kibrista-guncel-arastirma-konulari\/","title":{"rendered":"Kuzey K\u0131br\u0131s&#8217;ta G\u00fcncel Ara\u015ft\u0131rma Konular\u0131"},"content":{"rendered":"<p>\u0130\u00e7indekiler Birinci B\u00f6l\u00fcm K\u0131br\u0131s\u2019ta Antik \u00c7a\u011f D\u00f6neminde Beslenme ve Mutfak K\u00fclt\u00fcr\u00fc \u0130kinci B\u00f6l\u00fcm Kuzey K\u0131br\u0131s T\u00fcrk Cumhuriyeti ve \u00d6zel \u0130lgi Turizmi \u00dc\u00e7\u00fcnc\u00fc B\u00f6l\u00fcm K\u0131br\u0131s Sorunu ve Birle\u015fmi\u015f Milletler G\u00fcvenlik Konseyi\u2019nin Mart 1964\u2019te Ald\u0131\u011f\u0131 186 No.lu Karar\u0131n G\u00fcn\u00fcm\u00fcze Kadar Yans\u0131yan Etkileri D\u00f6rd\u00fcnc\u00fc B\u00f6l\u00fcm Covid-19 S\u00fcrecinin Y\u00fcksek \u00d6\u011frenim Kanal\u0131 ile Ekonomi \u00dczerine Etkisi; Kuzey K\u0131br\u0131s T\u00fcrk Cumhuriyeti \u00d6rne\u011fi Be\u015finci B\u00f6l\u00fcm Kuzey K\u0131br\u0131s T\u00fcrk Cumhuriyeti\u2019nde \u015earap Turizmi Potansiyeli ve \u00d6neriler Alt\u0131nc\u0131 B\u00f6l\u00fcm \u0130\u015fletmelerde Y\u00f6netsel Bir \u0130\u015flev ve S\u00fcre\u00e7 Olarak \u2018Y\u00f6neltme\u2019: \u00d6nderlik, G\u00fcd\u00fcleme ve \u0130leti\u015fim Yedinci B\u00f6l\u00fcm KKTC Turizm Sekt\u00f6r\u00fcnde Promosyon ve Pazarlama Sekizinci B\u00f6l\u00fcm Covid-19(Pandemi) S\u00fcrecinde KKTC\u2019deki \u00dcniversitelerde \u00c7evrimi\u00e7i E\u011fitim Dokuzuncu B\u00f6l\u00fcm Kuzey K\u0131br\u0131s T\u00fcrk Cumhuriyeti\u2019nde Otel End\u00fcstrisinde \u00c7evrimi\u00e7i Pazarlama \u00c7al\u0131\u015fmalar\u0131 Onuncu B\u00f6l\u00fcm KKTC Ekonomisinde Finansal Dolarizasyonun D\u0131\u015fsal \u015eoklar \u00c7er\u00e7evesinde \u0130ncelenmesi: 2001 Finansal Krizi \u00c7er\u00e7evesinde Bir \u0130nceleme Onbirinci B\u00f6l\u00fcm Kuzey K\u0131br\u0131s\u2019ta Covid-19 ile \u0130lgili Yasal \u00d6nlemler ve Sa\u011fl\u0131k, Hukuk, Turizm \u00dczerine Etkileri Onikinci B\u00f6l\u00fcm KKTC\u2019de \u00d6\u011fretmen Yeti\u015ftirme ve Atama Sisteminin De\u011ferlendirilmesi On\u00fc\u00e7\u00fcnc\u00fc B\u00f6l\u00fcm KKTC ve T.C. Kad\u0131n \u0130\u015fg\u00fcc\u00fc Profili ve \u0130statistiki Verilerin Kar\u015f\u0131la\u015ft\u0131rmal\u0131 Analizi <\/p>\n","protected":false},"excerpt":{"rendered":"<p>\u0130\u00e7indekiler Birinci B\u00f6l\u00fcm K\u0131br\u0131s\u2019ta Antik \u00c7a\u011f D\u00f6neminde Beslenme ve Mutfak K\u00fclt\u00fcr\u00fc \u0130kinci B\u00f6l\u00fcm Kuzey K\u0131br\u0131s T\u00fcrk Cumhuriyeti ve \u00d6zel \u0130lgi Turizmi \u00dc\u00e7\u00fcnc\u00fc B\u00f6l\u00fcm K\u0131br\u0131s Sorunu ve<span class=\"excerpt-hellip\"> [\u2026]<\/span><\/p>\n","protected":false},"featured_media":0,"template":"","meta":{"_monsterinsights_skip_tracking":false,"_monsterinsights_sitenote_active":false,"_monsterinsights_sitenote_note":"","_monsterinsights_sitenote_category":0},"product_brand":[],"product_cat":[12573,12566],"product_tag":[],"class_list":{"0":"post-732009","1":"product","2":"type-product","3":"status-publish","5":"product_cat-akademik-kitaplar","6":"product_cat-egitim","7":"pa_cilt-ciltsiz","8":"pa_tur-kitap","9":"pa_yayinevi-gazi-kitabevi","10":"pa_yazar-gazi-kitabevi-kolektif","12":"first","13":"instock","14":"sale","15":"shipping-taxable","16":"purchasable","17":"product-type-simple"},"_links":{"self":[{"href":"https:\/\/roveyayinevi.com.tr\/index.php\/wp-json\/wp\/v2\/product\/732009","targetHints":{"allow":["GET"]}}],"collection":[{"href":"https:\/\/roveyayinevi.com.tr\/index.php\/wp-json\/wp\/v2\/product"}],"about":[{"href":"https:\/\/roveyayinevi.com.tr\/index.php\/wp-json\/wp\/v2\/types\/product"}],"wp:attachment":[{"href":"https:\/\/roveyayinevi.com.tr\/index.php\/wp-json\/wp\/v2\/media?parent=732009"}],"wp:term":[{"taxonomy":"product_brand","embeddable":true,"href":"https:\/\/roveyayinevi.com.tr\/index.php\/wp-json\/wp\/v2\/product_brand?post=732009"},{"taxonomy":"product_cat","embeddable":true,"href":"https:\/\/roveyayinevi.com.tr\/index.php\/wp-json\/wp\/v2\/product_cat?post=732009"},{"taxonomy":"product_tag","embeddable":true,"href":"https:\/\/roveyayinevi.com.tr\/index.php\/wp-json\/wp\/v2\/product_tag?post=732009"}],"curies":[{"name":"wp","href":"https:\/\/api.w.org\/{rel}","templated":true}]}}