{"id":732008,"date":"2025-08-27T21:42:20","date_gmt":"2025-08-27T18:42:20","guid":{"rendered":"https:\/\/roveyayinevi.com.tr\/index.php\/urun\/kent-ve-cevre-calismalari\/"},"modified":"2026-04-16T02:39:53","modified_gmt":"2026-04-15T23:39:53","slug":"kent-ve-cevre-calismalari","status":"publish","type":"product","link":"https:\/\/roveyayinevi.com.tr\/index.php\/urun\/kent-ve-cevre-calismalari\/","title":{"rendered":"Kent ve \u00c7evre \u00c7al\u0131\u015fmalar\u0131"},"content":{"rendered":"<p>Birinci B\u00f6l\u00fcm Biyolojik \u00c7e\u015fitlili\u011fin Yok Olmas\u0131 Sorunlar\u0131 ve \u00c7\u00f6z\u00fcm \u00d6nerileri \u0130kinci B\u00f6l\u00fcm Benzerlik Bak\u0131m\u0131ndan K\u00fcresel \u00c7evre Sorunlar\u0131 ile Covid-19\u2019un De\u011ferlendirilmesi ve \u00c7\u00f6z\u00fcm \u00d6nerileri \u00dc\u00e7\u00fcnc\u00fc B\u00f6l\u00fcm Mali \u00d6zerklik A\u00e7\u0131s\u0131ndan T\u00fcrkiye\u2019de Belediyelerin Mali Yap\u0131s\u0131 D\u00f6rd\u00fcnc\u00fc B\u00f6l\u00fcm Yerel Siyasette Kad\u0131nlar\u0131n Rol\u00fc: Yerel Y\u00f6netimlerde Kad\u0131n Temsili ve Kat\u0131l\u0131m Be\u015finci B\u00f6l\u00fcm Kentsel Kuramlar ve Kentlerin B\u00fcy\u00fcmesinde Etkili Olan Fakt\u00f6rler Alt\u0131nc\u0131 B\u00f6l\u00fcm Antik Kentler ve \u00d6zellikleri <\/p>\n","protected":false},"excerpt":{"rendered":"<p>Birinci B\u00f6l\u00fcm Biyolojik \u00c7e\u015fitlili\u011fin Yok Olmas\u0131 Sorunlar\u0131 ve \u00c7\u00f6z\u00fcm \u00d6nerileri \u0130kinci B\u00f6l\u00fcm Benzerlik Bak\u0131m\u0131ndan K\u00fcresel \u00c7evre Sorunlar\u0131 ile Covid-19\u2019un De\u011ferlendirilmesi ve \u00c7\u00f6z\u00fcm \u00d6nerileri \u00dc\u00e7\u00fcnc\u00fc B\u00f6l\u00fcm Mali<span class=\"excerpt-hellip\"> [\u2026]<\/span><\/p>\n","protected":false},"featured_media":0,"template":"","meta":{"_monsterinsights_skip_tracking":false,"_monsterinsights_sitenote_active":false,"_monsterinsights_sitenote_note":"","_monsterinsights_sitenote_category":0},"product_brand":[],"product_cat":[12573,12566],"product_tag":[],"class_list":{"0":"post-732008","1":"product","2":"type-product","3":"status-publish","5":"product_cat-akademik-kitaplar","6":"product_cat-egitim","7":"pa_cilt-ciltsiz","8":"pa_tur-kitap","9":"pa_yayinevi-gazi-kitabevi","10":"pa_yazar-gazi-kitabevi-kolektif","12":"first","13":"instock","14":"sale","15":"shipping-taxable","16":"purchasable","17":"product-type-simple"},"_links":{"self":[{"href":"https:\/\/roveyayinevi.com.tr\/index.php\/wp-json\/wp\/v2\/product\/732008","targetHints":{"allow":["GET"]}}],"collection":[{"href":"https:\/\/roveyayinevi.com.tr\/index.php\/wp-json\/wp\/v2\/product"}],"about":[{"href":"https:\/\/roveyayinevi.com.tr\/index.php\/wp-json\/wp\/v2\/types\/product"}],"wp:attachment":[{"href":"https:\/\/roveyayinevi.com.tr\/index.php\/wp-json\/wp\/v2\/media?parent=732008"}],"wp:term":[{"taxonomy":"product_brand","embeddable":true,"href":"https:\/\/roveyayinevi.com.tr\/index.php\/wp-json\/wp\/v2\/product_brand?post=732008"},{"taxonomy":"product_cat","embeddable":true,"href":"https:\/\/roveyayinevi.com.tr\/index.php\/wp-json\/wp\/v2\/product_cat?post=732008"},{"taxonomy":"product_tag","embeddable":true,"href":"https:\/\/roveyayinevi.com.tr\/index.php\/wp-json\/wp\/v2\/product_tag?post=732008"}],"curies":[{"name":"wp","href":"https:\/\/api.w.org\/{rel}","templated":true}]}}