{"id":732007,"date":"2025-08-27T21:42:19","date_gmt":"2025-08-27T18:42:19","guid":{"rendered":"https:\/\/roveyayinevi.com.tr\/index.php\/urun\/doviz-kuru-dinamikleri-ve-finansal-istikrar\/"},"modified":"2026-04-16T02:39:53","modified_gmt":"2026-04-15T23:39:53","slug":"doviz-kuru-dinamikleri-ve-finansal-istikrar","status":"publish","type":"product","link":"https:\/\/roveyayinevi.com.tr\/index.php\/urun\/doviz-kuru-dinamikleri-ve-finansal-istikrar\/","title":{"rendered":"D\u00f6viz Kuru Dinamikleri ve Finansal \u0130stikrar"},"content":{"rendered":"<p>\u0130\u00e7indekiler1. B\u00f6l\u00fcmD\u00f6viz Kuru ve Merkez Bankas\u0131 Kredibilitesi: T\u00fcrkiye Ekonomisi \u00dczerine Bir Uygulama (2002-2021)2. B\u00f6l\u00fcmReel Efektif D\u00f6viz Kuru, Sekt\u00f6rel Hisse Senedi Fiyatlar\u0131 \u00dczerinde Etkili Midir? Do\u011frusal Olmayan Ardl Yakla\u015f\u0131m\u01313. B\u00f6l\u00fcmArtan Finansal B\u00fct\u00fcnle\u015fme Alt\u0131nda Finansal Sistemin \u0130stikrar\u0131: Finansal \u0130mkans\u0131z \u00dc\u00e7leme4. B\u00f6l\u00fcmT\u00fcrkiye\u2019de D\u00f6viz Kuru \u00dczerine ABD Ekonomik Politika Belirsizli\u011finin Yay\u0131lma Etkisi5. B\u00f6l\u00fcmD\u00f6viz Kuru Getirisindeki Oynakl\u0131\u011f\u0131n Ekonometrik Modellenmesi: TL\/ABD Dolar\u0131 \u00d6rne\u011fi6. B\u00f6l\u00fcmT\u00fcrkiye Ekonomisinde Kamu Br\u00fct D\u0131\u015f Bor\u00e7 Stokunun D\u00f6viz Kuru \u00dczerindeki Bask\u0131s\u01317. B\u00f6l\u00fcmT\u00fcrkiye\u2019de \u0130thalat ve \u0130hracat ile D\u00f6viz Kuru Aras\u0131ndaki \u0130li\u015fkinin Yap\u0131sal K\u0131r\u0131lmal\u0131 E\u015fb\u00fct\u00fcnle\u015fme Analizi ile \u0130ncelenmesi8. B\u00f6l\u00fcmReel D\u00f6viz Kurunun Teknik Etkinsizlik \u00dczerindeki Etkisi: \u00dcst ve Orta Gelirli \u00dclkeler \u0130\u00e7in Bir \u00dcretim S\u0131n\u0131r\u0131 Uygulamas\u01319. B\u00f6l\u00fcmK\u0131r\u0131lgan Ekonomilerde D\u00f6viz Kuru Oynakl\u0131\u011f\u0131n\u0131n D\u0131\u015f Ticaret \u00dczerine Etkisi10. B\u00f6l\u00fcmD\u00f6viz Kuru, Enflasyon ve Faiz Sarmal\u0131: T\u00fcrkiye Ekonomisi \u00dczerine Bir De\u011ferlendirme11. B\u00f6l\u00fcmEkonomik B\u00fcy\u00fcme ve D\u00f6viz Kuru Aras\u0131ndaki Varyansta Nedensellik \u0130li\u015fkisi: T\u00fcrkiye \u00d6rne\u011fi12. B\u00f6l\u00fcmFinansal Kalk\u0131nma Endeksi, Ekonomik B\u00fcy\u00fcme ve D\u00f6viz Kuru \u0130li\u015fkisi: T\u00fcrkiye \u00d6rne\u011fi13. B\u00f6l\u00fcmDo\u011fal Afetlerin Finansman\u0131 \u0130\u00e7in Geli\u015ftirilen CAT Tahvillerinin Uygulanabilirli\u011fi14. B\u00f6l\u00fcmFinansal Riskler ile T\u00fcrev Ara\u00e7lar Aras\u0131ndaki \u0130li\u015fkinin T\u00fcrkiye Bankac\u0131l\u0131k Sekt\u00f6r\u00fc Kapsam\u0131nda \u0130ncelenmesi15. B\u00f6l\u00fcmFinansal Teknoloji, Finansal Sistem ve Bankac\u0131l\u0131k16. B\u00f6l\u00fcmD\u00f6viz Kurunda K\u0131smi Ge\u00e7i\u015f Etkisi: T\u00fcrkiye \u00d6rne\u011fi17. B\u00f6l\u00fcmBankac\u0131l\u0131kta D\u00f6viz Pozisyon ve Kur Riski Y\u00f6netimi18. B\u00f6l\u00fcmHalka A\u00e7\u0131k \u015eirketlerde D\u00f6viz Kuru Riski ve Y\u00f6netimi <\/p>\n","protected":false},"excerpt":{"rendered":"<p>\u0130\u00e7indekiler1. B\u00f6l\u00fcmD\u00f6viz Kuru ve Merkez Bankas\u0131 Kredibilitesi: T\u00fcrkiye Ekonomisi \u00dczerine Bir Uygulama (2002-2021)2. B\u00f6l\u00fcmReel Efektif D\u00f6viz Kuru, Sekt\u00f6rel Hisse Senedi Fiyatlar\u0131 \u00dczerinde Etkili Midir? Do\u011frusal Olmayan<span class=\"excerpt-hellip\"> [\u2026]<\/span><\/p>\n","protected":false},"featured_media":0,"template":"","meta":{"_monsterinsights_skip_tracking":false,"_monsterinsights_sitenote_active":false,"_monsterinsights_sitenote_note":"","_monsterinsights_sitenote_category":0},"product_brand":[],"product_cat":[17249,13043],"product_tag":[],"class_list":{"0":"post-732007","1":"product","2":"type-product","3":"status-publish","5":"product_cat-borsa-finans","6":"product_cat-ekonomi","7":"pa_cilt-ciltsiz","8":"pa_tur-kitap","9":"pa_yayinevi-gazi-kitabevi","10":"pa_yazar-pelin-karatay-gogul-demet-yaman","12":"first","13":"instock","14":"sale","15":"shipping-taxable","16":"purchasable","17":"product-type-simple"},"_links":{"self":[{"href":"https:\/\/roveyayinevi.com.tr\/index.php\/wp-json\/wp\/v2\/product\/732007","targetHints":{"allow":["GET"]}}],"collection":[{"href":"https:\/\/roveyayinevi.com.tr\/index.php\/wp-json\/wp\/v2\/product"}],"about":[{"href":"https:\/\/roveyayinevi.com.tr\/index.php\/wp-json\/wp\/v2\/types\/product"}],"wp:attachment":[{"href":"https:\/\/roveyayinevi.com.tr\/index.php\/wp-json\/wp\/v2\/media?parent=732007"}],"wp:term":[{"taxonomy":"product_brand","embeddable":true,"href":"https:\/\/roveyayinevi.com.tr\/index.php\/wp-json\/wp\/v2\/product_brand?post=732007"},{"taxonomy":"product_cat","embeddable":true,"href":"https:\/\/roveyayinevi.com.tr\/index.php\/wp-json\/wp\/v2\/product_cat?post=732007"},{"taxonomy":"product_tag","embeddable":true,"href":"https:\/\/roveyayinevi.com.tr\/index.php\/wp-json\/wp\/v2\/product_tag?post=732007"}],"curies":[{"name":"wp","href":"https:\/\/api.w.org\/{rel}","templated":true}]}}