{"id":732006,"date":"2025-08-27T21:42:18","date_gmt":"2025-08-27T18:42:18","guid":{"rendered":"https:\/\/roveyayinevi.com.tr\/index.php\/urun\/fran-kiss-stein-bir-ask-hikayesi\/"},"modified":"2026-04-16T02:39:53","modified_gmt":"2026-04-15T23:39:53","slug":"fran-kiss-stein-bir-ask-hikayesi","status":"publish","type":"product","link":"https:\/\/roveyayinevi.com.tr\/index.php\/urun\/fran-kiss-stein-bir-ask-hikayesi\/","title":{"rendered":"Fran-kiss-stein: Bir A\u015fk Hikayesi"},"content":{"rendered":"<p>\u00d6z\u00fcn t\u00f6z\u00fcn nedir senin, hangi maddeden yap\u0131lm\u0131\u015fs\u0131n ki milyonlarca garip g\u00f6lge e\u011filiyor \u00f6n\u00fcnde?Winterson, gotik edebiyat klasi\u011fi Frankenstein&#8217;dan esinlenerek yaz\u0131lm\u0131\u015f, i\u00e7inde ya\u015fad\u0131\u011f\u0131m\u0131z bedenler ve arzulad\u0131\u011f\u0131m\u0131z bedenler hakk\u0131ndaki c\u00fcretk\u00e2r roman\u0131yla kar\u015f\u0131n\u0131zda!\u0130ki farkl\u0131 zamandan iki farkl\u0131 \u00f6yk\u00fc anlatan bu eserin a\u00e7\u0131l\u0131\u015f\u0131n\u0131 on dokuz ya\u015f\u0131ndaki Mary Shelley yap\u0131yor. 1816 y\u0131l\u0131nda yak\u0131n arkada\u015flar\u0131yla birlikte kald\u0131klar\u0131 \u0131ss\u0131z bir kul\u00fcbeden Frankenstein \u00f6yk\u00fcs\u00fcn\u00fcn tohumlar\u0131yla ayr\u0131l\u0131\u015f\u0131n\u0131 kendi a\u011fz\u0131ndan dinliyoruz.\u0130kinci \u00f6yk\u00fcde ise Britanya, Avrupa Birli\u011fi\u2019nden \u00e7\u0131k\u0131\u015f karar\u0131yla \u00e7alkalan\u0131rken gen\u00e7 transseks\u00fcel doktor Ry, \u00fcnl\u00fc yapay zek\u00e2 uzman\u0131 Victor Stein\u2019a \u00e2\u015f\u0131k olur. Ancak ikisi de bu tutkulu birlikteli\u011fin bir yeralt\u0131 laboratuvar\u0131nda nihayete erece\u011fini akl\u0131na getirmemi\u015ftir&#8230;Evlili\u011fi k\u0131sa s\u00fcre \u00f6nce da\u011f\u0131lan Ron Lord ise yeniden annesiyle birlikte ya\u015famaya ba\u015flam\u0131\u015f, yaln\u0131z erkekler i\u00e7in geli\u015ftirdi\u011fi yeni nesil seks robotlar\u0131ndan bir servet kazanmaya haz\u0131rlanmaktad\u0131r. Ne var ki, teknoloji fuar\u0131nda dan\u0131\u015fmanl\u0131k yapan dindar Claire\u2019le tan\u0131\u015f\u0131p ona \u00e2\u015f\u0131k oldu\u011funda i\u015fi konusunda birka\u00e7 k\u00fc\u00e7\u00fck yenilik yapmas\u0131 gerekecektir.Peki, bu iki \u00f6yk\u00fcy\u00fc yan yana getiren nedir? Cevap, sayfalar\u0131 aras\u0131nda kolayl\u0131kla kaybolup gidece\u011finiz, kahkahalarla g\u00f6zya\u015f\u0131n\u0131 harman edece\u011finiz bu ba\u015fyap\u0131tta gizli.<\/p>\n","protected":false},"excerpt":{"rendered":"<p>\u00d6z\u00fcn t\u00f6z\u00fcn nedir senin, hangi maddeden yap\u0131lm\u0131\u015fs\u0131n ki milyonlarca garip g\u00f6lge e\u011filiyor \u00f6n\u00fcnde?Winterson, gotik edebiyat klasi\u011fi Frankenstein&#8217;dan esinlenerek yaz\u0131lm\u0131\u015f, i\u00e7inde ya\u015fad\u0131\u011f\u0131m\u0131z bedenler ve arzulad\u0131\u011f\u0131m\u0131z bedenler hakk\u0131ndaki<span class=\"excerpt-hellip\"> [\u2026]<\/span><\/p>\n","protected":false},"featured_media":0,"template":"","meta":{"_monsterinsights_skip_tracking":false,"_monsterinsights_sitenote_active":false,"_monsterinsights_sitenote_note":"","_monsterinsights_sitenote_category":0},"product_brand":[],"product_cat":[12291,12711],"product_tag":[],"class_list":{"0":"post-732006","1":"product","2":"type-product","3":"status-publish","5":"product_cat-edebiyat","6":"product_cat-roman-oyku","7":"pa_cilt-ciltsiz","8":"pa_tur-kitap","9":"pa_yayinevi-kafka-yayinevi","10":"pa_yazar-jeanette-winterson","12":"first","13":"instock","14":"sale","15":"shipping-taxable","16":"purchasable","17":"product-type-simple"},"_links":{"self":[{"href":"https:\/\/roveyayinevi.com.tr\/index.php\/wp-json\/wp\/v2\/product\/732006","targetHints":{"allow":["GET"]}}],"collection":[{"href":"https:\/\/roveyayinevi.com.tr\/index.php\/wp-json\/wp\/v2\/product"}],"about":[{"href":"https:\/\/roveyayinevi.com.tr\/index.php\/wp-json\/wp\/v2\/types\/product"}],"wp:attachment":[{"href":"https:\/\/roveyayinevi.com.tr\/index.php\/wp-json\/wp\/v2\/media?parent=732006"}],"wp:term":[{"taxonomy":"product_brand","embeddable":true,"href":"https:\/\/roveyayinevi.com.tr\/index.php\/wp-json\/wp\/v2\/product_brand?post=732006"},{"taxonomy":"product_cat","embeddable":true,"href":"https:\/\/roveyayinevi.com.tr\/index.php\/wp-json\/wp\/v2\/product_cat?post=732006"},{"taxonomy":"product_tag","embeddable":true,"href":"https:\/\/roveyayinevi.com.tr\/index.php\/wp-json\/wp\/v2\/product_tag?post=732006"}],"curies":[{"name":"wp","href":"https:\/\/api.w.org\/{rel}","templated":true}]}}