{"id":732003,"date":"2025-08-27T21:42:15","date_gmt":"2025-08-27T18:42:15","guid":{"rendered":"https:\/\/roveyayinevi.com.tr\/index.php\/urun\/ciko-kendine-guvenmeyi-ogreniyor\/"},"modified":"2025-11-06T06:55:14","modified_gmt":"2025-11-06T03:55:14","slug":"ciko-kendine-guvenmeyi-ogreniyor","status":"publish","type":"product","link":"https:\/\/roveyayinevi.com.tr\/index.php\/urun\/ciko-kendine-guvenmeyi-ogreniyor\/","title":{"rendered":"\u00c7iko Kendine G\u00fcvenmeyi \u00d6\u011freniyor"},"content":{"rendered":"<p>\u00c7iko sakin, insanlara iyi davranan, \u00e7ok nazik bir \u00e7ocuk.  \u00c7iko\u2019nun pek \u00e7ok arkada\u015f\u0131 var ve hepsi ona iyi davran\u0131yor. Ares hari\u00e7\u2026  Ares, \u00c7iko\u2019ya s\u00fcrekli sata\u015f\u0131yor, onunla alay ediyor, b\u00f6ylece \u00c7iko\u2019nun kendisini k\u00f6t\u00fc hissetmesine neden oluyor. Ama \u00c7iko sonunda bu durumu de\u011fi\u015ftirecek bir \u00e7\u00f6z\u00fcm yolu buluyor&#8230;   Minik Ad\u0131mlar dizisinde yer alan kitaplar, \u00e7ocuklar\u0131m\u0131z\u0131n \u00e7e\u015fitli konularda kendilerini geli\u015ftirmeleri i\u00e7in yol g\u00f6steriyor.<\/p>\n","protected":false},"excerpt":{"rendered":"<p>\u00c7iko sakin, insanlara iyi davranan, \u00e7ok nazik bir \u00e7ocuk. \u00c7iko\u2019nun pek \u00e7ok arkada\u015f\u0131 var ve hepsi ona iyi davran\u0131yor. Ares hari\u00e7\u2026 Ares, \u00c7iko\u2019ya s\u00fcrekli sata\u015f\u0131yor, onunla<span class=\"excerpt-hellip\"> [\u2026]<\/span><\/p>\n","protected":false},"featured_media":0,"template":"","meta":{"_monsterinsights_skip_tracking":false,"_monsterinsights_sitenote_active":false,"_monsterinsights_sitenote_note":"","_monsterinsights_sitenote_category":0},"product_brand":[],"product_cat":[12913,12274],"product_tag":[],"class_list":{"0":"post-732003","1":"product","2":"type-product","3":"status-publish","5":"product_cat-3-6-yas-kitaplari","6":"product_cat-cocuk-ve-genclik-kitaplari","7":"pa_cilt-ciltsiz","8":"pa_tur-kitap","9":"pa_yayinevi-1001-cicek-kitaplar","10":"pa_yazar-beth-bracken","12":"first","13":"instock","14":"sale","15":"shipping-taxable","16":"purchasable","17":"product-type-simple"},"_links":{"self":[{"href":"https:\/\/roveyayinevi.com.tr\/index.php\/wp-json\/wp\/v2\/product\/732003","targetHints":{"allow":["GET"]}}],"collection":[{"href":"https:\/\/roveyayinevi.com.tr\/index.php\/wp-json\/wp\/v2\/product"}],"about":[{"href":"https:\/\/roveyayinevi.com.tr\/index.php\/wp-json\/wp\/v2\/types\/product"}],"wp:attachment":[{"href":"https:\/\/roveyayinevi.com.tr\/index.php\/wp-json\/wp\/v2\/media?parent=732003"}],"wp:term":[{"taxonomy":"product_brand","embeddable":true,"href":"https:\/\/roveyayinevi.com.tr\/index.php\/wp-json\/wp\/v2\/product_brand?post=732003"},{"taxonomy":"product_cat","embeddable":true,"href":"https:\/\/roveyayinevi.com.tr\/index.php\/wp-json\/wp\/v2\/product_cat?post=732003"},{"taxonomy":"product_tag","embeddable":true,"href":"https:\/\/roveyayinevi.com.tr\/index.php\/wp-json\/wp\/v2\/product_tag?post=732003"}],"curies":[{"name":"wp","href":"https:\/\/api.w.org\/{rel}","templated":true}]}}