{"id":732001,"date":"2025-08-27T21:42:12","date_gmt":"2025-08-27T18:42:12","guid":{"rendered":"https:\/\/roveyayinevi.com.tr\/index.php\/urun\/melegin-oyunu\/"},"modified":"2026-04-16T02:39:53","modified_gmt":"2026-04-15T23:39:53","slug":"melegin-oyunu","status":"publish","type":"product","link":"https:\/\/roveyayinevi.com.tr\/index.php\/urun\/melegin-oyunu\/","title":{"rendered":"Mele\u011fin Oyunu"},"content":{"rendered":"<p>Uluslararas\u0131 ba\u015fyap\u0131t R\u00fczg\u00e2r\u0131n G\u00f6lgesi kitab\u0131n\u0131n yazar\u0131 Carlos Ruiz Zaf\u00f3n, Unutulmu\u015f Kitaplar Mezarl\u0131\u011f\u0131\u2019n\u0131n bu cildinde edebiyatta ve a\u015fkta tak\u0131nt\u0131lar\u0131n tehlikeli do\u011fas\u0131n\u0131 anlat\u0131yor. Kitaplar\u0131n b\u00fcy\u00fcs\u00fc, tutku ve dostluk, ba\u015f d\u00f6nd\u00fcr\u00fcc\u00fc bir \u015fekilde in\u015fa edilmi\u015f s\u0131rlar labirentinde ustaca bir hik\u00e2yeye d\u00f6n\u00fc\u015f\u00fcyor. Barselona\u2019n\u0131n kalbindeki terk edilmi\u015f bir konakta, gen\u00e7 bir adam olan David Mart\u00edn, gecelerini \u015fehrin yeralt\u0131 d\u00fcnyas\u0131 hakk\u0131nda barok masallar uydurarak ge\u00e7irir. Ama belki de karanl\u0131k hayalleri g\u00f6r\u00fcnd\u00fc\u011f\u00fc kadar tuhaf de\u011fildir, \u00e7\u00fcnk\u00fc evin derinliklerinde kilitli bir odada, gizemli bir \u00f6l\u00fcm\u00fc ima eden foto\u011fraflar ve mektuplar yatmaktad\u0131r. Yava\u015f yava\u015f, bir zehir gibi, imk\u00e2ns\u0131z bir a\u015fkla bo\u011fu\u015fmas\u0131n\u0131n yan\u0131nda, tuhaf evin tarihi de kemiklerine i\u015fler. Tam umutsuzlu\u011fa kap\u0131ld\u0131\u011f\u0131 s\u0131rada hayat\u0131n\u0131n teklifini al\u0131r ancak kitab\u0131 \u00fczerinde \u00e7al\u0131\u015fmaya ba\u015flad\u0131\u011f\u0131nda, yazd\u0131klar\u0131yla evini ku\u015fatan g\u00f6lgeler aras\u0131nda bir ba\u011flant\u0131 oldu\u011funu fark edecektir. \u201cMele\u011fin Oyunu, R\u00fczg\u00e2r\u0131n G\u00f6lgesi&#8217;nden a\u015fina oldu\u011fumuz Barselona&#8217;n\u0131n o \u00e7ok sevilen manzaralar\u0131ndan baz\u0131lar\u0131n\u0131 yeniden ziyaret ediyor. Yine de bu roman kendi ayaklar\u0131 \u00fczerinde duruyor, selefinin bir tamamlay\u0131c\u0131s\u0131, hatta muhalifi. R\u00fczg\u00e2r\u0131n G\u00f6lgesi kitap okuman\u0131n co\u015fkusunu kutlad\u0131ysa, o zaman bu kitap \u2013 edebiyata a\u015fk\u0131nda ve arketipsel olaylarda altta kalmadan \u2013 yazman\u0131n \u0131st\u0131raplar\u0131n\u0131 ke\u015ffe \u00e7\u0131k\u0131yor.\u201d New York Times<\/p>\n","protected":false},"excerpt":{"rendered":"<p>Uluslararas\u0131 ba\u015fyap\u0131t R\u00fczg\u00e2r\u0131n G\u00f6lgesi kitab\u0131n\u0131n yazar\u0131 Carlos Ruiz Zaf\u00f3n, Unutulmu\u015f Kitaplar Mezarl\u0131\u011f\u0131\u2019n\u0131n bu cildinde edebiyatta ve a\u015fkta tak\u0131nt\u0131lar\u0131n tehlikeli do\u011fas\u0131n\u0131 anlat\u0131yor. Kitaplar\u0131n b\u00fcy\u00fcs\u00fc, tutku ve dostluk,<span class=\"excerpt-hellip\"> [\u2026]<\/span><\/p>\n","protected":false},"featured_media":0,"template":"","meta":{"_monsterinsights_skip_tracking":false,"_monsterinsights_sitenote_active":false,"_monsterinsights_sitenote_note":"","_monsterinsights_sitenote_category":0},"product_brand":[],"product_cat":[12291,12711],"product_tag":[],"class_list":{"0":"post-732001","1":"product","2":"type-product","3":"status-publish","5":"product_cat-edebiyat","6":"product_cat-roman-oyku","7":"pa_cilt-ciltsiz","8":"pa_tur-kitap","9":"pa_yayinevi-kirmizi-kedi-yayinevi","10":"pa_yazar-carlos-ruiz-zafon","12":"first","13":"instock","14":"sale","15":"shipping-taxable","16":"purchasable","17":"product-type-simple"},"_links":{"self":[{"href":"https:\/\/roveyayinevi.com.tr\/index.php\/wp-json\/wp\/v2\/product\/732001","targetHints":{"allow":["GET"]}}],"collection":[{"href":"https:\/\/roveyayinevi.com.tr\/index.php\/wp-json\/wp\/v2\/product"}],"about":[{"href":"https:\/\/roveyayinevi.com.tr\/index.php\/wp-json\/wp\/v2\/types\/product"}],"wp:attachment":[{"href":"https:\/\/roveyayinevi.com.tr\/index.php\/wp-json\/wp\/v2\/media?parent=732001"}],"wp:term":[{"taxonomy":"product_brand","embeddable":true,"href":"https:\/\/roveyayinevi.com.tr\/index.php\/wp-json\/wp\/v2\/product_brand?post=732001"},{"taxonomy":"product_cat","embeddable":true,"href":"https:\/\/roveyayinevi.com.tr\/index.php\/wp-json\/wp\/v2\/product_cat?post=732001"},{"taxonomy":"product_tag","embeddable":true,"href":"https:\/\/roveyayinevi.com.tr\/index.php\/wp-json\/wp\/v2\/product_tag?post=732001"}],"curies":[{"name":"wp","href":"https:\/\/api.w.org\/{rel}","templated":true}]}}