{"id":731999,"date":"2025-08-27T21:42:10","date_gmt":"2025-08-27T18:42:10","guid":{"rendered":"https:\/\/roveyayinevi.com.tr\/index.php\/urun\/neseli-postaci-tavsan\/"},"modified":"2026-04-16T02:39:52","modified_gmt":"2026-04-15T23:39:52","slug":"neseli-postaci-tavsan","status":"publish","type":"product","link":"https:\/\/roveyayinevi.com.tr\/index.php\/urun\/neseli-postaci-tavsan\/","title":{"rendered":"Ne\u015feli Postac\u0131 Tav\u015fan"},"content":{"rendered":"<p>Tav\u015fanc\u0131k havu\u00e7 toplamak i\u00e7in d\u0131\u015far\u0131 \u00e7\u0131kt\u0131\u011f\u0131nda Postac\u0131 Bayku\u015f\u2019un g\u00f6ky\u00fcz\u00fcnde uzakla\u015ft\u0131\u011f\u0131n\u0131 g\u00f6rd\u00fc. Yere bir s\u00fcr\u00fc mektup zarf\u0131 sa\u00e7\u0131lm\u0131\u015ft\u0131. Tav\u015fanc\u0131k, Bayku\u015f\u2019a seslendi ancak sesini duyuramad\u0131. Yere sa\u00e7\u0131lan zarflara bakt\u0131\u011f\u0131nda arkada\u015flar\u0131n\u0131n isimlerini g\u00f6rd\u00fc. Tav\u015fanc\u0131k\u2019\u0131n akl\u0131na harika bir fikir geldi: \u201cBug\u00fcn mektuplar\u0131 ben da\u011f\u0131tay\u0131m. Bir g\u00fcnl\u00fc\u011f\u00fcne Postac\u0131 Tav\u015fan olmak \u00e7ok e\u011flenceli olur.\u201d <\/p>\n","protected":false},"excerpt":{"rendered":"<p>Tav\u015fanc\u0131k havu\u00e7 toplamak i\u00e7in d\u0131\u015far\u0131 \u00e7\u0131kt\u0131\u011f\u0131nda Postac\u0131 Bayku\u015f\u2019un g\u00f6ky\u00fcz\u00fcnde uzakla\u015ft\u0131\u011f\u0131n\u0131 g\u00f6rd\u00fc. Yere bir s\u00fcr\u00fc mektup zarf\u0131 sa\u00e7\u0131lm\u0131\u015ft\u0131. Tav\u015fanc\u0131k, Bayku\u015f\u2019a seslendi ancak sesini duyuramad\u0131. Yere sa\u00e7\u0131lan zarflara<span class=\"excerpt-hellip\"> [\u2026]<\/span><\/p>\n","protected":false},"featured_media":0,"template":"","meta":{"_monsterinsights_skip_tracking":false,"_monsterinsights_sitenote_active":false,"_monsterinsights_sitenote_note":"","_monsterinsights_sitenote_category":0},"product_brand":[],"product_cat":[12913,12274],"product_tag":[],"class_list":{"0":"post-731999","1":"product","2":"type-product","3":"status-publish","5":"product_cat-3-6-yas-kitaplari","6":"product_cat-cocuk-ve-genclik-kitaplari","7":"pa_cilt-ciltsiz","8":"pa_tur-kitap","9":"pa_yayinevi-is-bankasi-kultur-yayinlari","10":"pa_yazar-hannah-campling","12":"first","13":"instock","14":"sale","15":"shipping-taxable","16":"purchasable","17":"product-type-simple"},"_links":{"self":[{"href":"https:\/\/roveyayinevi.com.tr\/index.php\/wp-json\/wp\/v2\/product\/731999","targetHints":{"allow":["GET"]}}],"collection":[{"href":"https:\/\/roveyayinevi.com.tr\/index.php\/wp-json\/wp\/v2\/product"}],"about":[{"href":"https:\/\/roveyayinevi.com.tr\/index.php\/wp-json\/wp\/v2\/types\/product"}],"wp:attachment":[{"href":"https:\/\/roveyayinevi.com.tr\/index.php\/wp-json\/wp\/v2\/media?parent=731999"}],"wp:term":[{"taxonomy":"product_brand","embeddable":true,"href":"https:\/\/roveyayinevi.com.tr\/index.php\/wp-json\/wp\/v2\/product_brand?post=731999"},{"taxonomy":"product_cat","embeddable":true,"href":"https:\/\/roveyayinevi.com.tr\/index.php\/wp-json\/wp\/v2\/product_cat?post=731999"},{"taxonomy":"product_tag","embeddable":true,"href":"https:\/\/roveyayinevi.com.tr\/index.php\/wp-json\/wp\/v2\/product_tag?post=731999"}],"curies":[{"name":"wp","href":"https:\/\/api.w.org\/{rel}","templated":true}]}}