{"id":731994,"date":"2025-08-27T21:42:04","date_gmt":"2025-08-27T18:42:04","guid":{"rendered":"https:\/\/roveyayinevi.com.tr\/index.php\/urun\/bahar-geldi-dogaya-katil\/"},"modified":"2026-04-16T02:39:52","modified_gmt":"2026-04-15T23:39:52","slug":"bahar-geldi-dogaya-katil","status":"publish","type":"product","link":"https:\/\/roveyayinevi.com.tr\/index.php\/urun\/bahar-geldi-dogaya-katil\/","title":{"rendered":"Bahar Geldi Do\u011faya Katil !"},"content":{"rendered":"<p>Birbirinden e\u011flenceli 80\u2019den fazla proje! Bahar\u0131n ne\u015fesini b\u00fct\u00fcn y\u0131l ya\u015fa. Televizyona ve bilgisayar oyunlar\u0131na biraz ara ver ve kolay ad\u0131mlarla a\u00e7\u0131klanan y\u00f6nergelerle kuklalar, \u00e7i\u00e7ekler, odan\u0131 s\u00fcslemek i\u00e7in bulutlar, reng\u00e2renk bah\u00e7eler, minik oyuncaklar, arkada\u015flar\u0131n\u0131n bay\u0131laca\u011f\u0131 kartlar ve davetiyeler yap. E\u011flenceli bulmacalarla, zek\u00e2n\u0131 geli\u015ftir. <\/p>\n","protected":false},"excerpt":{"rendered":"<p>Birbirinden e\u011flenceli 80\u2019den fazla proje! Bahar\u0131n ne\u015fesini b\u00fct\u00fcn y\u0131l ya\u015fa. Televizyona ve bilgisayar oyunlar\u0131na biraz ara ver ve kolay ad\u0131mlarla a\u00e7\u0131klanan y\u00f6nergelerle kuklalar, \u00e7i\u00e7ekler, odan\u0131 s\u00fcslemek<span class=\"excerpt-hellip\"> [\u2026]<\/span><\/p>\n","protected":false},"featured_media":0,"template":"","meta":{"_monsterinsights_skip_tracking":false,"_monsterinsights_sitenote_active":false,"_monsterinsights_sitenote_note":"","_monsterinsights_sitenote_category":0},"product_brand":[],"product_cat":[12913,12274],"product_tag":[],"class_list":{"0":"post-731994","1":"product","2":"type-product","3":"status-publish","5":"product_cat-3-6-yas-kitaplari","6":"product_cat-cocuk-ve-genclik-kitaplari","7":"pa_cilt-ciltsiz","8":"pa_tur-kitap","9":"pa_yayinevi-is-bankasi-kultur-yayinlari","10":"pa_yazar-is-bankasi-kollektif","12":"first","13":"instock","14":"sale","15":"shipping-taxable","16":"purchasable","17":"product-type-simple"},"_links":{"self":[{"href":"https:\/\/roveyayinevi.com.tr\/index.php\/wp-json\/wp\/v2\/product\/731994","targetHints":{"allow":["GET"]}}],"collection":[{"href":"https:\/\/roveyayinevi.com.tr\/index.php\/wp-json\/wp\/v2\/product"}],"about":[{"href":"https:\/\/roveyayinevi.com.tr\/index.php\/wp-json\/wp\/v2\/types\/product"}],"wp:attachment":[{"href":"https:\/\/roveyayinevi.com.tr\/index.php\/wp-json\/wp\/v2\/media?parent=731994"}],"wp:term":[{"taxonomy":"product_brand","embeddable":true,"href":"https:\/\/roveyayinevi.com.tr\/index.php\/wp-json\/wp\/v2\/product_brand?post=731994"},{"taxonomy":"product_cat","embeddable":true,"href":"https:\/\/roveyayinevi.com.tr\/index.php\/wp-json\/wp\/v2\/product_cat?post=731994"},{"taxonomy":"product_tag","embeddable":true,"href":"https:\/\/roveyayinevi.com.tr\/index.php\/wp-json\/wp\/v2\/product_tag?post=731994"}],"curies":[{"name":"wp","href":"https:\/\/api.w.org\/{rel}","templated":true}]}}