{"id":731992,"date":"2025-08-27T21:42:01","date_gmt":"2025-08-27T18:42:01","guid":{"rendered":"https:\/\/roveyayinevi.com.tr\/index.php\/urun\/evdeki-harika-makineler-dunyayi-ogreniyorum\/"},"modified":"2026-04-16T02:39:52","modified_gmt":"2026-04-15T23:39:52","slug":"evdeki-harika-makineler-dunyayi-ogreniyorum","status":"publish","type":"product","link":"https:\/\/roveyayinevi.com.tr\/index.php\/urun\/evdeki-harika-makineler-dunyayi-ogreniyorum\/","title":{"rendered":"Evdeki Harika Makineler &#8211;  D\u00fcnyay\u0131 \u00d6\u011freniyorum"},"content":{"rendered":"<p>Ece, dedesini ziyaret etmeyi \u00e7ok seviyordu. \u00d6zellikle de dedesinin at\u00f6lyesinde vakit ge\u00e7irmeyi. Bu ziyaretinde dedesi, Ece\u2019ye evdeki elektrikli aletlerin nas\u0131l \u00e7al\u0131\u015ft\u0131\u011f\u0131n\u0131 anlatt\u0131. Evde kulland\u0131\u011f\u0131m\u0131z elektrikli aletlerin nas\u0131l \u00e7al\u0131\u015ft\u0131\u011f\u0131n\u0131 sen de merak ediyor musun? Sa\u00e7 kurutma makinesi nas\u0131l s\u0131cak hava \u00fcfl\u00fcyor? Buzdolab\u0131n\u0131n i\u00e7i nas\u0131l so\u011fuyor? Peki bula\u015f\u0131k makinesi kirli bula\u015f\u0131klar\u0131m\u0131z\u0131 nas\u0131l temizliyor? Bu sorular\u0131n yan\u0131t\u0131n\u0131 ve daha fazlas\u0131n\u0131 bu \u00f6yk\u00fcde bulabilirsin. <\/p>\n","protected":false},"excerpt":{"rendered":"<p>Ece, dedesini ziyaret etmeyi \u00e7ok seviyordu. \u00d6zellikle de dedesinin at\u00f6lyesinde vakit ge\u00e7irmeyi. Bu ziyaretinde dedesi, Ece\u2019ye evdeki elektrikli aletlerin nas\u0131l \u00e7al\u0131\u015ft\u0131\u011f\u0131n\u0131 anlatt\u0131. Evde kulland\u0131\u011f\u0131m\u0131z elektrikli aletlerin<span class=\"excerpt-hellip\"> [\u2026]<\/span><\/p>\n","protected":false},"featured_media":0,"template":"","meta":{"_monsterinsights_skip_tracking":false,"_monsterinsights_sitenote_active":false,"_monsterinsights_sitenote_note":"","_monsterinsights_sitenote_category":0},"product_brand":[],"product_cat":[12913,12274],"product_tag":[],"class_list":{"0":"post-731992","1":"product","2":"type-product","3":"status-publish","5":"product_cat-3-6-yas-kitaplari","6":"product_cat-cocuk-ve-genclik-kitaplari","7":"pa_cilt-ciltsiz","8":"pa_tur-kitap","9":"pa_yayinevi-is-bankasi-kultur-yayinlari","10":"pa_yazar-christian-tielmann","12":"first","13":"instock","14":"sale","15":"shipping-taxable","16":"purchasable","17":"product-type-simple"},"_links":{"self":[{"href":"https:\/\/roveyayinevi.com.tr\/index.php\/wp-json\/wp\/v2\/product\/731992","targetHints":{"allow":["GET"]}}],"collection":[{"href":"https:\/\/roveyayinevi.com.tr\/index.php\/wp-json\/wp\/v2\/product"}],"about":[{"href":"https:\/\/roveyayinevi.com.tr\/index.php\/wp-json\/wp\/v2\/types\/product"}],"wp:attachment":[{"href":"https:\/\/roveyayinevi.com.tr\/index.php\/wp-json\/wp\/v2\/media?parent=731992"}],"wp:term":[{"taxonomy":"product_brand","embeddable":true,"href":"https:\/\/roveyayinevi.com.tr\/index.php\/wp-json\/wp\/v2\/product_brand?post=731992"},{"taxonomy":"product_cat","embeddable":true,"href":"https:\/\/roveyayinevi.com.tr\/index.php\/wp-json\/wp\/v2\/product_cat?post=731992"},{"taxonomy":"product_tag","embeddable":true,"href":"https:\/\/roveyayinevi.com.tr\/index.php\/wp-json\/wp\/v2\/product_tag?post=731992"}],"curies":[{"name":"wp","href":"https:\/\/api.w.org\/{rel}","templated":true}]}}