{"id":731991,"date":"2025-08-27T21:42:00","date_gmt":"2025-08-27T18:42:00","guid":{"rendered":"https:\/\/roveyayinevi.com.tr\/index.php\/urun\/caglar-karanliktan-korkmuyor-ilk-okuma-kitabim\/"},"modified":"2026-04-16T02:39:52","modified_gmt":"2026-04-15T23:39:52","slug":"caglar-karanliktan-korkmuyor-ilk-okuma-kitabim","status":"publish","type":"product","link":"https:\/\/roveyayinevi.com.tr\/index.php\/urun\/caglar-karanliktan-korkmuyor-ilk-okuma-kitabim\/","title":{"rendered":"\u00c7a\u011flar Karanl\u0131ktan Korkmuyor &#8211; \u0130lk Okuma Kitab\u0131m"},"content":{"rendered":"<p>\u00c7a\u011flar gece yar\u0131s\u0131 birden uyand\u0131. Acilen tuvalete gitmesi gerekiyordu. Ama bir dakika! Koridorun her gece a\u00e7\u0131k olan \u0131\u015f\u0131\u011f\u0131, o gece kapal\u0131yd\u0131. \u00c7a\u011flar tuvalete nas\u0131l gidecekti? H\u0131zl\u0131ca d\u00fc\u015f\u00fcnen \u00c7a\u011flar, hemen bir \u00e7\u00f6z\u00fcm buldu! <\/p>\n","protected":false},"excerpt":{"rendered":"<p>\u00c7a\u011flar gece yar\u0131s\u0131 birden uyand\u0131. Acilen tuvalete gitmesi gerekiyordu. Ama bir dakika! Koridorun her gece a\u00e7\u0131k olan \u0131\u015f\u0131\u011f\u0131, o gece kapal\u0131yd\u0131. \u00c7a\u011flar tuvalete nas\u0131l gidecekti? H\u0131zl\u0131ca<span class=\"excerpt-hellip\"> [\u2026]<\/span><\/p>\n","protected":false},"featured_media":0,"template":"","meta":{"_monsterinsights_skip_tracking":false,"_monsterinsights_sitenote_active":false,"_monsterinsights_sitenote_note":"","_monsterinsights_sitenote_category":0},"product_brand":[],"product_cat":[12913,12274],"product_tag":[],"class_list":{"0":"post-731991","1":"product","2":"type-product","3":"status-publish","5":"product_cat-3-6-yas-kitaplari","6":"product_cat-cocuk-ve-genclik-kitaplari","7":"pa_cilt-ciltsiz","8":"pa_tur-kitap","9":"pa_yayinevi-is-bankasi-kultur-yayinlari","10":"pa_yazar-christian-tielmann","12":"first","13":"instock","14":"sale","15":"shipping-taxable","16":"purchasable","17":"product-type-simple"},"_links":{"self":[{"href":"https:\/\/roveyayinevi.com.tr\/index.php\/wp-json\/wp\/v2\/product\/731991","targetHints":{"allow":["GET"]}}],"collection":[{"href":"https:\/\/roveyayinevi.com.tr\/index.php\/wp-json\/wp\/v2\/product"}],"about":[{"href":"https:\/\/roveyayinevi.com.tr\/index.php\/wp-json\/wp\/v2\/types\/product"}],"wp:attachment":[{"href":"https:\/\/roveyayinevi.com.tr\/index.php\/wp-json\/wp\/v2\/media?parent=731991"}],"wp:term":[{"taxonomy":"product_brand","embeddable":true,"href":"https:\/\/roveyayinevi.com.tr\/index.php\/wp-json\/wp\/v2\/product_brand?post=731991"},{"taxonomy":"product_cat","embeddable":true,"href":"https:\/\/roveyayinevi.com.tr\/index.php\/wp-json\/wp\/v2\/product_cat?post=731991"},{"taxonomy":"product_tag","embeddable":true,"href":"https:\/\/roveyayinevi.com.tr\/index.php\/wp-json\/wp\/v2\/product_tag?post=731991"}],"curies":[{"name":"wp","href":"https:\/\/api.w.org\/{rel}","templated":true}]}}