{"id":731990,"date":"2025-08-27T21:41:59","date_gmt":"2025-08-27T18:41:59","guid":{"rendered":"https:\/\/roveyayinevi.com.tr\/index.php\/urun\/hellenika\/"},"modified":"2026-04-16T02:39:52","modified_gmt":"2026-04-15T23:39:52","slug":"hellenika","status":"publish","type":"product","link":"https:\/\/roveyayinevi.com.tr\/index.php\/urun\/hellenika\/","title":{"rendered":"Hellenika"},"content":{"rendered":"<p>Bilimsel tarih yaz\u0131c\u0131l\u0131\u011f\u0131n\u0131n \u00f6nc\u00fcs\u00fc olarak kabul edilen Thukydides\u2019in tarih\u00e7ili\u011finden b\u00fcy\u00fck \u00f6l\u00e7\u00fcde etkilenmi\u015f Ksenophon\u2019un kaleme ald\u0131\u011f\u0131 Hellenika, Thukydides\u2019in Peloponnesos Sava\u015flar\u0131n\u0131 anlatt\u0131\u011f\u0131 eserinin devam\u0131 niteli\u011findedir. Olaylar\u0131 tarafs\u0131z bir bi\u00e7imde ele almaya \u00e7al\u0131\u015fan Ksenophon, Hellen kent devletlerinin M\u00d6 5. y\u00fczy\u0131l sonlar\u0131 ile 4. y\u00fczy\u0131l\u0131n yakla\u015f\u0131k ilk yar\u0131s\u0131ndaki durumunu ve Yunan anakaras\u0131 ile Anadolu\u2019da meydana gelmi\u015f olaylar\u0131 kronolojik bir \u015fekilde aktar\u0131r. Zaferlerle ve hezimetlerle dolu 50 y\u0131ll\u0131k f\u0131rt\u0131nal\u0131 bir d\u00f6nemi anlatan parlak tarih\u00e7i, hem tarihi hem de hat\u0131ralar\u0131 birle\u015ftirerek kriz d\u00f6nemindeki Yunanlar\u0131n portresini ortaya koyar.<\/p>\n","protected":false},"excerpt":{"rendered":"<p>Bilimsel tarih yaz\u0131c\u0131l\u0131\u011f\u0131n\u0131n \u00f6nc\u00fcs\u00fc olarak kabul edilen Thukydides\u2019in tarih\u00e7ili\u011finden b\u00fcy\u00fck \u00f6l\u00e7\u00fcde etkilenmi\u015f Ksenophon\u2019un kaleme ald\u0131\u011f\u0131 Hellenika, Thukydides\u2019in Peloponnesos Sava\u015flar\u0131n\u0131 anlatt\u0131\u011f\u0131 eserinin devam\u0131 niteli\u011findedir. Olaylar\u0131 tarafs\u0131z bir<span class=\"excerpt-hellip\"> [\u2026]<\/span><\/p>\n","protected":false},"featured_media":0,"template":"","meta":{"_monsterinsights_skip_tracking":false,"_monsterinsights_sitenote_active":false,"_monsterinsights_sitenote_note":"","_monsterinsights_sitenote_category":0},"product_brand":[],"product_cat":[12370,12304],"product_tag":[],"class_list":{"0":"post-731990","1":"product","2":"type-product","3":"status-publish","5":"product_cat-arastirma-inceleme","6":"product_cat-tarih","7":"pa_cilt-ciltsiz","8":"pa_tur-kitap","9":"pa_yayinevi-pinhan-yayincilik","10":"pa_yazar-ksenophon","12":"first","13":"instock","14":"sale","15":"shipping-taxable","16":"purchasable","17":"product-type-simple"},"_links":{"self":[{"href":"https:\/\/roveyayinevi.com.tr\/index.php\/wp-json\/wp\/v2\/product\/731990","targetHints":{"allow":["GET"]}}],"collection":[{"href":"https:\/\/roveyayinevi.com.tr\/index.php\/wp-json\/wp\/v2\/product"}],"about":[{"href":"https:\/\/roveyayinevi.com.tr\/index.php\/wp-json\/wp\/v2\/types\/product"}],"wp:attachment":[{"href":"https:\/\/roveyayinevi.com.tr\/index.php\/wp-json\/wp\/v2\/media?parent=731990"}],"wp:term":[{"taxonomy":"product_brand","embeddable":true,"href":"https:\/\/roveyayinevi.com.tr\/index.php\/wp-json\/wp\/v2\/product_brand?post=731990"},{"taxonomy":"product_cat","embeddable":true,"href":"https:\/\/roveyayinevi.com.tr\/index.php\/wp-json\/wp\/v2\/product_cat?post=731990"},{"taxonomy":"product_tag","embeddable":true,"href":"https:\/\/roveyayinevi.com.tr\/index.php\/wp-json\/wp\/v2\/product_tag?post=731990"}],"curies":[{"name":"wp","href":"https:\/\/api.w.org\/{rel}","templated":true}]}}