{"id":731989,"date":"2025-08-27T21:41:58","date_gmt":"2025-08-27T18:41:58","guid":{"rendered":"https:\/\/roveyayinevi.com.tr\/index.php\/urun\/elif-babasina-yardim-ediyor-ilk-okuma-kitabim\/"},"modified":"2026-04-16T02:39:52","modified_gmt":"2026-04-15T23:39:52","slug":"elif-babasina-yardim-ediyor-ilk-okuma-kitabim","status":"publish","type":"product","link":"https:\/\/roveyayinevi.com.tr\/index.php\/urun\/elif-babasina-yardim-ediyor-ilk-okuma-kitabim\/","title":{"rendered":"Elif Babas\u0131na Yard\u0131m Ediyor &#8211; \u0130lk Okuma Kitab\u0131m"},"content":{"rendered":"<p>Elif\u2019in annesi, karde\u015fiyle birlikte hafta sonunda arkada\u015f\u0131n\u0131 ziyarete gitmi\u015fti. Elif\u2019le babas\u0131 da bu s\u00fcreyi bah\u00e7eyi d\u00fczenleyerek ge\u00e7irmeye karar verdiler. Hafta sonunu bisiklet tamir ederek, bah\u00e7e i\u00e7in sebze ve \u00e7i\u00e7ek tohumlar\u0131 alarak ve bah\u00e7ede \u00e7al\u0131\u015farak ge\u00e7irdiler. Elif ile babas\u0131 harika bir ekip oldular! <\/p>\n","protected":false},"excerpt":{"rendered":"<p>Elif\u2019in annesi, karde\u015fiyle birlikte hafta sonunda arkada\u015f\u0131n\u0131 ziyarete gitmi\u015fti. Elif\u2019le babas\u0131 da bu s\u00fcreyi bah\u00e7eyi d\u00fczenleyerek ge\u00e7irmeye karar verdiler. Hafta sonunu bisiklet tamir ederek, bah\u00e7e i\u00e7in<span class=\"excerpt-hellip\"> [\u2026]<\/span><\/p>\n","protected":false},"featured_media":0,"template":"","meta":{"_monsterinsights_skip_tracking":false,"_monsterinsights_sitenote_active":false,"_monsterinsights_sitenote_note":"","_monsterinsights_sitenote_category":0},"product_brand":[],"product_cat":[12913,12274],"product_tag":[],"class_list":{"0":"post-731989","1":"product","2":"type-product","3":"status-publish","5":"product_cat-3-6-yas-kitaplari","6":"product_cat-cocuk-ve-genclik-kitaplari","7":"pa_cilt-ciltsiz","8":"pa_tur-kitap","9":"pa_yayinevi-is-bankasi-kultur-yayinlari","10":"pa_yazar-liane-schneider","12":"first","13":"instock","14":"sale","15":"shipping-taxable","16":"purchasable","17":"product-type-simple"},"_links":{"self":[{"href":"https:\/\/roveyayinevi.com.tr\/index.php\/wp-json\/wp\/v2\/product\/731989","targetHints":{"allow":["GET"]}}],"collection":[{"href":"https:\/\/roveyayinevi.com.tr\/index.php\/wp-json\/wp\/v2\/product"}],"about":[{"href":"https:\/\/roveyayinevi.com.tr\/index.php\/wp-json\/wp\/v2\/types\/product"}],"wp:attachment":[{"href":"https:\/\/roveyayinevi.com.tr\/index.php\/wp-json\/wp\/v2\/media?parent=731989"}],"wp:term":[{"taxonomy":"product_brand","embeddable":true,"href":"https:\/\/roveyayinevi.com.tr\/index.php\/wp-json\/wp\/v2\/product_brand?post=731989"},{"taxonomy":"product_cat","embeddable":true,"href":"https:\/\/roveyayinevi.com.tr\/index.php\/wp-json\/wp\/v2\/product_cat?post=731989"},{"taxonomy":"product_tag","embeddable":true,"href":"https:\/\/roveyayinevi.com.tr\/index.php\/wp-json\/wp\/v2\/product_tag?post=731989"}],"curies":[{"name":"wp","href":"https:\/\/api.w.org\/{rel}","templated":true}]}}