{"id":731988,"date":"2025-08-27T21:41:57","date_gmt":"2025-08-27T18:41:57","guid":{"rendered":"https:\/\/roveyayinevi.com.tr\/index.php\/urun\/kader-evleri\/"},"modified":"2026-04-16T02:39:52","modified_gmt":"2026-04-15T23:39:52","slug":"kader-evleri","status":"publish","type":"product","link":"https:\/\/roveyayinevi.com.tr\/index.php\/urun\/kader-evleri\/","title":{"rendered":"Kader Evleri"},"content":{"rendered":"<p>Kader Evleri   Dertler dizde durulur, keder \u00f6zde kar\u0131l\u0131r Kadersiz g\u00f6n\u00fcllerde g\u00fcn geceye sar\u0131l\u0131r Ya\u011fmur k\u00fcser yapra\u011fa, kara toprak yar\u0131l\u0131r A\u011flayan\u0131, g\u00fcleni se\u00e7er kader evleri   Bulutlar\u0131n burcunda, sular\u0131n oca\u011f\u0131nda Y\u0131ld\u0131zlar\u0131n elinde, aylar\u0131n kuca\u011f\u0131nda G\u00fcne\u015fin ota\u011f\u0131nda, sahran\u0131n s\u0131ca\u011f\u0131nda Bir \u00e2lemin baht\u0131n\u0131 bi\u00e7er kader evleri   Bazen olur bal bulur baklava, b\u00f6re\u011finde Bazen a\u011flar elleri \u00e7ay\u0131nda, \u00e7\u00f6re\u011finde Bazen alev ta\u015f olur, yer yanar y\u00fcre\u011finde Bazen buzlu sular\u0131 i\u00e7er kader evleri   Bazen avlar baharda yola d\u00fc\u015fen yelleri Dalda bombo\u015f b\u0131rak\u0131r g\u00fcl bekleyen elleri Bazen olur par\u00e7alar kurulan hayalleri B\u00f6ler birer, iki\u015fer, \u00fc\u00e7er kader evleri   K\u00e2inat\u0131n keyfine \u00e2lem dese hep deli Vuslat vaki olunca kim dinler ki engeli Dost eline \u00e7a\u011f\u0131rsa bir dostunu dost eli Geceleyin g\u00f6kleri ge\u00e7er kader evleri   Kimisi y\u00fcre\u011finde yapayaln\u0131z yanar hep Kiminin yaras\u0131na kim dokunsa kanar hep Kalanlar gidenleri kaybedince anar hep \u00d6l\u00fcm\u00fcn \u00f6zlemini \u00f6l\u00e7er kader evleri   Kar alt\u0131nda ruhunu dinlendiren y\u00fcrekler A\u011faran \u015fafaklardan sonsuzlu\u011fa yol bekler Bilirler ki gidenler bir g\u00fcn hep gelecekler G\u00f6zlerinde g\u00fclerek g\u00f6\u00e7er kader evleri <\/p>\n","protected":false},"excerpt":{"rendered":"<p>Kader Evleri Dertler dizde durulur, keder \u00f6zde kar\u0131l\u0131r Kadersiz g\u00f6n\u00fcllerde g\u00fcn geceye sar\u0131l\u0131r Ya\u011fmur k\u00fcser yapra\u011fa, kara toprak yar\u0131l\u0131r A\u011flayan\u0131, g\u00fcleni se\u00e7er kader evleri Bulutlar\u0131n burcunda,<span class=\"excerpt-hellip\"> [\u2026]<\/span><\/p>\n","protected":false},"featured_media":0,"template":"","meta":{"_monsterinsights_skip_tracking":false,"_monsterinsights_sitenote_active":false,"_monsterinsights_sitenote_note":"","_monsterinsights_sitenote_category":0},"product_brand":[],"product_cat":[12291,12509],"product_tag":[],"class_list":{"0":"post-731988","1":"product","2":"type-product","3":"status-publish","5":"product_cat-edebiyat","6":"product_cat-siir","7":"pa_cilt-ciltsiz","8":"pa_tur-kitap","9":"pa_yayinevi-gulnar-yayinlari","10":"pa_yazar-hamit-goksoy","12":"first","13":"instock","14":"sale","15":"shipping-taxable","16":"purchasable","17":"product-type-simple"},"_links":{"self":[{"href":"https:\/\/roveyayinevi.com.tr\/index.php\/wp-json\/wp\/v2\/product\/731988","targetHints":{"allow":["GET"]}}],"collection":[{"href":"https:\/\/roveyayinevi.com.tr\/index.php\/wp-json\/wp\/v2\/product"}],"about":[{"href":"https:\/\/roveyayinevi.com.tr\/index.php\/wp-json\/wp\/v2\/types\/product"}],"wp:attachment":[{"href":"https:\/\/roveyayinevi.com.tr\/index.php\/wp-json\/wp\/v2\/media?parent=731988"}],"wp:term":[{"taxonomy":"product_brand","embeddable":true,"href":"https:\/\/roveyayinevi.com.tr\/index.php\/wp-json\/wp\/v2\/product_brand?post=731988"},{"taxonomy":"product_cat","embeddable":true,"href":"https:\/\/roveyayinevi.com.tr\/index.php\/wp-json\/wp\/v2\/product_cat?post=731988"},{"taxonomy":"product_tag","embeddable":true,"href":"https:\/\/roveyayinevi.com.tr\/index.php\/wp-json\/wp\/v2\/product_tag?post=731988"}],"curies":[{"name":"wp","href":"https:\/\/api.w.org\/{rel}","templated":true}]}}