{"id":731987,"date":"2025-08-27T21:41:56","date_gmt":"2025-08-27T18:41:56","guid":{"rendered":"https:\/\/roveyayinevi.com.tr\/index.php\/urun\/seher-vakti-sozleri\/"},"modified":"2026-04-16T02:39:52","modified_gmt":"2026-04-15T23:39:52","slug":"seher-vakti-sozleri","status":"publish","type":"product","link":"https:\/\/roveyayinevi.com.tr\/index.php\/urun\/seher-vakti-sozleri\/","title":{"rendered":"Seher Vakti S\u00f6zleri"},"content":{"rendered":"<p>Adaletsizlik, ahl\u00e2ks\u0131zl\u0131\u011f\u0131n kap\u0131s\u0131d\u0131r. ** Hak diyeni seven, hak yiyeni sevmez. ** G\u00fczelli\u011fin zirvesi g\u00fczel ahl\u00e2kt\u0131r. ** Seven kad\u0131n erke\u011finin terine, sevmeyen kirine bakar. ** Ak\u0131ll\u0131 adam, akl\u0131n\u0131 kurcalayan adamd\u0131r. ** \u00d6r\u00fcmce\u011fin \u00f6l\u00fcm\u00fc a\u011fda, kurdun \u00f6l\u00fcm\u00fc da\u011fda olur. ** Sonsuzlu\u011fa \u00e2\u015f\u0131k olanlar, sonsuz a\u015fklar bulurlar. ** Sevgi ile baksa e\u011fer, g\u00fczel g\u00f6zler \u00f6mre de\u011fer. ** Bayrak, bir milletin \u00fclk\u00fcs\u00fc ve s\u00fcs\u00fcd\u00fcr. ** A\u00e7 olana a\u015f olmayan, a\u011flayana ya\u015f olmaz. ** Varyemezler yok yerler, r\u00fcyas\u0131nda \u00e7ok yerler. ** Kibrin k\u00e2r\u0131, kabrin n\u00e2r\u0131d\u0131r. ** Bozuk insan da bozuk para gibidir; her an harcanmaya haz\u0131r ve gidicidir. ** \u0130ktidarda sarho\u015f olanlar, itibarda naho\u015f olurlar. ** Yazar y\u0131ld\u0131z gibidir; g\u00fcne\u015fi emerek ya\u015far. ** Ya\u015famak \u00f6l\u00fcme, \u00f6l\u00fcm ya\u015fama yakla\u015fmakt\u0131<\/p>\n","protected":false},"excerpt":{"rendered":"<p>Adaletsizlik, ahl\u00e2ks\u0131zl\u0131\u011f\u0131n kap\u0131s\u0131d\u0131r. ** Hak diyeni seven, hak yiyeni sevmez. ** G\u00fczelli\u011fin zirvesi g\u00fczel ahl\u00e2kt\u0131r. ** Seven kad\u0131n erke\u011finin terine, sevmeyen kirine bakar. ** Ak\u0131ll\u0131 adam,<span class=\"excerpt-hellip\"> [\u2026]<\/span><\/p>\n","protected":false},"featured_media":0,"template":"","meta":{"_monsterinsights_skip_tracking":false,"_monsterinsights_sitenote_active":false,"_monsterinsights_sitenote_note":"","_monsterinsights_sitenote_category":0},"product_brand":[],"product_cat":[12777,12291],"product_tag":[],"class_list":{"0":"post-731987","1":"product","2":"type-product","3":"status-publish","5":"product_cat-deneme","6":"product_cat-edebiyat","7":"pa_cilt-ciltsiz","8":"pa_tur-kitap","9":"pa_yayinevi-gulnar-yayinlari","10":"pa_yazar-hamit-goksoy","12":"first","13":"instock","14":"sale","15":"shipping-taxable","16":"purchasable","17":"product-type-simple"},"_links":{"self":[{"href":"https:\/\/roveyayinevi.com.tr\/index.php\/wp-json\/wp\/v2\/product\/731987","targetHints":{"allow":["GET"]}}],"collection":[{"href":"https:\/\/roveyayinevi.com.tr\/index.php\/wp-json\/wp\/v2\/product"}],"about":[{"href":"https:\/\/roveyayinevi.com.tr\/index.php\/wp-json\/wp\/v2\/types\/product"}],"wp:attachment":[{"href":"https:\/\/roveyayinevi.com.tr\/index.php\/wp-json\/wp\/v2\/media?parent=731987"}],"wp:term":[{"taxonomy":"product_brand","embeddable":true,"href":"https:\/\/roveyayinevi.com.tr\/index.php\/wp-json\/wp\/v2\/product_brand?post=731987"},{"taxonomy":"product_cat","embeddable":true,"href":"https:\/\/roveyayinevi.com.tr\/index.php\/wp-json\/wp\/v2\/product_cat?post=731987"},{"taxonomy":"product_tag","embeddable":true,"href":"https:\/\/roveyayinevi.com.tr\/index.php\/wp-json\/wp\/v2\/product_tag?post=731987"}],"curies":[{"name":"wp","href":"https:\/\/api.w.org\/{rel}","templated":true}]}}