{"id":731986,"date":"2025-08-27T21:41:55","date_gmt":"2025-08-27T18:41:55","guid":{"rendered":"https:\/\/roveyayinevi.com.tr\/index.php\/urun\/resimli-sozluk\/"},"modified":"2026-04-16T02:39:52","modified_gmt":"2026-04-15T23:39:52","slug":"resimli-sozluk","status":"publish","type":"product","link":"https:\/\/roveyayinevi.com.tr\/index.php\/urun\/resimli-sozluk\/","title":{"rendered":"Resimli S\u00f6zl\u00fck"},"content":{"rendered":"<p>&#8220;Resimli S\u00f6zl\u00fck&#8221; adl\u0131 bu kitap, dil \u00f6\u011frenenlerin modern Kazak\u00e7a, T\u00fcrk\u00e7e, \u0130ngilizce ve Rus\u00e7a&#8217;n\u0131n temel kelime da\u011farc\u0131\u011f\u0131na hakim olmalar\u0131na yard\u0131mc\u0131 olmak i\u00e7in olu\u015fturulmu\u015ftur. Kelimelere resimlerle e\u015flik etmek, kelimelerin tematik gruplar\u0131n\u0131 e\u011flenceli bir \u015fekilde incelemenizi sa\u011flayacakt\u0131r.  Bir nesnenin ad\u0131n\u0131 duyan ayn\u0131 zamanda resmini g\u00f6ren \u00e7ocuklar,  kar\u015f\u0131l\u0131k gelen kelimeleri daha kolay ezberler ve yaz\u0131l\u0131\u015flar\u0131n\u0131 daha kolay \u00f6\u011frenirler.  Bu s\u00f6zl\u00fck, sadece okuldaki alt s\u0131n\u0131flarda dil \u00f6\u011frenen \u00f6\u011frencilerin kelime da\u011farc\u0131\u011f\u0131n\u0131 art\u0131rmak i\u00e7in de\u011fil, ayn\u0131 zamanda yeti\u015fkinlere de yararl\u0131d\u0131r. B\u00f6yle bir s\u00f6zl\u00fck, geli\u015fmeye katk\u0131 sa\u011flayan bir konu\u015fma ortam\u0131n\u0131n yoklu\u011funda farkl\u0131 ya\u015flardaki t\u00fcm \u00f6\u011frenciler i\u00e7in son derece gereklidir.  Bu s\u00f6zl\u00fck nas\u0131l \u00e7al\u0131\u015f\u0131r? Nas\u0131l kullan\u0131l\u0131r?  \u00d6\u011frenme kolayl\u0131\u011f\u0131 ve ezberleme kolayl\u0131\u011f\u0131 i\u00e7in Soyut kelimeler tematik gruplar halinde toplan\u0131r, \u00f6rne\u011fin &#8220;Aile, Ev, Hava Durumu&#8221; vb. Her kelimeye bir resim e\u015flik eder. \u00d6nce ilgili nesnenin resmi ve ard\u0131ndan nesnenin ad\u0131n\u0131n d\u00f6rt dilde yaz\u0131m\u0131 mevcuttur  Kelimenin kendisini y\u00fcksek sesle okuyarak veya ba\u015fka birinden bunu yapmas\u0131n\u0131 isteyerek, \u00e7ocuklar bu nesnenin ad\u0131n\u0131 tan\u0131yabilecek ve hat\u0131rlayabilecektir.  Bu s\u00f6zl\u00fc\u011f\u00fc kullanarak, \u00f6\u011frenciler ba\u011f\u0131ms\u0131z olarak hedef dilde kelime da\u011farc\u0131\u011f\u0131na hakim olma ve kelime da\u011farc\u0131\u011f\u0131n\u0131 geni\u015fletme f\u0131rsat\u0131na sahip olabilecektir. Bu onlar\u0131n dilin s\u00f6zc\u00fcksel sistemini alamalar\u0131na da katk\u0131 sa\u011flayacakt\u0131r. <\/p>\n","protected":false},"excerpt":{"rendered":"<p>&#8220;Resimli S\u00f6zl\u00fck&#8221; adl\u0131 bu kitap, dil \u00f6\u011frenenlerin modern Kazak\u00e7a, T\u00fcrk\u00e7e, \u0130ngilizce ve Rus\u00e7a&#8217;n\u0131n temel kelime da\u011farc\u0131\u011f\u0131na hakim olmalar\u0131na yard\u0131mc\u0131 olmak i\u00e7in olu\u015fturulmu\u015ftur. Kelimelere resimlerle e\u015flik etmek,<span class=\"excerpt-hellip\"> [\u2026]<\/span><\/p>\n","protected":false},"featured_media":0,"template":"","meta":{"_monsterinsights_skip_tracking":false,"_monsterinsights_sitenote_active":false,"_monsterinsights_sitenote_note":"","_monsterinsights_sitenote_category":0},"product_brand":[],"product_cat":[12566,13611,19496],"product_tag":[],"class_list":{"0":"post-731986","1":"product","2":"type-product","3":"status-publish","5":"product_cat-egitim","6":"product_cat-sozlukler-ve-konusma-kilavuzlari","7":"product_cat-turkce-sozlukler","8":"pa_cilt-ciltsiz","9":"pa_tur-kitap","10":"pa_yayinevi-gulnar-yayinlari","11":"pa_yazar-karlygash-ashirkhanova","13":"first","14":"instock","15":"sale","16":"shipping-taxable","17":"purchasable","18":"product-type-simple"},"_links":{"self":[{"href":"https:\/\/roveyayinevi.com.tr\/index.php\/wp-json\/wp\/v2\/product\/731986","targetHints":{"allow":["GET"]}}],"collection":[{"href":"https:\/\/roveyayinevi.com.tr\/index.php\/wp-json\/wp\/v2\/product"}],"about":[{"href":"https:\/\/roveyayinevi.com.tr\/index.php\/wp-json\/wp\/v2\/types\/product"}],"wp:attachment":[{"href":"https:\/\/roveyayinevi.com.tr\/index.php\/wp-json\/wp\/v2\/media?parent=731986"}],"wp:term":[{"taxonomy":"product_brand","embeddable":true,"href":"https:\/\/roveyayinevi.com.tr\/index.php\/wp-json\/wp\/v2\/product_brand?post=731986"},{"taxonomy":"product_cat","embeddable":true,"href":"https:\/\/roveyayinevi.com.tr\/index.php\/wp-json\/wp\/v2\/product_cat?post=731986"},{"taxonomy":"product_tag","embeddable":true,"href":"https:\/\/roveyayinevi.com.tr\/index.php\/wp-json\/wp\/v2\/product_tag?post=731986"}],"curies":[{"name":"wp","href":"https:\/\/api.w.org\/{rel}","templated":true}]}}