{"id":731983,"date":"2025-08-27T21:41:52","date_gmt":"2025-08-27T18:41:52","guid":{"rendered":"https:\/\/roveyayinevi.com.tr\/index.php\/urun\/insanda-ve-hayvanlarda-duygularin-ifade-edilmesi\/"},"modified":"2025-11-21T06:57:45","modified_gmt":"2025-11-21T03:57:45","slug":"insanda-ve-hayvanlarda-duygularin-ifade-edilmesi","status":"publish","type":"product","link":"https:\/\/roveyayinevi.com.tr\/index.php\/urun\/insanda-ve-hayvanlarda-duygularin-ifade-edilmesi\/","title":{"rendered":"\u0130nsanda ve Hayvanlarda Duygular\u0131n \u0130fade Edilmesi"},"content":{"rendered":"<p>Elinizdeki bu kitap Darwin\u2019in son b\u00fcy\u00fck eseridir ve evrim kuram\u0131nda eksik tek nokta olan duygular\u0131 ele al\u0131r. \u00d6nceki eserlerinde insanlar\u0131n di\u011fer hayvanlardan kategorik olarak farkl\u0131 olmad\u0131\u011f\u0131n\u0131 ve d\u00fcnya \u00fczerindeki b\u00fct\u00fcn canl\u0131lar\u0131n ortak bir atadan geldi\u011fini ispatlayan Darwin, bu eserinde insanlar ve hayvanlarda duygular\u0131n nas\u0131l ortakl\u0131klar g\u00f6sterdi\u011fini analiz ederek hayvan davran\u0131\u015flar\u0131n\u0131 inceleyen bir bilim dal\u0131 olan etolojinin de temellerini atm\u0131\u015f olur.\u201cZaman i\u00e7inde Darwinci devrim, d\u00fcnya \u00fczerindeki her e\u011fitimli insan\u0131n akl\u0131nda ve kalbinde emin ve rahat bir \u015fekilde yerini alacakt\u0131r, fakat bug\u00fcn Darwin\u2019in \u00f6l\u00fcm\u00fcn\u00fcn \u00fczerinden bir as\u0131rdan fazla zaman ge\u00e7mesine ra\u011fmen h\u00e2l\u00e2 onun parmak \u0131s\u0131rtan \u00e7\u0131kar\u0131mlarla dolu ifadelerini tam olarak hazmedebilmi\u015f de\u011filiz.\u201d\u2013Daniel Dennett\u201cDarwinci kuram yaln\u0131zca \u00fcst\u00fcn bir a\u00e7\u0131klama g\u00fcc\u00fcne sahip olmakla kalmaz; a\u00e7\u0131klamas\u0131ndaki ekonomikli\u011fin g\u00fc\u00e7 dolu zarafeti, d\u00fcnyan\u0131n en unutulmaz ba\u015flang\u0131\u00e7 mitlerine bile \u00fcst\u00fcn gelecek \u015fiirsel bir g\u00fczelli\u011fi vard\u0131r.\u201d\u2013Richard Dawkins\u201cHi\u00e7bir bilimsel devrim daha \u00f6nceki al\u0131\u015fkanl\u0131klar\u0131m\u0131z\u0131 ve kanaatlerimizi de\u011fi\u015ftirme a\u00e7\u0131s\u0131ndan Darwin\u2019in bulu\u015fuyla kar\u015f\u0131la\u015ft\u0131r\u0131lamaz. Darwinci evrim \u00e7ok derin bir bi\u00e7imde, kendi varl\u0131\u011f\u0131m\u0131z ve \u00f6z\u00fcm\u00fcze ili\u015fkin alg\u0131lar\u0131m\u0131zda ve bilimin i\u015faret etti\u011fi benzer sorular konusunda da bir devrim yaratm\u0131\u015ft\u0131r: Biz kimiz? Buraya nas\u0131l geldik? Di\u011fer yarat\u0131klarla ili\u015fkimiz nedir ve hangi yollad\u0131r?\u201d\u2013Carl Zimmer<\/p>\n","protected":false},"excerpt":{"rendered":"<p>Elinizdeki bu kitap Darwin\u2019in son b\u00fcy\u00fck eseridir ve evrim kuram\u0131nda eksik tek nokta olan duygular\u0131 ele al\u0131r. \u00d6nceki eserlerinde insanlar\u0131n di\u011fer hayvanlardan kategorik olarak farkl\u0131 olmad\u0131\u011f\u0131n\u0131<span class=\"excerpt-hellip\"> [\u2026]<\/span><\/p>\n","protected":false},"featured_media":0,"template":"","meta":{"_monsterinsights_skip_tracking":false,"_monsterinsights_sitenote_active":false,"_monsterinsights_sitenote_note":"","_monsterinsights_sitenote_category":0},"product_brand":[],"product_cat":[13005,37328],"product_tag":[],"class_list":{"0":"post-731983","1":"product","2":"type-product","3":"status-publish","5":"product_cat-bilim-muhendislik","6":"product_cat-diger-bilim-muhendislik","7":"pa_cilt-ciltsiz","8":"pa_tur-kitap","9":"pa_yayinevi-alfa-yayinlari","10":"pa_yazar-charles-darwin","12":"first","13":"instock","14":"sale","15":"shipping-taxable","16":"purchasable","17":"product-type-simple"},"_links":{"self":[{"href":"https:\/\/roveyayinevi.com.tr\/index.php\/wp-json\/wp\/v2\/product\/731983","targetHints":{"allow":["GET"]}}],"collection":[{"href":"https:\/\/roveyayinevi.com.tr\/index.php\/wp-json\/wp\/v2\/product"}],"about":[{"href":"https:\/\/roveyayinevi.com.tr\/index.php\/wp-json\/wp\/v2\/types\/product"}],"wp:attachment":[{"href":"https:\/\/roveyayinevi.com.tr\/index.php\/wp-json\/wp\/v2\/media?parent=731983"}],"wp:term":[{"taxonomy":"product_brand","embeddable":true,"href":"https:\/\/roveyayinevi.com.tr\/index.php\/wp-json\/wp\/v2\/product_brand?post=731983"},{"taxonomy":"product_cat","embeddable":true,"href":"https:\/\/roveyayinevi.com.tr\/index.php\/wp-json\/wp\/v2\/product_cat?post=731983"},{"taxonomy":"product_tag","embeddable":true,"href":"https:\/\/roveyayinevi.com.tr\/index.php\/wp-json\/wp\/v2\/product_tag?post=731983"}],"curies":[{"name":"wp","href":"https:\/\/api.w.org\/{rel}","templated":true}]}}