{"id":731982,"date":"2025-08-27T21:41:50","date_gmt":"2025-08-27T18:41:50","guid":{"rendered":"https:\/\/roveyayinevi.com.tr\/index.php\/urun\/don-isidro-parodiye-alti-bilmece\/"},"modified":"2026-04-11T13:59:23","modified_gmt":"2026-04-11T10:59:23","slug":"don-isidro-parodiye-alti-bilmece","status":"publish","type":"product","link":"https:\/\/roveyayinevi.com.tr\/index.php\/urun\/don-isidro-parodiye-alti-bilmece\/","title":{"rendered":"Don Isidro Parodi\u2019ye Alt\u0131 Bilmece"},"content":{"rendered":"<p>Honorio Bustos Domecq, Latin Amerika edebiyat\u0131na damgas\u0131n\u0131 vurmu\u015f olan Jorge Luis Borges ve Adolfo Bioy Casares\u2019in ortakla\u015fa yaratt\u0131klar\u0131 kurmaca bir yazar; onun imzas\u0131n\u0131 ta\u015f\u0131yan Don Isidro Parodi\u2019ye Alt\u0131 Bilmece ise Borges ve Bioy ikilisinin ola\u011fan\u00fcst\u00fc hayal g\u00fc\u00e7lerinin ilk ortak \u00fcr\u00fcn\u00fcd\u00fcr. Kitab\u0131n ba\u015fkahraman\u0131 Don Isidro Parodi eski bir berberdir. \u0130\u015flemedi\u011fi bir su\u00e7tan \u00f6t\u00fcr\u00fc haks\u0131z yere yirmi bir y\u0131l hapis cezas\u0131na \u00e7arpt\u0131r\u0131lm\u0131\u015f, dedektifli\u011fe de cezas\u0131n\u0131 \u00e7ekerken ba\u015flam\u0131\u015ft\u0131r. Don Isidro klasik dedektifler gibi \u00e7al\u0131\u015fmaz. 273 numaral\u0131 h\u00fccresinde s\u0131cac\u0131k mate\u2019sini yudumlayarak anlat\u0131lanlar\u0131 dinler. 1940\u2019larda Buenos Aires\u2019te karanl\u0131kta kalan cinayetleri, failleri bir t\u00fcrl\u00fc yakalanamayan h\u0131rs\u0131zl\u0131k olaylar\u0131n\u0131, gizemli intiharlar\u0131 yerinden bile k\u0131p\u0131rdamadan, adeta bilmece \u00e7\u00f6zer gibi ayd\u0131nlatt\u0131\u011f\u0131 bu e\u015fsiz ser\u00fcvenler, Borges ve Bioy\u2019un polisiye edebiyata bir sayg\u0131 duru\u015fu, bir selam\u0131d\u0131r da.<\/p>\n","protected":false},"excerpt":{"rendered":"<p>Honorio Bustos Domecq, Latin Amerika edebiyat\u0131na damgas\u0131n\u0131 vurmu\u015f olan Jorge Luis Borges ve Adolfo Bioy Casares\u2019in ortakla\u015fa yaratt\u0131klar\u0131 kurmaca bir yazar; onun imzas\u0131n\u0131 ta\u015f\u0131yan Don Isidro<span class=\"excerpt-hellip\"> [\u2026]<\/span><\/p>\n","protected":false},"featured_media":0,"template":"","meta":{"_monsterinsights_skip_tracking":false,"_monsterinsights_sitenote_active":false,"_monsterinsights_sitenote_note":"","_monsterinsights_sitenote_category":0},"product_brand":[],"product_cat":[12291,12711],"product_tag":[],"class_list":{"0":"post-731982","1":"product","2":"type-product","3":"status-publish","5":"product_cat-edebiyat","6":"product_cat-roman-oyku","7":"pa_cilt-ciltsiz","8":"pa_tur-kitap","9":"pa_yayinevi-everest-yayinlari","10":"pa_yazar-jorge-luis-borges-adolfo-bioy-cadares","12":"first","13":"instock","14":"sale","15":"shipping-taxable","16":"purchasable","17":"product-type-simple"},"_links":{"self":[{"href":"https:\/\/roveyayinevi.com.tr\/index.php\/wp-json\/wp\/v2\/product\/731982","targetHints":{"allow":["GET"]}}],"collection":[{"href":"https:\/\/roveyayinevi.com.tr\/index.php\/wp-json\/wp\/v2\/product"}],"about":[{"href":"https:\/\/roveyayinevi.com.tr\/index.php\/wp-json\/wp\/v2\/types\/product"}],"wp:attachment":[{"href":"https:\/\/roveyayinevi.com.tr\/index.php\/wp-json\/wp\/v2\/media?parent=731982"}],"wp:term":[{"taxonomy":"product_brand","embeddable":true,"href":"https:\/\/roveyayinevi.com.tr\/index.php\/wp-json\/wp\/v2\/product_brand?post=731982"},{"taxonomy":"product_cat","embeddable":true,"href":"https:\/\/roveyayinevi.com.tr\/index.php\/wp-json\/wp\/v2\/product_cat?post=731982"},{"taxonomy":"product_tag","embeddable":true,"href":"https:\/\/roveyayinevi.com.tr\/index.php\/wp-json\/wp\/v2\/product_tag?post=731982"}],"curies":[{"name":"wp","href":"https:\/\/api.w.org\/{rel}","templated":true}]}}