{"id":731981,"date":"2025-08-27T21:41:49","date_gmt":"2025-08-27T18:41:49","guid":{"rendered":"https:\/\/roveyayinevi.com.tr\/index.php\/urun\/turk-tekstil-ve-egitim-sektorunde-gaziantepli-bir-oncu-cemil-alevli\/"},"modified":"2026-04-16T02:39:52","modified_gmt":"2026-04-15T23:39:52","slug":"turk-tekstil-ve-egitim-sektorunde-gaziantepli-bir-oncu-cemil-alevli","status":"publish","type":"product","link":"https:\/\/roveyayinevi.com.tr\/index.php\/urun\/turk-tekstil-ve-egitim-sektorunde-gaziantepli-bir-oncu-cemil-alevli\/","title":{"rendered":"T\u00fcrk Tekstil Ve E\u011fitim Sekt\u00f6r\u00fcnde Gaziantepli Bir \u00d6nc\u00fc Cemil Alevli"},"content":{"rendered":"<p>Kimdir Cemil Alevli?   \u201cGazi\u201d unvan\u0131n\u0131 hakk\u0131yla kazanarak Gaziantep ad\u0131n\u0131 alm\u0131\u015f, ilk s\u00f6yleni\u015fiyle \u201cAyntabl\u0131\u201d k\u00f6kl\u00fc bir ailenin \u00e7ocu\u011fudur. Gen\u00e7li\u011finin bahar\u0131nda Frans\u0131z i\u015fgaline kar\u015f\u0131 sava\u015farak \u015fehrinin edindi\u011fi unvanda bizzat pay sahibi olmu\u015f; Devletin k\u0131t kanaat b\u00fct\u00e7esiyle, Almanya\u2019ya y\u00fcksek\u00f6\u011frenime g\u00f6nderilmi\u015f; \u201cAlmanya\u2019da kal\u201d tekliflerini elinin tersiyle iterek b\u00fct\u00fcn hayat\u0131n\u0131 adayaca\u011f\u0131 memleketi Antep\u2019e d\u00f6n\u00fcp i\u015fe koyulmu\u015f; Devletten tek kuru\u015f almadan, di\u015fiyle t\u0131rna\u011f\u0131yla olu\u015fturdu\u011fu sermayesiyle kurdu\u011fu fabrikas\u0131nda sekt\u00f6r\u00fcne \u00f6nc\u00fcl\u00fck etmi\u015f; \u0130deallerini ger\u00e7ekle\u015ftirme yolunda b\u0131k\u0131p usanmadan \u00e7al\u0131\u015f\u0131p, hayat\u0131n\u0131n son on y\u0131l\u0131nda da var\u0131n\u0131 yo\u011funu T\u00fcrkiye\u2019nin yerel sermaye ile a\u00e7\u0131lm\u0131\u015f ilk \u00f6zel okullar\u0131ndan biri olan Gaziantep Koleji\u2019ne yat\u0131rarak e\u011fitim alan\u0131nda da \u00e7\u0131\u011f\u0131r a\u00e7m\u0131\u015f bir ki\u015fidir.   Cemil Alevli, hayalini kurdu\u011fu fabrika i\u00e7in y\u0131llar boyunca can\u0131n\u0131 di\u015fine takarak \u00e7al\u0131\u015ft\u0131, sermaye edindi. Bin bir zorlukla makinelerini kurduktan sonra \u00e7al\u0131\u015ft\u0131racak i\u015f\u00e7i bulamad\u0131. 1932 y\u0131l\u0131nda Gaziantep\u2019te tekstil i\u015f\u00e7isi yoktu \u00e7\u00fcnk\u00fc. Y\u0131lmad\u0131, hayvanc\u0131l\u0131ktan ba\u015fka i\u015f bilmeyen konarg\u00f6\u00e7er a\u015firet mensuplar\u0131n\u0131 e\u011fiterek, tekstil ve makine ustas\u0131 haline getirdi.   Cemil Alevli, Antep\u2019i i\u015fgal eden Frans\u0131zlara kar\u015f\u0131 direni\u015f\u00e7i; Kurtulu\u015f Sava\u015f\u0131 sonras\u0131nda Atat\u00fcrk\u2019\u00fcn talimat\u0131yla Almanya\u2019ya tekstil tahsiline g\u00f6nderilen \u00f6\u011frenci; \u00c7ukurova \u0130plik ve Santral Mensucat\u2019tan sonra T\u00fcrkiye\u2019nin \u00fc\u00e7\u00fcnc\u00fc, Gaziantep\u2019in ilk iplik fabrikas\u0131n\u0131n kurucusu, sanayici; M\u00fckemmel bir aile reisi, dost ve arkada\u015f canl\u0131s\u0131 olman\u0131n yan\u0131 s\u0131ra, idealist bir vatanda\u015f, giri\u015fimci, politikac\u0131, e\u011fitim sevdal\u0131s\u0131, Atat\u00fcrk\u2019\u00fcn hayalindeki T\u00fcrk gencinin en g\u00fczel \u00f6rne\u011fiydi. <\/p>\n","protected":false},"excerpt":{"rendered":"<p>Kimdir Cemil Alevli? \u201cGazi\u201d unvan\u0131n\u0131 hakk\u0131yla kazanarak Gaziantep ad\u0131n\u0131 alm\u0131\u015f, ilk s\u00f6yleni\u015fiyle \u201cAyntabl\u0131\u201d k\u00f6kl\u00fc bir ailenin \u00e7ocu\u011fudur. Gen\u00e7li\u011finin bahar\u0131nda Frans\u0131z i\u015fgaline kar\u015f\u0131 sava\u015farak \u015fehrinin edindi\u011fi unvanda<span class=\"excerpt-hellip\"> [\u2026]<\/span><\/p>\n","protected":false},"featured_media":0,"template":"","meta":{"_monsterinsights_skip_tracking":false,"_monsterinsights_sitenote_active":false,"_monsterinsights_sitenote_note":"","_monsterinsights_sitenote_category":0},"product_brand":[],"product_cat":[14009,12291],"product_tag":[],"class_list":{"0":"post-731981","1":"product","2":"type-product","3":"status-publish","5":"product_cat-biyografi-otobiyografi-edebiyat","6":"product_cat-edebiyat","7":"pa_cilt-ciltsiz","8":"pa_tur-kitap","9":"pa_yayinevi-dogan-kitap","10":"pa_yazar-nuket-alevli-ersoyhasim-akman","12":"first","13":"instock","14":"sale","15":"shipping-taxable","16":"purchasable","17":"product-type-simple"},"_links":{"self":[{"href":"https:\/\/roveyayinevi.com.tr\/index.php\/wp-json\/wp\/v2\/product\/731981","targetHints":{"allow":["GET"]}}],"collection":[{"href":"https:\/\/roveyayinevi.com.tr\/index.php\/wp-json\/wp\/v2\/product"}],"about":[{"href":"https:\/\/roveyayinevi.com.tr\/index.php\/wp-json\/wp\/v2\/types\/product"}],"wp:attachment":[{"href":"https:\/\/roveyayinevi.com.tr\/index.php\/wp-json\/wp\/v2\/media?parent=731981"}],"wp:term":[{"taxonomy":"product_brand","embeddable":true,"href":"https:\/\/roveyayinevi.com.tr\/index.php\/wp-json\/wp\/v2\/product_brand?post=731981"},{"taxonomy":"product_cat","embeddable":true,"href":"https:\/\/roveyayinevi.com.tr\/index.php\/wp-json\/wp\/v2\/product_cat?post=731981"},{"taxonomy":"product_tag","embeddable":true,"href":"https:\/\/roveyayinevi.com.tr\/index.php\/wp-json\/wp\/v2\/product_tag?post=731981"}],"curies":[{"name":"wp","href":"https:\/\/api.w.org\/{rel}","templated":true}]}}