{"id":731980,"date":"2025-08-27T21:41:48","date_gmt":"2025-08-27T18:41:48","guid":{"rendered":"https:\/\/roveyayinevi.com.tr\/index.php\/urun\/mutluluk-sana-yakisiyor\/"},"modified":"2025-12-30T10:42:12","modified_gmt":"2025-12-30T07:42:12","slug":"mutluluk-sana-yakisiyor","status":"publish","type":"product","link":"https:\/\/roveyayinevi.com.tr\/index.php\/urun\/mutluluk-sana-yakisiyor\/","title":{"rendered":"Mutluluk Sana Yak\u0131\u015f\u0131yor"},"content":{"rendered":"<p>L\u00fctfen asla vazge\u00e7me. \u0130mk\u00e2ns\u0131z\u0131 m\u00fcmk\u00fcn k\u0131lmaya devam et. Zehri ilaca \u00e7evir. \u0130\u015fte b\u00f6ylece ger\u00e7ekten mutlu olabilirsin. \u00c7\u00fcnk\u00fc mutluluk sana yak\u0131\u015f\u0131yor&#8230;   Efsanevi \u015fark\u0131c\u0131, ger\u00e7ek bir ikona d\u00f6n\u00fc\u015fen sanat\u00e7\u0131 Tina Turner\u2026  Sahne performanslar\u0131 ve g\u00fc\u00e7l\u00fc sesiyle d\u00fcnyan\u0131n tan\u0131d\u0131\u011f\u0131 Tina Turner k\u00fc\u00e7\u00fck bir kasabada, \u0131rk ayr\u0131m\u0131n\u0131n t\u00fcm \u015fiddetiyle s\u00fcrd\u00fc\u011f\u00fc y\u0131llarda d\u00fcnyaya geldi, mutsuz bir \u00e7ocukluk ge\u00e7irdi. Bu durum sevgiyi sa\u011fl\u0131ks\u0131z yerlerde aramas\u0131na neden oldu; evlili\u011finde \u015fiddete maruz kald\u0131. Bir d\u00f6nem kariyeri bitme noktas\u0131na geldi, o\u011flunu kaybetti ve birden \u00e7ok hastal\u0131kla m\u00fccadele etti. Ama o ger\u00e7ek ve kal\u0131c\u0131 mutlulu\u011fa ula\u015fma \u00e7abas\u0131nda asla y\u0131lmad\u0131.  Budist felsefesiyle tan\u0131\u015f\u0131p maneviyat\u0131n d\u00f6n\u00fc\u015ft\u00fcr\u00fcc\u00fc g\u00fcc\u00fcn\u00fc ke\u015ffetti. G\u00fc\u00e7l\u00fc olmak i\u00e7in ya\u015fad\u0131\u011f\u0131 zorluklar\u0131 kulland\u0131, zehri ilaca d\u00f6n\u00fc\u015ft\u00fcrd\u00fc.   Tina Turner, Mutluluk Sana Yak\u0131\u015f\u0131yor\u2019da \u00e7ocukluktan bug\u00fcne kadar mutlulu\u011fa giden engebeli yolda \u00f6\u011frendi\u011fi manevi ger\u00e7ekleri anlat\u0131yor. Ve sorunlar\u0131yla ba\u015f etmek, hayallerinin pe\u015finden gitmek isteyenleri ola\u011fan\u00fcst\u00fc bir yolculu\u011fa davet ediyor. <\/p>\n","protected":false},"excerpt":{"rendered":"<p>L\u00fctfen asla vazge\u00e7me. \u0130mk\u00e2ns\u0131z\u0131 m\u00fcmk\u00fcn k\u0131lmaya devam et. Zehri ilaca \u00e7evir. \u0130\u015fte b\u00f6ylece ger\u00e7ekten mutlu olabilirsin. \u00c7\u00fcnk\u00fc mutluluk sana yak\u0131\u015f\u0131yor&#8230; Efsanevi \u015fark\u0131c\u0131, ger\u00e7ek bir ikona d\u00f6n\u00fc\u015fen<span class=\"excerpt-hellip\"> [\u2026]<\/span><\/p>\n","protected":false},"featured_media":0,"template":"","meta":{"_monsterinsights_skip_tracking":false,"_monsterinsights_sitenote_active":false,"_monsterinsights_sitenote_note":"","_monsterinsights_sitenote_category":0},"product_brand":[],"product_cat":[12364,12376],"product_tag":[],"class_list":{"0":"post-731980","1":"product","2":"type-product","3":"status-publish","5":"product_cat-genel-konular","6":"product_cat-kisisel-gelisim","7":"pa_cilt-ciltsiz","8":"pa_tur-kitap","9":"pa_yayinevi-dogan-novus","10":"pa_yazar-tina-turner","12":"first","13":"instock","14":"sale","15":"shipping-taxable","16":"purchasable","17":"product-type-simple"},"_links":{"self":[{"href":"https:\/\/roveyayinevi.com.tr\/index.php\/wp-json\/wp\/v2\/product\/731980","targetHints":{"allow":["GET"]}}],"collection":[{"href":"https:\/\/roveyayinevi.com.tr\/index.php\/wp-json\/wp\/v2\/product"}],"about":[{"href":"https:\/\/roveyayinevi.com.tr\/index.php\/wp-json\/wp\/v2\/types\/product"}],"wp:attachment":[{"href":"https:\/\/roveyayinevi.com.tr\/index.php\/wp-json\/wp\/v2\/media?parent=731980"}],"wp:term":[{"taxonomy":"product_brand","embeddable":true,"href":"https:\/\/roveyayinevi.com.tr\/index.php\/wp-json\/wp\/v2\/product_brand?post=731980"},{"taxonomy":"product_cat","embeddable":true,"href":"https:\/\/roveyayinevi.com.tr\/index.php\/wp-json\/wp\/v2\/product_cat?post=731980"},{"taxonomy":"product_tag","embeddable":true,"href":"https:\/\/roveyayinevi.com.tr\/index.php\/wp-json\/wp\/v2\/product_tag?post=731980"}],"curies":[{"name":"wp","href":"https:\/\/api.w.org\/{rel}","templated":true}]}}