{"id":731975,"date":"2025-08-27T21:41:44","date_gmt":"2025-08-27T18:41:44","guid":{"rendered":"https:\/\/roveyayinevi.com.tr\/index.php\/urun\/basarabiliriz-demokratik-bir-anayasa-onerisi\/"},"modified":"2026-04-16T02:39:52","modified_gmt":"2026-04-15T23:39:52","slug":"basarabiliriz-demokratik-bir-anayasa-onerisi","status":"publish","type":"product","link":"https:\/\/roveyayinevi.com.tr\/index.php\/urun\/basarabiliriz-demokratik-bir-anayasa-onerisi\/","title":{"rendered":"Ba\u015farabiliriz:  Demokratik Bir Anayasa \u00d6nerisi"},"content":{"rendered":"<p>Hukuk\u00e7u Ece G\u00fcner Toprak, 2017 referandumundan \u00f6nce Cumhurba\u015fkanl\u0131\u011f\u0131 H\u00fck\u00fcmet Sistemi\u2019ne kar\u015f\u0131 toplumu ilk uyaranlardan olmu\u015ftu. O d\u00f6nem, tablolar\u0131, yaz\u0131lar\u0131, ilk kitab\u0131 ve yal\u0131n anlat\u0131m\u0131yla kitlelere ula\u015ft\u0131. Ba\u015farabiliriz: Demokratik Bir Anayasa \u00d6nerisi de yine somut, sade ve anla\u015f\u0131l\u0131r \u00f6nerileriyle, yaln\u0131zca hukuk\u00e7ular i\u00e7in de\u011fil, herkes i\u00e7in yaz\u0131lm\u0131\u015f bir kitap. \u201cBu kitab\u0131, \u00e7ocu\u011funa \u00e7ikolata alamayan anne-baba i\u00e7in, umudunu kaybetmi\u015f milyonlarca gen\u00e7 i\u00e7in, haks\u0131zl\u0131\u011fa u\u011fram\u0131\u015f herkes i\u00e7in yazd\u0131m. \u00dclkemiz; ekonomi, demokrasi, adalet, devletin kurumsal yap\u0131s\u0131 gibi pek \u00e7ok alanda a\u011f\u0131r krizde. Art\u0131k herkes \u2018sistemin\u2019 iyi gelmedi\u011finin fark\u0131nda ve \u00e7are nedir, bir alternatif var m\u0131 diye merak ediyor. Bu, bir umut kitab\u0131d\u0131r: Evet, \u00e7are var; evet, alternatif var. Hukuk, ekonomiyi de iyile\u015ftirecektir.   Bu kitap somut, ger\u00e7ek\u00e7i, ayr\u0131nt\u0131l\u0131, demokratik bir anayasa reformu \u00f6nerisidir. G\u00fc\u00e7lendirilmi\u015f parlamenter sistem \u00f6nerisidir. Bu kitap ayn\u0131 zamanda, 21. y\u00fczy\u0131l\u0131 yakalamak i\u00e7in, Cumhuriyetimizin ilkeleriyle uyumlu bir vizyon ve kilit yap\u0131sal reform \u00f6nerileri i\u00e7ermektedir.   Tek inanmam\u0131z gereken \u015fudur: Ba\u015farabiliriz!\u201d <\/p>\n","protected":false},"excerpt":{"rendered":"<p>Hukuk\u00e7u Ece G\u00fcner Toprak, 2017 referandumundan \u00f6nce Cumhurba\u015fkanl\u0131\u011f\u0131 H\u00fck\u00fcmet Sistemi\u2019ne kar\u015f\u0131 toplumu ilk uyaranlardan olmu\u015ftu. O d\u00f6nem, tablolar\u0131, yaz\u0131lar\u0131, ilk kitab\u0131 ve yal\u0131n anlat\u0131m\u0131yla kitlelere ula\u015ft\u0131.<span class=\"excerpt-hellip\"> [\u2026]<\/span><\/p>\n","protected":false},"featured_media":0,"template":"","meta":{"_monsterinsights_skip_tracking":false,"_monsterinsights_sitenote_active":false,"_monsterinsights_sitenote_note":"","_monsterinsights_sitenote_category":0},"product_brand":[],"product_cat":[13590,12337],"product_tag":[],"class_list":{"0":"post-731975","1":"product","2":"type-product","3":"status-publish","5":"product_cat-arastirma-inceleme-politika-siyaset","6":"product_cat-politika-siyaset","7":"pa_cilt-ciltsiz","8":"pa_tur-kitap","9":"pa_yayinevi-dogan-kitap","10":"pa_yazar-ece-guner-toprak","12":"first","13":"instock","14":"sale","15":"shipping-taxable","16":"purchasable","17":"product-type-simple"},"_links":{"self":[{"href":"https:\/\/roveyayinevi.com.tr\/index.php\/wp-json\/wp\/v2\/product\/731975","targetHints":{"allow":["GET"]}}],"collection":[{"href":"https:\/\/roveyayinevi.com.tr\/index.php\/wp-json\/wp\/v2\/product"}],"about":[{"href":"https:\/\/roveyayinevi.com.tr\/index.php\/wp-json\/wp\/v2\/types\/product"}],"wp:attachment":[{"href":"https:\/\/roveyayinevi.com.tr\/index.php\/wp-json\/wp\/v2\/media?parent=731975"}],"wp:term":[{"taxonomy":"product_brand","embeddable":true,"href":"https:\/\/roveyayinevi.com.tr\/index.php\/wp-json\/wp\/v2\/product_brand?post=731975"},{"taxonomy":"product_cat","embeddable":true,"href":"https:\/\/roveyayinevi.com.tr\/index.php\/wp-json\/wp\/v2\/product_cat?post=731975"},{"taxonomy":"product_tag","embeddable":true,"href":"https:\/\/roveyayinevi.com.tr\/index.php\/wp-json\/wp\/v2\/product_tag?post=731975"}],"curies":[{"name":"wp","href":"https:\/\/api.w.org\/{rel}","templated":true}]}}