{"id":731973,"date":"2025-08-27T21:41:42","date_gmt":"2025-08-27T18:41:42","guid":{"rendered":"https:\/\/roveyayinevi.com.tr\/index.php\/urun\/keskin-nisanci\/"},"modified":"2026-04-16T02:39:52","modified_gmt":"2026-04-15T23:39:52","slug":"keskin-nisanci","status":"publish","type":"product","link":"https:\/\/roveyayinevi.com.tr\/index.php\/urun\/keskin-nisanci\/","title":{"rendered":"Keskin Ni\u015fanc\u0131"},"content":{"rendered":"<p>\u201cYok!\u201d demi\u015fti gece, uyku tulumunda k\u0131m\u0131ldan\u0131rken, o kadar yak\u0131n\u0131nda olmak istemezdi \u00f6l\u00fcm\u00fcn. Onun uzaktan ve biraz da \u015feklen olmas\u0131n\u0131 ye\u011flerdi. Kesinlikle istemiyordu bunu. Korkuyor muydu? Belki\u2026 Ama o as\u0131l biraz \u00f6ncesini, av\u0131n az sonra ne yapaca\u011f\u0131n\u0131 bildi\u011fi, nefeslerinin ayn\u0131la\u015ft\u0131\u011f\u0131, birbirlerine teslim olduklar\u0131 an\u0131 seviyordu.   Kimin, ne zaman ve hangi sokakta vurularak \u00f6lece\u011finin bilinmedi\u011fi yeni bir d\u00fcnyada, hayat ola\u011fan ak\u0131\u015f\u0131nda s\u00fcr\u00fcp gitmektedir. Keskin ni\u015fanc\u0131, verilen g\u00f6revi yerine getirmek \u00fczere bir binan\u0131n \u00e7at\u0131s\u0131na yerle\u015fir ve s\u00fcre i\u015flemeye ba\u015flar. Bu sefer ka\u00e7 ki\u015fiyi \u00f6ld\u00fcrecektir?    Cem Selcen\u2019in yeni roman\u0131, bireyin her an yok olabilece\u011fi muhtemel bir gelecekte, T\u00fcrk\u00e7e edebiyatta \u00f6rne\u011fine az rastlanan t\u00fcrde distopik bir evrende ge\u00e7iyor. Dakika dakika akan incelikli kurgusuyla Keskin Ni\u015fanc\u0131 ayn\u0131 zamanda umutsuzlu\u011fa kar\u015f\u0131 bir direni\u015f anlat\u0131s\u0131.  <\/p>\n","protected":false},"excerpt":{"rendered":"<p>\u201cYok!\u201d demi\u015fti gece, uyku tulumunda k\u0131m\u0131ldan\u0131rken, o kadar yak\u0131n\u0131nda olmak istemezdi \u00f6l\u00fcm\u00fcn. Onun uzaktan ve biraz da \u015feklen olmas\u0131n\u0131 ye\u011flerdi. Kesinlikle istemiyordu bunu. Korkuyor muydu? Belki\u2026<span class=\"excerpt-hellip\"> [\u2026]<\/span><\/p>\n","protected":false},"featured_media":0,"template":"","meta":{"_monsterinsights_skip_tracking":false,"_monsterinsights_sitenote_active":false,"_monsterinsights_sitenote_note":"","_monsterinsights_sitenote_category":0},"product_brand":[],"product_cat":[12291,12711],"product_tag":[],"class_list":{"0":"post-731973","1":"product","2":"type-product","3":"status-publish","5":"product_cat-edebiyat","6":"product_cat-roman-oyku","7":"pa_cilt-ciltsiz","8":"pa_tur-kitap","9":"pa_yayinevi-dogan-kitap","10":"pa_yazar-cem-selcen","12":"first","13":"instock","14":"sale","15":"shipping-taxable","16":"purchasable","17":"product-type-simple"},"_links":{"self":[{"href":"https:\/\/roveyayinevi.com.tr\/index.php\/wp-json\/wp\/v2\/product\/731973","targetHints":{"allow":["GET"]}}],"collection":[{"href":"https:\/\/roveyayinevi.com.tr\/index.php\/wp-json\/wp\/v2\/product"}],"about":[{"href":"https:\/\/roveyayinevi.com.tr\/index.php\/wp-json\/wp\/v2\/types\/product"}],"wp:attachment":[{"href":"https:\/\/roveyayinevi.com.tr\/index.php\/wp-json\/wp\/v2\/media?parent=731973"}],"wp:term":[{"taxonomy":"product_brand","embeddable":true,"href":"https:\/\/roveyayinevi.com.tr\/index.php\/wp-json\/wp\/v2\/product_brand?post=731973"},{"taxonomy":"product_cat","embeddable":true,"href":"https:\/\/roveyayinevi.com.tr\/index.php\/wp-json\/wp\/v2\/product_cat?post=731973"},{"taxonomy":"product_tag","embeddable":true,"href":"https:\/\/roveyayinevi.com.tr\/index.php\/wp-json\/wp\/v2\/product_tag?post=731973"}],"curies":[{"name":"wp","href":"https:\/\/api.w.org\/{rel}","templated":true}]}}