{"id":731961,"date":"2025-08-27T21:41:28","date_gmt":"2025-08-27T18:41:28","guid":{"rendered":"https:\/\/roveyayinevi.com.tr\/index.php\/urun\/degisim-kitabi\/"},"modified":"2026-04-16T02:39:52","modified_gmt":"2026-04-15T23:39:52","slug":"degisim-kitabi","status":"publish","type":"product","link":"https:\/\/roveyayinevi.com.tr\/index.php\/urun\/degisim-kitabi\/","title":{"rendered":"De\u011fi\u015fim Kitab\u0131"},"content":{"rendered":"<p>H\u0131zla de\u011fi\u015fen bir d\u00fcnyada nas\u0131l yol al\u0131r\u0131z? Neden daha az zaman\u0131m\u0131z var? Neden baz\u0131 insanlar sadakatsiz? Bu kitap, g\u00fcnl\u00fck ya\u015fam\u0131m\u0131zdaki k\u00fc\u00e7\u00fck ve \u00f6nemsiz gibi g\u00f6r\u00fcnen ge\u00e7i\u015flerden insanl\u0131k tarihindeki b\u00fcy\u00fck ve neredeyse anla\u015f\u0131lmaz geli\u015fmelere uzanan t\u00fcm de\u011fi\u015fimlerle ilgili. \u00c7ok satan Karar Kitab\u0131\u2019n\u0131n yazarlar\u0131, t\u0131pk\u0131 o kitapta oldu\u011fu gibi uzman tavsiyelerini ve \u00e7o\u011fu zaman karma\u015f\u0131k teorileri basit \u015fekilde i\u015fleyerek d\u00fcnyam\u0131zdaki de\u011fi\u015fiklikleri anlamam\u0131za yard\u0131mc\u0131 olacak elli basit ve etkili model sunuyor. Bug\u00fcn de\u011fi\u015fim, koronavir\u00fcs salg\u0131n\u0131 nedeniyle t\u00fcm \u00e7evremizde, ki\u015fisel ve siyasi alanlardan ekonomi ve \u00e7evreye kadar her alanda daha h\u0131zl\u0131 ger\u00e7ekle\u015fiyor. De\u011fi\u015fim Kitab\u0131\u2019nda finansal krizleri, biyoteknolojinin neden gelece\u011fin end\u00fcstrisi oldu\u011funu ve \u015fehirlerin neden yeni uluslar oldu\u011funu a\u00e7\u0131klayan modeller bulacaks\u0131n\u0131z. \u0130ster yeni bir araba sat\u0131n al\u0131n, ister kime oy verece\u011finize ya da hangi \u00fclkenin a\u015f\u0131s\u0131n\u0131 olaca\u011f\u0131n\u0131za karar verin, isterseniz de yat\u0131r\u0131m yap\u0131n; bu kitap karma\u015f\u0131k d\u00fcnyan\u0131z\u0131 \u015fa\u015f\u0131rt\u0131c\u0131 derecede basit \u015fekilde a\u00e7\u0131klarken \u00f6nyarg\u0131lar\u0131n\u0131z\u0131 yeniden g\u00f6zden ge\u00e7irmenizi sa\u011flayacakt\u0131r. <\/p>\n","protected":false},"excerpt":{"rendered":"<p>H\u0131zla de\u011fi\u015fen bir d\u00fcnyada nas\u0131l yol al\u0131r\u0131z? Neden daha az zaman\u0131m\u0131z var? Neden baz\u0131 insanlar sadakatsiz? Bu kitap, g\u00fcnl\u00fck ya\u015fam\u0131m\u0131zdaki k\u00fc\u00e7\u00fck ve \u00f6nemsiz gibi g\u00f6r\u00fcnen ge\u00e7i\u015flerden<span class=\"excerpt-hellip\"> [\u2026]<\/span><\/p>\n","protected":false},"featured_media":0,"template":"","meta":{"_monsterinsights_skip_tracking":false,"_monsterinsights_sitenote_active":false,"_monsterinsights_sitenote_note":"","_monsterinsights_sitenote_category":0},"product_brand":[],"product_cat":[13043,17647],"product_tag":[],"class_list":{"0":"post-731961","1":"product","2":"type-product","3":"status-publish","5":"product_cat-ekonomi","6":"product_cat-is-dunyasi","7":"pa_cilt-ciltsiz","8":"pa_tur-kitap","9":"pa_yayinevi-the-kitap","10":"pa_yazar-mikael-krogerus-roman-tschappeler","12":"first","13":"instock","14":"sale","15":"shipping-taxable","16":"purchasable","17":"product-type-simple"},"_links":{"self":[{"href":"https:\/\/roveyayinevi.com.tr\/index.php\/wp-json\/wp\/v2\/product\/731961","targetHints":{"allow":["GET"]}}],"collection":[{"href":"https:\/\/roveyayinevi.com.tr\/index.php\/wp-json\/wp\/v2\/product"}],"about":[{"href":"https:\/\/roveyayinevi.com.tr\/index.php\/wp-json\/wp\/v2\/types\/product"}],"wp:attachment":[{"href":"https:\/\/roveyayinevi.com.tr\/index.php\/wp-json\/wp\/v2\/media?parent=731961"}],"wp:term":[{"taxonomy":"product_brand","embeddable":true,"href":"https:\/\/roveyayinevi.com.tr\/index.php\/wp-json\/wp\/v2\/product_brand?post=731961"},{"taxonomy":"product_cat","embeddable":true,"href":"https:\/\/roveyayinevi.com.tr\/index.php\/wp-json\/wp\/v2\/product_cat?post=731961"},{"taxonomy":"product_tag","embeddable":true,"href":"https:\/\/roveyayinevi.com.tr\/index.php\/wp-json\/wp\/v2\/product_tag?post=731961"}],"curies":[{"name":"wp","href":"https:\/\/api.w.org\/{rel}","templated":true}]}}