{"id":731960,"date":"2025-08-27T21:41:28","date_gmt":"2025-08-27T18:41:28","guid":{"rendered":"https:\/\/roveyayinevi.com.tr\/index.php\/urun\/muzik-kuramlari-ve-solfej\/"},"modified":"2026-04-16T02:39:52","modified_gmt":"2026-04-15T23:39:52","slug":"muzik-kuramlari-ve-solfej","status":"publish","type":"product","link":"https:\/\/roveyayinevi.com.tr\/index.php\/urun\/muzik-kuramlari-ve-solfej\/","title":{"rendered":"M\u00fczik Kuramlar\u0131 Ve Solfej"},"content":{"rendered":"<p>Bu kitap tonaliteyi i\u00e7selle\u015ftirip \u00f6zellikle armoni temelinde kavramaya ve peki\u015ftirmeye y\u00f6nelik teorik ve uygulamal\u0131 bir \u00e7al\u0131\u015fma kitab\u0131d\u0131r. Kitap iki b\u00f6l\u00fcmden olu\u015fmaktad\u0131r. Birinci b\u00f6l\u00fcmde, kitapta yer alan solfej par\u00e7alar\u0131n\u0131n armoni alt yap\u0131s\u0131n\u0131n daha anla\u015f\u0131labilir olmas\u0131 amac\u0131yla temel teori konular\u0131 \u00e7e\u015fitli \u00f6rneklerle anlat\u0131lm\u0131\u015ft\u0131r. Kitab\u0131n ikinci b\u00f6l\u00fcm\u00fcnde ise \u00f6\u011frencilerin &#8220;tonal sistemi kuran armoni \u00e7at\u0131s\u0131n\u0131&#8221; duyu\u015fsal olarak i\u00e7selle\u015ftirmeleri amac\u0131yla, kitab\u0131n yazar\u0131 taraf\u0131ndan bestelenmi\u015f solfej okuma par\u00e7alar\u0131 yer almaktad\u0131r. Okuma par\u00e7alar\u0131 s\u0131ralan\u0131rken, \u00f6\u011frencilerin bu armoni \u00e7at\u0131s\u0131n\u0131 do\u011fru, kal\u0131c\u0131 ve bilin\u00e7li bir bi\u00e7imde \u00f6\u011frenebilmeleri i\u00e7in kolaydan zora ilkesi g\u00f6zetilmi\u015ftir. Kitaptaki okuma par\u00e7alar\u0131n\u0131n her biri, yine kitapta anlat\u0131lan kuramsal konular ile uygulama aras\u0131nda ili\u015fki kurulmas\u0131n\u0131 ama\u00e7layan ve bu suretle \u00f6\u011frencilerin \u00e7al\u0131\u015ft\u0131klar\u0131 par\u00e7ay\u0131 daha iyi kavray\u0131p peki\u015ftirmesini hedefleyen teorik analiz egzersizleridir. Ayr\u0131ca kitapta; h\u0131z, g\u00fcrl\u00fck ve artik\u00fclasyon gibi \u2013m\u00fczi\u011fin olmazsa olmaz\u0131 olan, ama \u00e7o\u011funlukla g\u00f6z ard\u0131 edilen\u2013 di\u011fer unsurlar da ele al\u0131nm\u0131\u015f ve uygularken \u00f6\u011freten bir yakla\u015f\u0131m sergilenmi\u015ftir. Kitapta ayn\u0131 zamanda, \u00f6\u011frencinin kendi kendine \u00e7al\u0131\u015fma y\u00f6ntemlerini geli\u015ftirecek, okuma par\u00e7alar\u0131n\u0131n nas\u0131l \u00e7al\u0131\u015f\u0131lmas\u0131 gerekti\u011fine y\u00f6nelik olarak yaz\u0131lm\u0131\u015f ayr\u0131nt\u0131l\u0131 bir \u00e7al\u0131\u015fma metodu \u00f6nerisi de yer almaktad\u0131r. Solfej dersleri verdi\u011fim asistanl\u0131k y\u0131llar\u0131mda \u00f6zellikle ba\u015flang\u0131\u00e7 s\u0131n\u0131flar\u0131nda tonal dengeyi armoni temeliyle birlikte olu\u015fturmak i\u00e7in her tonun temel kal\u0131\u015f akorlar\u0131n\u0131 k\u0131r\u0131k akorlar halinde dizileriyle birlikte \u0131srarla her ders \u00f6\u011frencilerime s\u00f6yletirdim. \u00d6zellikle ilk kez okunacak olan m\u00fcziklerden \u00f6nce bu \u00e7al\u0131\u015fmay\u0131 yapt\u0131rman\u0131n \u00e7ok yararlar\u0131n\u0131 g\u00f6rd\u00fcm.  Oya \u00c7\u0131nar Kan\u0131k bu anlay\u0131\u015f \u00e7er\u00e7evesinde tonalite hissini olu\u015fturan en temel akor ba\u011flant\u0131lar\u0131n\u0131 esas al\u0131p bu ba\u011flant\u0131lar\u0131 i\u015fleyen harika solfej par\u00e7alar\u0131 bestelemi\u015f. Bu par\u00e7alar\u0131n \u00f6zellikle tonal dengeyi olu\u015fturan akor silsileleri \u00fcst\u00fcnde hareket etmeleri \u00f6ncelikle yeni ba\u015flayan \u00f6\u011frencilerde tonalitenin armoni temelinde alg\u0131lan\u0131p do\u011fal bir \u015fekilde i\u00e7selle\u015ftirilerek \u00f6\u011frenilmesinde \u00e7ok b\u00fcy\u00fck katk\u0131lar\u0131 olaca\u011f\u0131n\u0131 ge\u00e7mi\u015f tecr\u00fcbeme dayanarak rahatl\u0131kla s\u00f6yleyebilirim.  Prof. Dr. Hasan U\u00e7arsu, Besteci <\/p>\n","protected":false},"excerpt":{"rendered":"<p>Bu kitap tonaliteyi i\u00e7selle\u015ftirip \u00f6zellikle armoni temelinde kavramaya ve peki\u015ftirmeye y\u00f6nelik teorik ve uygulamal\u0131 bir \u00e7al\u0131\u015fma kitab\u0131d\u0131r. Kitap iki b\u00f6l\u00fcmden olu\u015fmaktad\u0131r. Birinci b\u00f6l\u00fcmde, kitapta yer alan<span class=\"excerpt-hellip\"> [\u2026]<\/span><\/p>\n","protected":false},"featured_media":0,"template":"","meta":{"_monsterinsights_skip_tracking":false,"_monsterinsights_sitenote_active":false,"_monsterinsights_sitenote_note":"","_monsterinsights_sitenote_category":0},"product_brand":[],"product_cat":[14556,20810],"product_tag":[],"class_list":{"0":"post-731960","1":"product","2":"type-product","3":"status-publish","5":"product_cat-muzik","6":"product_cat-ogrenim-kitaplari","7":"pa_cilt-ciltsiz","8":"pa_tur-kitap","9":"pa_yayinevi-muzik-egitimi-yayinlari","10":"pa_yazar-oya-cinar-kanik","12":"first","13":"instock","14":"sale","15":"shipping-taxable","16":"purchasable","17":"product-type-simple"},"_links":{"self":[{"href":"https:\/\/roveyayinevi.com.tr\/index.php\/wp-json\/wp\/v2\/product\/731960","targetHints":{"allow":["GET"]}}],"collection":[{"href":"https:\/\/roveyayinevi.com.tr\/index.php\/wp-json\/wp\/v2\/product"}],"about":[{"href":"https:\/\/roveyayinevi.com.tr\/index.php\/wp-json\/wp\/v2\/types\/product"}],"wp:attachment":[{"href":"https:\/\/roveyayinevi.com.tr\/index.php\/wp-json\/wp\/v2\/media?parent=731960"}],"wp:term":[{"taxonomy":"product_brand","embeddable":true,"href":"https:\/\/roveyayinevi.com.tr\/index.php\/wp-json\/wp\/v2\/product_brand?post=731960"},{"taxonomy":"product_cat","embeddable":true,"href":"https:\/\/roveyayinevi.com.tr\/index.php\/wp-json\/wp\/v2\/product_cat?post=731960"},{"taxonomy":"product_tag","embeddable":true,"href":"https:\/\/roveyayinevi.com.tr\/index.php\/wp-json\/wp\/v2\/product_tag?post=731960"}],"curies":[{"name":"wp","href":"https:\/\/api.w.org\/{rel}","templated":true}]}}