{"id":731957,"date":"2025-08-27T21:41:24","date_gmt":"2025-08-27T18:41:24","guid":{"rendered":"https:\/\/roveyayinevi.com.tr\/index.php\/urun\/cimbikler-ve-mololar\/"},"modified":"2026-04-16T02:39:52","modified_gmt":"2026-04-15T23:39:52","slug":"cimbikler-ve-mololar","status":"publish","type":"product","link":"https:\/\/roveyayinevi.com.tr\/index.php\/urun\/cimbikler-ve-mololar\/","title":{"rendered":"Cimbikler ve Mololar"},"content":{"rendered":"<p>Cimbikler k\u0131rm\u0131z\u0131 olur tepeden t\u0131rna\u011fa. Asla, asla birlikte oynamazlar Mololarla. Masmavidir Mololar tepeden t\u0131rna\u011fa. Ama ya bir Cimbik k\u0131z\u0131 ve bir Molo delikanl\u0131s\u0131 birbirlerine a\u015f\u0131k olurlarsa\u2026 O zaman neler olur acaba?<\/p>\n","protected":false},"excerpt":{"rendered":"<p>Cimbikler k\u0131rm\u0131z\u0131 olur tepeden t\u0131rna\u011fa. Asla, asla birlikte oynamazlar Mololarla. Masmavidir Mololar tepeden t\u0131rna\u011fa. Ama ya bir Cimbik k\u0131z\u0131 ve bir Molo delikanl\u0131s\u0131 birbirlerine a\u015f\u0131k olurlarsa\u2026<span class=\"excerpt-hellip\"> [\u2026]<\/span><\/p>\n","protected":false},"featured_media":0,"template":"","meta":{"_monsterinsights_skip_tracking":false,"_monsterinsights_sitenote_active":false,"_monsterinsights_sitenote_note":"","_monsterinsights_sitenote_category":0},"product_brand":[],"product_cat":[12274,12284],"product_tag":[],"class_list":{"0":"post-731957","1":"product","2":"type-product","3":"status-publish","5":"product_cat-cocuk-ve-genclik-kitaplari","6":"product_cat-hikayeler","7":"pa_cilt-ciltsiz","8":"pa_tur-kitap","9":"pa_yayinevi-is-bankasi-kultur-yayinlari","10":"pa_yazar-julia-donaldson","12":"first","13":"instock","14":"sale","15":"shipping-taxable","16":"purchasable","17":"product-type-simple"},"_links":{"self":[{"href":"https:\/\/roveyayinevi.com.tr\/index.php\/wp-json\/wp\/v2\/product\/731957","targetHints":{"allow":["GET"]}}],"collection":[{"href":"https:\/\/roveyayinevi.com.tr\/index.php\/wp-json\/wp\/v2\/product"}],"about":[{"href":"https:\/\/roveyayinevi.com.tr\/index.php\/wp-json\/wp\/v2\/types\/product"}],"wp:attachment":[{"href":"https:\/\/roveyayinevi.com.tr\/index.php\/wp-json\/wp\/v2\/media?parent=731957"}],"wp:term":[{"taxonomy":"product_brand","embeddable":true,"href":"https:\/\/roveyayinevi.com.tr\/index.php\/wp-json\/wp\/v2\/product_brand?post=731957"},{"taxonomy":"product_cat","embeddable":true,"href":"https:\/\/roveyayinevi.com.tr\/index.php\/wp-json\/wp\/v2\/product_cat?post=731957"},{"taxonomy":"product_tag","embeddable":true,"href":"https:\/\/roveyayinevi.com.tr\/index.php\/wp-json\/wp\/v2\/product_tag?post=731957"}],"curies":[{"name":"wp","href":"https:\/\/api.w.org\/{rel}","templated":true}]}}