{"id":731956,"date":"2025-08-27T21:41:23","date_gmt":"2025-08-27T18:41:23","guid":{"rendered":"https:\/\/roveyayinevi.com.tr\/index.php\/urun\/kucuk-ayinin-ilkbahari\/"},"modified":"2026-04-16T02:39:52","modified_gmt":"2026-04-15T23:39:52","slug":"kucuk-ayinin-ilkbahari","status":"publish","type":"product","link":"https:\/\/roveyayinevi.com.tr\/index.php\/urun\/kucuk-ayinin-ilkbahari\/","title":{"rendered":"K\u00fc\u00e7\u00fck Ay\u0131n\u0131n \u0130lkbahar\u0131"},"content":{"rendered":"<p>K\u00fc\u00e7\u00fck ay\u0131 yavrusu uzun k\u0131\u015f uykusundan uyand\u0131\u011f\u0131nda h\u00e2l\u00e2 kar ya\u011fmaktad\u0131r ve ortal\u0131k bembeyazd\u0131r. Hi\u00e7bir canl\u0131 yoktur etrafta. Tek g\u00f6rd\u00fc\u011f\u00fc yuvarlak, k\u00fc\u00e7\u00fck bir ta\u015f olur ve ay\u0131c\u0131k ona bak\u0131p s\u00f6ylenir: \u201c\u015eu minik yuvarlak ta\u015ftan ba\u015fka hi\u00e7bir \u015fey yok ortal\u0131kta sanki. O da ne kadar \u00fczg\u00fcn ve yaln\u0131z b\u00f6yle, t\u0131pk\u0131 kaybolmu\u015f gibi.\u201d Birlikte vadiye inerler ve ilkbahar\u0131n gelmesini beklerler. \u0130lkbahar\u0131n ilk \u00e7i\u00e7ekleriyle birlikte a\u00e7an ve serpilip geli\u015fen, sihirli bir dostluk \u00f6yk\u00fcs\u00fc. \u00dcnl\u00fc yazar Elli Woollard ve s\u0131ra d\u0131\u015f\u0131 yetenek Briony May Smith\u2019ten bir ba\u015fyap\u0131t.<\/p>\n","protected":false},"excerpt":{"rendered":"<p>K\u00fc\u00e7\u00fck ay\u0131 yavrusu uzun k\u0131\u015f uykusundan uyand\u0131\u011f\u0131nda h\u00e2l\u00e2 kar ya\u011fmaktad\u0131r ve ortal\u0131k bembeyazd\u0131r. Hi\u00e7bir canl\u0131 yoktur etrafta. Tek g\u00f6rd\u00fc\u011f\u00fc yuvarlak, k\u00fc\u00e7\u00fck bir ta\u015f olur ve ay\u0131c\u0131k<span class=\"excerpt-hellip\"> [\u2026]<\/span><\/p>\n","protected":false},"featured_media":0,"template":"","meta":{"_monsterinsights_skip_tracking":false,"_monsterinsights_sitenote_active":false,"_monsterinsights_sitenote_note":"","_monsterinsights_sitenote_category":0},"product_brand":[],"product_cat":[12274,12518],"product_tag":[],"class_list":{"0":"post-731956","1":"product","2":"type-product","3":"status-publish","5":"product_cat-cocuk-ve-genclik-kitaplari","6":"product_cat-okul-oncesi-kitaplar","7":"pa_cilt-ciltsiz","8":"pa_tur-kitap","9":"pa_yayinevi-is-bankasi-kultur-yayinlari","10":"pa_yazar-elli-woollard","12":"first","13":"instock","14":"sale","15":"shipping-taxable","16":"purchasable","17":"product-type-simple"},"_links":{"self":[{"href":"https:\/\/roveyayinevi.com.tr\/index.php\/wp-json\/wp\/v2\/product\/731956","targetHints":{"allow":["GET"]}}],"collection":[{"href":"https:\/\/roveyayinevi.com.tr\/index.php\/wp-json\/wp\/v2\/product"}],"about":[{"href":"https:\/\/roveyayinevi.com.tr\/index.php\/wp-json\/wp\/v2\/types\/product"}],"wp:attachment":[{"href":"https:\/\/roveyayinevi.com.tr\/index.php\/wp-json\/wp\/v2\/media?parent=731956"}],"wp:term":[{"taxonomy":"product_brand","embeddable":true,"href":"https:\/\/roveyayinevi.com.tr\/index.php\/wp-json\/wp\/v2\/product_brand?post=731956"},{"taxonomy":"product_cat","embeddable":true,"href":"https:\/\/roveyayinevi.com.tr\/index.php\/wp-json\/wp\/v2\/product_cat?post=731956"},{"taxonomy":"product_tag","embeddable":true,"href":"https:\/\/roveyayinevi.com.tr\/index.php\/wp-json\/wp\/v2\/product_tag?post=731956"}],"curies":[{"name":"wp","href":"https:\/\/api.w.org\/{rel}","templated":true}]}}