{"id":731955,"date":"2025-08-27T21:41:22","date_gmt":"2025-08-27T18:41:22","guid":{"rendered":"https:\/\/roveyayinevi.com.tr\/index.php\/urun\/kulagakacan-mercan-olmanin-tartisilmaz-onemi\/"},"modified":"2026-04-16T02:39:52","modified_gmt":"2026-04-15T23:39:52","slug":"kulagakacan-mercan-olmanin-tartisilmaz-onemi","status":"publish","type":"product","link":"https:\/\/roveyayinevi.com.tr\/index.php\/urun\/kulagakacan-mercan-olmanin-tartisilmaz-onemi\/","title":{"rendered":"Kula\u011faka\u00e7an Mercan Olman\u0131n Tart\u0131\u015f\u0131lmaz \u00d6nemi"},"content":{"rendered":"<p>\u201cBug\u00fcne kadar kahraman\u0131 kula\u011faka\u00e7an olan bir kitap duydun mu hi\u00e7?\u201d Kitaplarda her t\u00fcrden canl\u0131 boy g\u00f6sterir, ama asla kula\u011faka\u00e7anlara yer verilmemi\u015ftir! Kula\u011faka\u00e7an Mercan bu haks\u0131zl\u0131\u011f\u0131 gidermeye karar verir. Kitap\u00e7\u0131ya gider ve en sevdi\u011fi kitaplar\u0131n sayfalar\u0131 aras\u0131nda diledi\u011fince dolan\u0131r. K\u00f6stebek ile birlikte Vah\u015fi Orman\u2019da y\u00fcr\u00fcr (S\u00f6\u011f\u00fctl\u00fckte R\u00fczg\u00e2r), Alice ile birlikte \u015eapkac\u0131\u2019n\u0131n \u00c7\u0131lg\u0131n \u00c7ay Partisi\u2019ne kat\u0131l\u0131r (Alice Harikalar Diyar\u0131nda), Peter Pan ve Wendy ile birlikte Varolmayan \u00dclke\u2019ye u\u00e7ar (Peter Pan). Sevimli Kula\u011faka\u00e7an Mercan, ne kadar k\u00fc\u00e7\u00fck olursa olsun her canl\u0131n\u0131n fark edilme hakk\u0131na sahip oldu\u011funu ispatl\u0131yor<\/p>\n","protected":false},"excerpt":{"rendered":"<p>\u201cBug\u00fcne kadar kahraman\u0131 kula\u011faka\u00e7an olan bir kitap duydun mu hi\u00e7?\u201d Kitaplarda her t\u00fcrden canl\u0131 boy g\u00f6sterir, ama asla kula\u011faka\u00e7anlara yer verilmemi\u015ftir! Kula\u011faka\u00e7an Mercan bu haks\u0131zl\u0131\u011f\u0131 gidermeye<span class=\"excerpt-hellip\"> [\u2026]<\/span><\/p>\n","protected":false},"featured_media":0,"template":"","meta":{"_monsterinsights_skip_tracking":false,"_monsterinsights_sitenote_active":false,"_monsterinsights_sitenote_note":"","_monsterinsights_sitenote_category":0},"product_brand":[],"product_cat":[12274,12518],"product_tag":[],"class_list":{"0":"post-731955","1":"product","2":"type-product","3":"status-publish","5":"product_cat-cocuk-ve-genclik-kitaplari","6":"product_cat-okul-oncesi-kitaplar","7":"pa_cilt-ciltsiz","8":"pa_tur-kitap","9":"pa_yayinevi-is-bankasi-kultur-yayinlari","10":"pa_yazar-nanette-newman","12":"first","13":"instock","14":"sale","15":"shipping-taxable","16":"purchasable","17":"product-type-simple"},"_links":{"self":[{"href":"https:\/\/roveyayinevi.com.tr\/index.php\/wp-json\/wp\/v2\/product\/731955","targetHints":{"allow":["GET"]}}],"collection":[{"href":"https:\/\/roveyayinevi.com.tr\/index.php\/wp-json\/wp\/v2\/product"}],"about":[{"href":"https:\/\/roveyayinevi.com.tr\/index.php\/wp-json\/wp\/v2\/types\/product"}],"wp:attachment":[{"href":"https:\/\/roveyayinevi.com.tr\/index.php\/wp-json\/wp\/v2\/media?parent=731955"}],"wp:term":[{"taxonomy":"product_brand","embeddable":true,"href":"https:\/\/roveyayinevi.com.tr\/index.php\/wp-json\/wp\/v2\/product_brand?post=731955"},{"taxonomy":"product_cat","embeddable":true,"href":"https:\/\/roveyayinevi.com.tr\/index.php\/wp-json\/wp\/v2\/product_cat?post=731955"},{"taxonomy":"product_tag","embeddable":true,"href":"https:\/\/roveyayinevi.com.tr\/index.php\/wp-json\/wp\/v2\/product_tag?post=731955"}],"curies":[{"name":"wp","href":"https:\/\/api.w.org\/{rel}","templated":true}]}}