{"id":731946,"date":"2025-08-27T21:41:11","date_gmt":"2025-08-27T18:41:11","guid":{"rendered":"https:\/\/roveyayinevi.com.tr\/index.php\/urun\/yagmur-kacagi\/"},"modified":"2026-04-16T02:39:51","modified_gmt":"2026-04-15T23:39:51","slug":"yagmur-kacagi","status":"publish","type":"product","link":"https:\/\/roveyayinevi.com.tr\/index.php\/urun\/yagmur-kacagi\/","title":{"rendered":"Ya\u011fmur Ka\u00e7a\u011f\u0131"},"content":{"rendered":"<p>Ne Vakit Ma\u00e7ka\u2019dan Ge\u00e7semLimanda Hep Gemiler OlurduA\u011fa\u00e7lar Ku\u015flar Gibi G\u00fclerdiBir R\u00fczg\u00e2r Akl\u0131m\u0131 Al\u0131rd\u0131Sessizce Bir C\u0131gara Yakard\u0131nParmaklar\u0131m\u0131n Ucunu Yakard\u0131nKirpiklerini E\u011ferdin Bakard\u0131n\u00dc\u015f\u00fcrd\u00fcm \u0130\u00e7im \u00dcrperirdiFel\u00e2ketim Olurdu A\u011flard\u0131m\u00dc\u00e7\u00fcnc\u00fc \u015eahs\u0131n \u015eiiri \u2019Nden <\/p>\n","protected":false},"excerpt":{"rendered":"<p>Ne Vakit Ma\u00e7ka\u2019dan Ge\u00e7semLimanda Hep Gemiler OlurduA\u011fa\u00e7lar Ku\u015flar Gibi G\u00fclerdiBir R\u00fczg\u00e2r Akl\u0131m\u0131 Al\u0131rd\u0131Sessizce Bir C\u0131gara Yakard\u0131nParmaklar\u0131m\u0131n Ucunu Yakard\u0131nKirpiklerini E\u011ferdin Bakard\u0131n\u00dc\u015f\u00fcrd\u00fcm \u0130\u00e7im \u00dcrperirdiFel\u00e2ketim Olurdu A\u011flard\u0131m\u00dc\u00e7\u00fcnc\u00fc \u015eahs\u0131n \u015eiiri<span class=\"excerpt-hellip\"> [\u2026]<\/span><\/p>\n","protected":false},"featured_media":0,"template":"","meta":{"_monsterinsights_skip_tracking":false,"_monsterinsights_sitenote_active":false,"_monsterinsights_sitenote_note":"","_monsterinsights_sitenote_category":0},"product_brand":[],"product_cat":[12291,12509],"product_tag":[],"class_list":{"0":"post-731946","1":"product","2":"type-product","3":"status-publish","5":"product_cat-edebiyat","6":"product_cat-siir","7":"pa_cilt-ciltsiz","8":"pa_tur-kitap","9":"pa_yayinevi-is-bankasi-kultur-yayinlari","10":"pa_yazar-attila-ilhan","12":"first","13":"instock","14":"sale","15":"shipping-taxable","16":"purchasable","17":"product-type-simple"},"_links":{"self":[{"href":"https:\/\/roveyayinevi.com.tr\/index.php\/wp-json\/wp\/v2\/product\/731946","targetHints":{"allow":["GET"]}}],"collection":[{"href":"https:\/\/roveyayinevi.com.tr\/index.php\/wp-json\/wp\/v2\/product"}],"about":[{"href":"https:\/\/roveyayinevi.com.tr\/index.php\/wp-json\/wp\/v2\/types\/product"}],"wp:attachment":[{"href":"https:\/\/roveyayinevi.com.tr\/index.php\/wp-json\/wp\/v2\/media?parent=731946"}],"wp:term":[{"taxonomy":"product_brand","embeddable":true,"href":"https:\/\/roveyayinevi.com.tr\/index.php\/wp-json\/wp\/v2\/product_brand?post=731946"},{"taxonomy":"product_cat","embeddable":true,"href":"https:\/\/roveyayinevi.com.tr\/index.php\/wp-json\/wp\/v2\/product_cat?post=731946"},{"taxonomy":"product_tag","embeddable":true,"href":"https:\/\/roveyayinevi.com.tr\/index.php\/wp-json\/wp\/v2\/product_tag?post=731946"}],"curies":[{"name":"wp","href":"https:\/\/api.w.org\/{rel}","templated":true}]}}