{"id":731943,"date":"2025-08-27T21:41:08","date_gmt":"2025-08-27T18:41:08","guid":{"rendered":"https:\/\/roveyayinevi.com.tr\/index.php\/urun\/siirsel-nefes\/"},"modified":"2026-04-16T02:39:51","modified_gmt":"2026-04-15T23:39:51","slug":"siirsel-nefes","status":"publish","type":"product","link":"https:\/\/roveyayinevi.com.tr\/index.php\/urun\/siirsel-nefes\/","title":{"rendered":"\u015eiirsel Nefes"},"content":{"rendered":"<p>Kar\u015f\u0131dan F\u0131rlam\u0131\u015f geliyorduMavzer mermisiDa\u011f\u0131l\u0131pTa\u00e7 olsayd\u0131 sa\u00e7lar\u0131na.Hi\u00e7 miG\u00fcny\u00fcz\u00fcG\u00f6r\u00fcp a\u011farmayacakt\u0131Sa\u00e7lar\u0131n\u0131n bir teli.Mahur&#8217;un bestelerine kar\u0131\u015f\u0131p \u015fark\u0131lara.<\/p>\n","protected":false},"excerpt":{"rendered":"<p>Kar\u015f\u0131dan F\u0131rlam\u0131\u015f geliyorduMavzer mermisiDa\u011f\u0131l\u0131pTa\u00e7 olsayd\u0131 sa\u00e7lar\u0131na.Hi\u00e7 miG\u00fcny\u00fcz\u00fcG\u00f6r\u00fcp a\u011farmayacakt\u0131Sa\u00e7lar\u0131n\u0131n bir teli.Mahur&#8217;un bestelerine kar\u0131\u015f\u0131p \u015fark\u0131lara.<\/p>\n","protected":false},"featured_media":0,"template":"","meta":{"_monsterinsights_skip_tracking":false,"_monsterinsights_sitenote_active":false,"_monsterinsights_sitenote_note":"","_monsterinsights_sitenote_category":0},"product_brand":[],"product_cat":[12291,12509],"product_tag":[],"class_list":{"0":"post-731943","1":"product","2":"type-product","3":"status-publish","5":"product_cat-edebiyat","6":"product_cat-siir","7":"pa_cilt-ciltsiz","8":"pa_tur-kitap","9":"pa_yayinevi-fa-yayinlari","10":"pa_yazar-mesut-eser","12":"first","13":"instock","14":"sale","15":"shipping-taxable","16":"purchasable","17":"product-type-simple"},"_links":{"self":[{"href":"https:\/\/roveyayinevi.com.tr\/index.php\/wp-json\/wp\/v2\/product\/731943","targetHints":{"allow":["GET"]}}],"collection":[{"href":"https:\/\/roveyayinevi.com.tr\/index.php\/wp-json\/wp\/v2\/product"}],"about":[{"href":"https:\/\/roveyayinevi.com.tr\/index.php\/wp-json\/wp\/v2\/types\/product"}],"wp:attachment":[{"href":"https:\/\/roveyayinevi.com.tr\/index.php\/wp-json\/wp\/v2\/media?parent=731943"}],"wp:term":[{"taxonomy":"product_brand","embeddable":true,"href":"https:\/\/roveyayinevi.com.tr\/index.php\/wp-json\/wp\/v2\/product_brand?post=731943"},{"taxonomy":"product_cat","embeddable":true,"href":"https:\/\/roveyayinevi.com.tr\/index.php\/wp-json\/wp\/v2\/product_cat?post=731943"},{"taxonomy":"product_tag","embeddable":true,"href":"https:\/\/roveyayinevi.com.tr\/index.php\/wp-json\/wp\/v2\/product_tag?post=731943"}],"curies":[{"name":"wp","href":"https:\/\/api.w.org\/{rel}","templated":true}]}}