{"id":731938,"date":"2025-08-27T21:41:03","date_gmt":"2025-08-27T18:41:03","guid":{"rendered":"https:\/\/roveyayinevi.com.tr\/index.php\/urun\/manzara-i-umumiye-turhan-selcuk-seckisi\/"},"modified":"2026-04-16T02:39:51","modified_gmt":"2026-04-15T23:39:51","slug":"manzara-i-umumiye-turhan-selcuk-seckisi","status":"publish","type":"product","link":"https:\/\/roveyayinevi.com.tr\/index.php\/urun\/manzara-i-umumiye-turhan-selcuk-seckisi\/","title":{"rendered":"Manzara-i Umumiye &#8211; Turhan Sel\u00e7uk Se\u00e7kisi"},"content":{"rendered":"<p>Turhan Sel\u00e7uk&#8217;tan &#8221;manzara-i umumiye&#8221;ye ayna tutan karikat\u00fcrler&#8230;Desen&#8217;in, uzun ve titiz bir \u00e7al\u0131\u015fman\u0131n ard\u0131ndan gururla takdim etti\u011fi &#8221;Turhan Sel\u00e7uk Se\u00e7kisi&#8221;, T\u00fcrkiye&#8217;de s\u00f6zs\u00fcz karikat\u00fcr\u00fcn \u00f6nc\u00fcs\u00fc olan Turhan Sel\u00e7uk&#8217;un mizah\u0131n\u0131 gen\u00e7 nesillere de tan\u0131tmak ve b\u00fcy\u00fck ustan\u0131n kendi zaman\u0131n\u0131n \u00e7ok \u00f6tesindeki \u00e7izgilerine farkl\u0131 bir bak\u0131\u015f imk\u00e2n\u0131 sunmak amac\u0131yla tasarlanan, \u00fc\u00e7 ciltlik nadide bir koleksiyon.Sel\u00e7uk&#8217;un, y\u0131llar i\u00e7inde \u00e7e\u015fitli kitaplarda ve mecralarda yay\u0131mlanan siyah beyaz karikat\u00fcrlerinin ayr\u0131nt\u0131l\u0131 bir kataloglama ve tematik d\u00fczenleme ile yay\u0131na haz\u0131rland\u0131\u011f\u0131 &#8221;Turhan Sel\u00e7uk Se\u00e7kisi&#8221; \u00fc\u00e7 kitaptan olu\u015fuyor: Siyasetin G\u00f6be\u011fi, Manzara-i Umumiye ve \u0130nsan Denen Garip Hayvan.Se\u00e7kinin ikinci halkas\u0131 olan Manzara-i Umumiye, sanat\u00e7\u0131n\u0131n, 1952-2003 y\u0131llar\u0131 aras\u0131nda, T\u00fcrkiye&#8217;nin ve d\u00fcnyan\u0131n se\u00e7kin gazete ve dergilerinde kendine yer bulan, baz\u0131lar\u0131 farkl\u0131 d\u00f6nem ve mecralarda tekrar tekrar yay\u0131mlanarak yank\u0131 uyand\u0131rm\u0131\u015f 80 karikat\u00fcr\u00fcn\u00fc bir araya getiriyor.Turhan Sel\u00e7uk&#8217;un, ele\u015ftiri oklar\u0131n\u0131 siyaset\u00e7ilerden g\u00f6bekli patronlara ve s\u00f6m\u00fcr\u00fc d\u00fcnyas\u0131na y\u00f6nlendirdi\u011fi karikat\u00fcrlerine yer veren Manzara-i Umumiye, emek\u00e7ilerin mevcut k\u00fcresel d\u00fczen kar\u015f\u0131s\u0131ndaki duru\u015funa, ekonomik istikrars\u0131zl\u0131\u011f\u0131n ve el de\u011fi\u015ftiren sermayenin halk\u0131n \u00fczerinde yaratt\u0131\u011f\u0131 bask\u0131ya odaklan\u0131yor. Kitaptaki se\u00e7ki ayr\u0131ca \u00e7\u00fcr\u00fcm\u00fc\u015f ve yozla\u015fm\u0131\u015f sistem i\u00e7inde medyan\u0131n nas\u0131l pasivize edildi\u011fini, d\u00fc\u015f\u00fcnce \u00f6zg\u00fcrl\u00fc\u011f\u00fc ve insan haklar\u0131 konusunda toplumun nas\u0131l \u00fc\u00e7 maymunu oynamaya itildi\u011fini ola\u011fan\u00fcst\u00fc bir incelikle hicvediyor. Simite talim eden i\u015f\u00e7ilerle giderek semiren patronlar aras\u0131ndaki kar\u015f\u0131tl\u0131\u011fa da tuz basmaktan \u00e7ekinmeyen sanat\u00e7\u0131; mizah\u0131n birle\u015ftirici g\u00fcc\u00fcyle do\u011fru bildi\u011fimiz yanl\u0131\u015flara farkl\u0131 bir perspektiften bakmam\u0131za olanak tan\u0131yor. Elli y\u0131ll\u0131k d\u00fcnya d\u00fczeninde ger\u00e7ekte \u00e7ok az \u015feyin de\u011fi\u015fti\u011fi \u00fczerine bizleri d\u00fc\u015f\u00fcnd\u00fcr\u00fcyor.Sanat ya\u015fam\u0131 boyunca karikat\u00fcr\u00fcn ne oldu\u011fu ve ne olmas\u0131 gerekti\u011fi \u00fcst\u00fcne kafa yoran Sel\u00e7uk, toplumsal \u00f6ng\u00f6r\u00fc yetene\u011fi ve zaman\u0131n\u0131n \u00f6tesindeki eserleriyle g\u00fcn\u00fcm\u00fcz okurlar\u0131n\u0131 \u015fa\u015f\u0131rtmay\u0131 s\u00fcrd\u00fcr\u00fcyor.Grafik mizah\u0131n karikat\u00fcr\u00fcn evrensel dili oldu\u011funu vurgulayan Turhan Sel\u00e7uk&#8217;un sanatsal ki\u015fili\u011fini, yazar Ya\u015far Kemal bu s\u00f6zlerle tan\u0131ml\u0131yor: &#8221;Turhan, d\u00fcnyam\u0131z\u0131n k\u00f6t\u00fcl\u00fcklerinin, karanl\u0131klar\u0131n\u0131n ortas\u0131nda durmu\u015f bir \u0131\u015f\u0131k g\u00f6sterendir durmadan.&#8221;&#8221;Turhan, bug\u00fcn yery\u00fcz\u00fcndeki birka\u00e7 karikat\u00fcr dehas\u0131ndan biridir.&#8221; Marvin Barrett, Atla&#8230;<\/p>\n","protected":false},"excerpt":{"rendered":"<p>Turhan Sel\u00e7uk&#8217;tan &#8221;manzara-i umumiye&#8221;ye ayna tutan karikat\u00fcrler&#8230;Desen&#8217;in, uzun ve titiz bir \u00e7al\u0131\u015fman\u0131n ard\u0131ndan gururla takdim etti\u011fi &#8221;Turhan Sel\u00e7uk Se\u00e7kisi&#8221;, T\u00fcrkiye&#8217;de s\u00f6zs\u00fcz karikat\u00fcr\u00fcn \u00f6nc\u00fcs\u00fc olan Turhan Sel\u00e7uk&#8217;un<span class=\"excerpt-hellip\"> [\u2026]<\/span><\/p>\n","protected":false},"featured_media":0,"template":"","meta":{"_monsterinsights_skip_tracking":false,"_monsterinsights_sitenote_active":false,"_monsterinsights_sitenote_note":"","_monsterinsights_sitenote_category":0},"product_brand":[],"product_cat":[12291,14825],"product_tag":[],"class_list":{"0":"post-731938","1":"product","2":"type-product","3":"status-publish","5":"product_cat-edebiyat","6":"product_cat-mizah","7":"pa_cilt-ciltsiz","8":"pa_tur-kitap","9":"pa_yayinevi-desen-yayinlari","10":"pa_yazar-turhan-selcuk","12":"first","13":"instock","14":"sale","15":"shipping-taxable","16":"purchasable","17":"product-type-simple"},"_links":{"self":[{"href":"https:\/\/roveyayinevi.com.tr\/index.php\/wp-json\/wp\/v2\/product\/731938","targetHints":{"allow":["GET"]}}],"collection":[{"href":"https:\/\/roveyayinevi.com.tr\/index.php\/wp-json\/wp\/v2\/product"}],"about":[{"href":"https:\/\/roveyayinevi.com.tr\/index.php\/wp-json\/wp\/v2\/types\/product"}],"wp:attachment":[{"href":"https:\/\/roveyayinevi.com.tr\/index.php\/wp-json\/wp\/v2\/media?parent=731938"}],"wp:term":[{"taxonomy":"product_brand","embeddable":true,"href":"https:\/\/roveyayinevi.com.tr\/index.php\/wp-json\/wp\/v2\/product_brand?post=731938"},{"taxonomy":"product_cat","embeddable":true,"href":"https:\/\/roveyayinevi.com.tr\/index.php\/wp-json\/wp\/v2\/product_cat?post=731938"},{"taxonomy":"product_tag","embeddable":true,"href":"https:\/\/roveyayinevi.com.tr\/index.php\/wp-json\/wp\/v2\/product_tag?post=731938"}],"curies":[{"name":"wp","href":"https:\/\/api.w.org\/{rel}","templated":true}]}}