{"id":731932,"date":"2025-08-27T21:40:58","date_gmt":"2025-08-27T18:40:58","guid":{"rendered":"https:\/\/roveyayinevi.com.tr\/index.php\/urun\/bul-ve-boya-akilli-cocuk-7\/"},"modified":"2026-04-16T02:39:51","modified_gmt":"2026-04-15T23:39:51","slug":"bul-ve-boya-akilli-cocuk-7","status":"publish","type":"product","link":"https:\/\/roveyayinevi.com.tr\/index.php\/urun\/bul-ve-boya-akilli-cocuk-7\/","title":{"rendered":"Bul ve Boya &#8211; Ak\u0131ll\u0131 \u00c7ocuk 7"},"content":{"rendered":"<p>Okul \u00f6ncesi d\u00f6nemdeki \u00e7ocuklar\u0131n ince motor ve bili\u015fsel geli\u015fimlerini desteklemek amac\u0131ylahaz\u0131rlanm\u0131\u015f\u0327bu kitapta;- G\u00f6rsel dikkat- K\u0131sa s\u00fcreli haf\u0131za- Say\u0131 tan\u0131ma- Boyama egzersizleri bulunmaktad\u0131r.\u00c7ocuklar kitaptaki etkinlikleri yaparken hem e\u011flenecek hem de \u00f6\u011frenecekler.<\/p>\n","protected":false},"excerpt":{"rendered":"<p>Okul \u00f6ncesi d\u00f6nemdeki \u00e7ocuklar\u0131n ince motor ve bili\u015fsel geli\u015fimlerini desteklemek amac\u0131ylahaz\u0131rlanm\u0131\u015f\u0327bu kitapta;- G\u00f6rsel dikkat- K\u0131sa s\u00fcreli haf\u0131za- Say\u0131 tan\u0131ma- Boyama egzersizleri bulunmaktad\u0131r.\u00c7ocuklar kitaptaki etkinlikleri yaparken hem<span class=\"excerpt-hellip\"> [\u2026]<\/span><\/p>\n","protected":false},"featured_media":0,"template":"","meta":{"_monsterinsights_skip_tracking":false,"_monsterinsights_sitenote_active":false,"_monsterinsights_sitenote_note":"","_monsterinsights_sitenote_category":0},"product_brand":[],"product_cat":[12644,12274],"product_tag":[],"class_list":{"0":"post-731932","1":"product","2":"type-product","3":"status-publish","5":"product_cat-boyama-kitaplari","6":"product_cat-cocuk-ve-genclik-kitaplari","7":"pa_cilt-ciltsiz","8":"pa_tur-kitap","9":"pa_yayinevi-cinar-yayinlari","10":"pa_yazar-cinar-yayinlari-kolektif","12":"first","13":"instock","14":"sale","15":"shipping-taxable","16":"purchasable","17":"product-type-simple"},"_links":{"self":[{"href":"https:\/\/roveyayinevi.com.tr\/index.php\/wp-json\/wp\/v2\/product\/731932","targetHints":{"allow":["GET"]}}],"collection":[{"href":"https:\/\/roveyayinevi.com.tr\/index.php\/wp-json\/wp\/v2\/product"}],"about":[{"href":"https:\/\/roveyayinevi.com.tr\/index.php\/wp-json\/wp\/v2\/types\/product"}],"wp:attachment":[{"href":"https:\/\/roveyayinevi.com.tr\/index.php\/wp-json\/wp\/v2\/media?parent=731932"}],"wp:term":[{"taxonomy":"product_brand","embeddable":true,"href":"https:\/\/roveyayinevi.com.tr\/index.php\/wp-json\/wp\/v2\/product_brand?post=731932"},{"taxonomy":"product_cat","embeddable":true,"href":"https:\/\/roveyayinevi.com.tr\/index.php\/wp-json\/wp\/v2\/product_cat?post=731932"},{"taxonomy":"product_tag","embeddable":true,"href":"https:\/\/roveyayinevi.com.tr\/index.php\/wp-json\/wp\/v2\/product_tag?post=731932"}],"curies":[{"name":"wp","href":"https:\/\/api.w.org\/{rel}","templated":true}]}}