{"id":731925,"date":"2025-08-27T21:40:51","date_gmt":"2025-08-27T18:40:51","guid":{"rendered":"https:\/\/roveyayinevi.com.tr\/index.php\/urun\/gizemli-bir-ajan-winston-ciltli\/"},"modified":"2026-04-16T02:39:51","modified_gmt":"2026-04-15T23:39:51","slug":"gizemli-bir-ajan-winston-ciltli","status":"publish","type":"product","link":"https:\/\/roveyayinevi.com.tr\/index.php\/urun\/gizemli-bir-ajan-winston-ciltli\/","title":{"rendered":"Gizemli Bir Ajan &#8211; Winston  (Ciltli)"},"content":{"rendered":"<p>S\u00fcper Winston ikinci maceras\u0131yla sizlerle!Okuma yazmas\u0131 olan, konu\u015fan, \u00fc\u00e7 dil bilen ve kendi iddias\u0131na g\u00f6re \u201cEvrenin En Zeki Kedisi\u201d Winston, bu sefer Kira ve arkada\u015flar\u0131na nas\u0131l m\u00fckemmel bir ajan olunaca\u011f\u0131n\u0131 g\u00f6steriyor!Okul m\u00fczikalinin rekabeti ve Babuschka\u2019n\u0131n ziyareti yetmezmi\u015f gibi, bir \u00f6\u011frencinin gizemli kaybolu\u015fu i\u015fleri iyice kar\u0131\u015ft\u0131r\u0131yor. Neyse ki gizemli bir ajan Winston, herkesin imdad\u0131na yeti\u015fiyor.D\u00f6rt Hayvan\u015f\u00f6rler; Winston, Odette, Spike ve Karamell iki ayakl\u0131 dostlar\u0131na yard\u0131m etmeye haz\u0131r!Peki, sen bu maceraya haz\u0131r m\u0131s\u0131n?<\/p>\n","protected":false},"excerpt":{"rendered":"<p>S\u00fcper Winston ikinci maceras\u0131yla sizlerle!Okuma yazmas\u0131 olan, konu\u015fan, \u00fc\u00e7 dil bilen ve kendi iddias\u0131na g\u00f6re \u201cEvrenin En Zeki Kedisi\u201d Winston, bu sefer Kira ve arkada\u015flar\u0131na nas\u0131l<span class=\"excerpt-hellip\"> [\u2026]<\/span><\/p>\n","protected":false},"featured_media":0,"template":"","meta":{"_monsterinsights_skip_tracking":false,"_monsterinsights_sitenote_active":false,"_monsterinsights_sitenote_note":"","_monsterinsights_sitenote_category":0},"product_brand":[],"product_cat":[12913,12274],"product_tag":[],"class_list":{"0":"post-731925","1":"product","2":"type-product","3":"status-publish","5":"product_cat-3-6-yas-kitaplari","6":"product_cat-cocuk-ve-genclik-kitaplari","7":"pa_cilt-ciltli","8":"pa_tur-kitap","9":"pa_yayinevi-epsilon-yayinlari","10":"pa_yazar-frauke-scheunemann","12":"first","13":"instock","14":"sale","15":"shipping-taxable","16":"purchasable","17":"product-type-simple"},"_links":{"self":[{"href":"https:\/\/roveyayinevi.com.tr\/index.php\/wp-json\/wp\/v2\/product\/731925","targetHints":{"allow":["GET"]}}],"collection":[{"href":"https:\/\/roveyayinevi.com.tr\/index.php\/wp-json\/wp\/v2\/product"}],"about":[{"href":"https:\/\/roveyayinevi.com.tr\/index.php\/wp-json\/wp\/v2\/types\/product"}],"wp:attachment":[{"href":"https:\/\/roveyayinevi.com.tr\/index.php\/wp-json\/wp\/v2\/media?parent=731925"}],"wp:term":[{"taxonomy":"product_brand","embeddable":true,"href":"https:\/\/roveyayinevi.com.tr\/index.php\/wp-json\/wp\/v2\/product_brand?post=731925"},{"taxonomy":"product_cat","embeddable":true,"href":"https:\/\/roveyayinevi.com.tr\/index.php\/wp-json\/wp\/v2\/product_cat?post=731925"},{"taxonomy":"product_tag","embeddable":true,"href":"https:\/\/roveyayinevi.com.tr\/index.php\/wp-json\/wp\/v2\/product_tag?post=731925"}],"curies":[{"name":"wp","href":"https:\/\/api.w.org\/{rel}","templated":true}]}}