{"id":731924,"date":"2025-08-27T21:40:50","date_gmt":"2025-08-27T18:40:50","guid":{"rendered":"https:\/\/roveyayinevi.com.tr\/index.php\/urun\/zorbaliga-son-ezikler-5-ciltli\/"},"modified":"2026-04-16T02:39:51","modified_gmt":"2026-04-15T23:39:51","slug":"zorbaliga-son-ezikler-5-ciltli","status":"publish","type":"product","link":"https:\/\/roveyayinevi.com.tr\/index.php\/urun\/zorbaliga-son-ezikler-5-ciltli\/","title":{"rendered":"Zorbal\u0131\u011fa Son &#8211; Ezikler 5  (Ciltli)"},"content":{"rendered":"<p>New York Times \u00e7oksatanlar listesine giren Ezikler serisinin yeni kitab\u0131 raflarda.Muhte\u015fem g\u00fc\u00e7lere sahip \u00e7ocuklardan olu\u015fan tak\u0131m, bu sefer zorbalara kar\u015f\u0131 m\u00fccadele ediyor. Ba\u015fkan\u0131n k\u0131z\u0131n\u0131 ka\u00e7\u0131rarak tarihin ak\u0131\u015f\u0131n\u0131 de\u011fi\u015ftirme planlar\u0131 yapan zorbalar\u0131n planlar\u0131 istedikleri gibi gitmeyecek. \u00c7\u00fcnk\u00fc birbirinden cesur ve zeki Ezikler tak\u0131m\u0131 \u00fcyeleri yeniden g\u00f6rev ba\u015f\u0131nda. \u00dcstelik bu kez her zamankinden daha donan\u0131ml\u0131 ve planl\u0131lar.<\/p>\n","protected":false},"excerpt":{"rendered":"<p>New York Times \u00e7oksatanlar listesine giren Ezikler serisinin yeni kitab\u0131 raflarda.Muhte\u015fem g\u00fc\u00e7lere sahip \u00e7ocuklardan olu\u015fan tak\u0131m, bu sefer zorbalara kar\u015f\u0131 m\u00fccadele ediyor. Ba\u015fkan\u0131n k\u0131z\u0131n\u0131 ka\u00e7\u0131rarak tarihin<span class=\"excerpt-hellip\"> [\u2026]<\/span><\/p>\n","protected":false},"featured_media":0,"template":"","meta":{"_monsterinsights_skip_tracking":false,"_monsterinsights_sitenote_active":false,"_monsterinsights_sitenote_note":"","_monsterinsights_sitenote_category":0},"product_brand":[],"product_cat":[12275,12274],"product_tag":[],"class_list":{"0":"post-731924","1":"product","2":"type-product","3":"status-publish","5":"product_cat-6-12-yas-kitaplari","6":"product_cat-cocuk-ve-genclik-kitaplari","7":"pa_cilt-ciltli","8":"pa_tur-kitap","9":"pa_yayinevi-epsilon-yayinlari","10":"pa_yazar-michael-buckley","12":"first","13":"instock","14":"sale","15":"shipping-taxable","16":"purchasable","17":"product-type-simple"},"_links":{"self":[{"href":"https:\/\/roveyayinevi.com.tr\/index.php\/wp-json\/wp\/v2\/product\/731924","targetHints":{"allow":["GET"]}}],"collection":[{"href":"https:\/\/roveyayinevi.com.tr\/index.php\/wp-json\/wp\/v2\/product"}],"about":[{"href":"https:\/\/roveyayinevi.com.tr\/index.php\/wp-json\/wp\/v2\/types\/product"}],"wp:attachment":[{"href":"https:\/\/roveyayinevi.com.tr\/index.php\/wp-json\/wp\/v2\/media?parent=731924"}],"wp:term":[{"taxonomy":"product_brand","embeddable":true,"href":"https:\/\/roveyayinevi.com.tr\/index.php\/wp-json\/wp\/v2\/product_brand?post=731924"},{"taxonomy":"product_cat","embeddable":true,"href":"https:\/\/roveyayinevi.com.tr\/index.php\/wp-json\/wp\/v2\/product_cat?post=731924"},{"taxonomy":"product_tag","embeddable":true,"href":"https:\/\/roveyayinevi.com.tr\/index.php\/wp-json\/wp\/v2\/product_tag?post=731924"}],"curies":[{"name":"wp","href":"https:\/\/api.w.org\/{rel}","templated":true}]}}