{"id":731919,"date":"2025-08-27T21:40:45","date_gmt":"2025-08-27T18:40:45","guid":{"rendered":"https:\/\/roveyayinevi.com.tr\/index.php\/urun\/bir-cinayetin-asli\/"},"modified":"2026-04-16T02:39:51","modified_gmt":"2026-04-15T23:39:51","slug":"bir-cinayetin-asli","status":"publish","type":"product","link":"https:\/\/roveyayinevi.com.tr\/index.php\/urun\/bir-cinayetin-asli\/","title":{"rendered":"Bir Cinayetin Asl\u0131"},"content":{"rendered":"<p>&#8220;Gazetecilik fikri takip i\u015fidir. Ercan \u00d6zt\u00fcrk, Asl\u0131 Ba\u015f dosyas\u0131n\u0131 bir muhabir olarak bu ilkeye s\u0131k\u0131 s\u0131k\u0131ya ba\u011fl\u0131 kal\u0131p ba\u015ftan itibaren takip etti. O tarihte Genel Yay\u0131n Y\u00f6netmenli\u011fini yapt\u0131\u011f\u0131m Ak\u015fam Gazetesi, kamuoyunun \u00e7ok merak etti\u011fi bu konuda Ercan \u00d6zt\u00fcrk\u2019\u00fcn haberlerini yay\u0131mlayarak g\u00f6revini yerine getirmi\u015fti. Ercan \u00d6zt\u00fcrk\u2019\u00fcn gazeteci titizli\u011fi ile yapt\u0131\u011f\u0131 ara\u015ft\u0131rma ve att\u0131\u011f\u0131 man\u015fetlerin perde arkas\u0131n\u0131 anlatan bu kitap ilgiyle okunacak.&#8221;\u0130smail K\u00fc\u00e7\u00fckkaya &#8211; Gazeteci\u201cMedyada bir bozulmadan s\u00f6z etti\u011fimizde bunun temelini muhabirli\u011fin \u00f6nemsenmemesi ve i\u00e7inin bo\u015falt\u0131lmas\u0131 geliyor&#8230; \u00d6zel haber, haber atlatma ve fikri takip denildi\u011finde \u00f6zellikle de sekt\u00f6rde belli bir s\u00fcreyi ge\u00e7irmi\u015f meslekta\u015flar\u0131m\u0131z ah \u00e7ekerek c\u00fcmleye ba\u015fl\u0131yorlar&#8230; \u00d6zl\u00fcyoruz, arada bunu hat\u0131rlatan geli\u015fmeler olunca da mutlu oluyoruz&#8230;Ercan \u00d6zt\u00fcrk, Asl\u0131 Ba\u015f dosyas\u0131na ili\u015fkin hem o d\u00f6nem yapt\u0131\u011f\u0131 \u00f6zel haberleriyle; hem de bu kitab\u0131yla habercili\u011fin ne oldu\u011funu hat\u0131rlatt\u0131&#8230;O d\u00f6nem bu konuda yapt\u0131\u011f\u0131 haberlerin perde arkas\u0131n\u0131 bilmemiz m\u00fcmk\u00fcn de\u011fildi, Ercan \u00d6zt\u00fcrk kitab\u0131yla bunu da s\u00fcr\u00fckleyici bir bi\u00e7imde g\u00f6z \u00f6n\u00fcne seriyor&#8230;\u201dDo\u011fan \u015eent\u00fcrk &#8211; Fox Haber Genel Yay\u0131n Y\u00f6netmeni<\/p>\n","protected":false},"excerpt":{"rendered":"<p>&#8220;Gazetecilik fikri takip i\u015fidir. Ercan \u00d6zt\u00fcrk, Asl\u0131 Ba\u015f dosyas\u0131n\u0131 bir muhabir olarak bu ilkeye s\u0131k\u0131 s\u0131k\u0131ya ba\u011fl\u0131 kal\u0131p ba\u015ftan itibaren takip etti. O tarihte Genel Yay\u0131n<span class=\"excerpt-hellip\"> [\u2026]<\/span><\/p>\n","protected":false},"featured_media":0,"template":"","meta":{"_monsterinsights_skip_tracking":false,"_monsterinsights_sitenote_active":false,"_monsterinsights_sitenote_note":"","_monsterinsights_sitenote_category":0},"product_brand":[],"product_cat":[13059,12337],"product_tag":[],"class_list":{"0":"post-731919","1":"product","2":"type-product","3":"status-publish","5":"product_cat-diger-politika-siyaset","6":"product_cat-politika-siyaset","7":"pa_cilt-ciltsiz","8":"pa_tur-kitap","9":"pa_yayinevi-kopernik-kitap","10":"pa_yazar-ercan-ozturk","12":"first","13":"instock","14":"sale","15":"shipping-taxable","16":"purchasable","17":"product-type-simple"},"_links":{"self":[{"href":"https:\/\/roveyayinevi.com.tr\/index.php\/wp-json\/wp\/v2\/product\/731919","targetHints":{"allow":["GET"]}}],"collection":[{"href":"https:\/\/roveyayinevi.com.tr\/index.php\/wp-json\/wp\/v2\/product"}],"about":[{"href":"https:\/\/roveyayinevi.com.tr\/index.php\/wp-json\/wp\/v2\/types\/product"}],"wp:attachment":[{"href":"https:\/\/roveyayinevi.com.tr\/index.php\/wp-json\/wp\/v2\/media?parent=731919"}],"wp:term":[{"taxonomy":"product_brand","embeddable":true,"href":"https:\/\/roveyayinevi.com.tr\/index.php\/wp-json\/wp\/v2\/product_brand?post=731919"},{"taxonomy":"product_cat","embeddable":true,"href":"https:\/\/roveyayinevi.com.tr\/index.php\/wp-json\/wp\/v2\/product_cat?post=731919"},{"taxonomy":"product_tag","embeddable":true,"href":"https:\/\/roveyayinevi.com.tr\/index.php\/wp-json\/wp\/v2\/product_tag?post=731919"}],"curies":[{"name":"wp","href":"https:\/\/api.w.org\/{rel}","templated":true}]}}