{"id":731917,"date":"2025-08-27T21:40:43","date_gmt":"2025-08-27T18:40:43","guid":{"rendered":"https:\/\/roveyayinevi.com.tr\/index.php\/urun\/senden-gidemiyorum\/"},"modified":"2026-04-16T02:39:51","modified_gmt":"2026-04-15T23:39:51","slug":"senden-gidemiyorum","status":"publish","type":"product","link":"https:\/\/roveyayinevi.com.tr\/index.php\/urun\/senden-gidemiyorum\/","title":{"rendered":"Senden Gidemiyorum"},"content":{"rendered":"<p>Bir adam bir kad\u0131n\u0131 kafiyesiz de sevebilir. Gitmek mi zor, kalmak m\u0131? A\u015fka tutulan ve kar\u015f\u0131l\u0131k bulamayan her kalbin ikilemidir bu&#8230; Dilara G\u00f6nen\u00e7, gidemeyenlerdendi; sevdi\u011finde sonsuza dek kalanlardan ve kalbini a\u015fk\u0131yla m\u00fch\u00fcrleyenlerden. \u00d6mer Ertengiz ise, fark\u0131na bile varmad\u0131\u011f\u0131 o k\u00fc\u00e7\u00fck k\u0131z\u0131n kalbinde ebediyete kadar h\u00fck\u00fcm s\u00fcrecek olan \u00f6zlem y\u00fckl\u00fc hayal&#8230; Dilara\u2019n\u0131n kaderi, onun taraf\u0131ndan sevilmenin nas\u0131l bir his oldu\u011funu bilemeden, hep \u00f6zleyerek ya\u015famakt\u0131; ama art\u0131k bir karar vermesi gerekiyordu. Baz\u0131 kalpler tek ki\u015filiktir, kap\u0131s\u0131n\u0131 ilk a\u00e7an\u0131n tek sahibi oldu\u011fu. Zaman, d\u00f6n\u00fc\u015ft\u00fcrmeye \u00e7al\u0131\u015fsa da de\u011fi\u015ftirmeyi beceremez bir t\u00fcrl\u00fc. Yazmak istedim, sen doland\u0131n kaleme\u2026<\/p>\n","protected":false},"excerpt":{"rendered":"<p>Bir adam bir kad\u0131n\u0131 kafiyesiz de sevebilir. Gitmek mi zor, kalmak m\u0131? A\u015fka tutulan ve kar\u015f\u0131l\u0131k bulamayan her kalbin ikilemidir bu&#8230; Dilara G\u00f6nen\u00e7, gidemeyenlerdendi; sevdi\u011finde sonsuza<span class=\"excerpt-hellip\"> [\u2026]<\/span><\/p>\n","protected":false},"featured_media":0,"template":"","meta":{"_monsterinsights_skip_tracking":false,"_monsterinsights_sitenote_active":false,"_monsterinsights_sitenote_note":"","_monsterinsights_sitenote_category":0},"product_brand":[],"product_cat":[12291,50487],"product_tag":[],"class_list":{"0":"post-731917","1":"product","2":"type-product","3":"status-publish","5":"product_cat-edebiyat","6":"product_cat-kurgu","7":"pa_cilt-ciltsiz","8":"pa_tur-kitap","9":"pa_yayinevi-epsilon-yayinlari","10":"pa_yazar-mira-yelkenci","12":"first","13":"instock","14":"sale","15":"shipping-taxable","16":"purchasable","17":"product-type-simple"},"_links":{"self":[{"href":"https:\/\/roveyayinevi.com.tr\/index.php\/wp-json\/wp\/v2\/product\/731917","targetHints":{"allow":["GET"]}}],"collection":[{"href":"https:\/\/roveyayinevi.com.tr\/index.php\/wp-json\/wp\/v2\/product"}],"about":[{"href":"https:\/\/roveyayinevi.com.tr\/index.php\/wp-json\/wp\/v2\/types\/product"}],"wp:attachment":[{"href":"https:\/\/roveyayinevi.com.tr\/index.php\/wp-json\/wp\/v2\/media?parent=731917"}],"wp:term":[{"taxonomy":"product_brand","embeddable":true,"href":"https:\/\/roveyayinevi.com.tr\/index.php\/wp-json\/wp\/v2\/product_brand?post=731917"},{"taxonomy":"product_cat","embeddable":true,"href":"https:\/\/roveyayinevi.com.tr\/index.php\/wp-json\/wp\/v2\/product_cat?post=731917"},{"taxonomy":"product_tag","embeddable":true,"href":"https:\/\/roveyayinevi.com.tr\/index.php\/wp-json\/wp\/v2\/product_tag?post=731917"}],"curies":[{"name":"wp","href":"https:\/\/api.w.org\/{rel}","templated":true}]}}