{"id":731915,"date":"2025-08-27T21:40:41","date_gmt":"2025-08-27T18:40:41","guid":{"rendered":"https:\/\/roveyayinevi.com.tr\/index.php\/urun\/dusler-ve-aktif-hayal-gucuyle-bilincdisina-yolculuk\/"},"modified":"2026-04-16T02:39:51","modified_gmt":"2026-04-15T23:39:51","slug":"dusler-ve-aktif-hayal-gucuyle-bilincdisina-yolculuk","status":"publish","type":"product","link":"https:\/\/roveyayinevi.com.tr\/index.php\/urun\/dusler-ve-aktif-hayal-gucuyle-bilincdisina-yolculuk\/","title":{"rendered":"D\u00fc\u015fler ve Aktif Hayal G\u00fcc\u00fcyle Bilin\u00e7d\u0131\u015f\u0131na Yolculuk"},"content":{"rendered":"<p>D\u00fc\u015flerimizde kendi sava\u015f\u0131m\u0131z\u0131n i\u00e7ine d\u00fc\u015fen bir sava\u015f\u00e7\u0131 oluruz. Kendimizle bar\u0131\u015fmak i\u00e7in kendi kan\u0131m\u0131zla boyanma cesaretine ihtiya\u00e7 duyar\u0131z. Akt\u0131\u011f\u0131nda bizi kan k\u0131rm\u0131z\u0131s\u0131na boyayan \u015fey tam da kendi damarlar\u0131m\u0131z\u0131n i\u00e7inde dola\u015f\u0131r \u00e7\u00fcnk\u00fc. Bilin\u00e7d\u0131\u015f\u0131m\u0131z bize kendimizden haberler getirir. Kendimizden bile saklad\u0131\u011f\u0131m\u0131z o g\u00f6rkemli kahraman, sesini bize duyurmak ister. Oysa biz en az kendimizle konu\u015fur, en zor kendimizle bulu\u015furuz. Bilincimizin perdeledi\u011fi g\u00fcne\u015fimiz gecenin karanl\u0131\u011f\u0131nda d\u00fc\u015flerimizde parlar oysa. Aktif hayal g\u00fcc\u00fc ve d\u00fc\u015flerimizle \u2018i\u00e7imizi\u2019 \u00e7al\u0131\u015f\u0131r\u0131z. Bilindik bilgi ve dizgelerin \u00e7ok \u00f6tesindeki kendimizi bulma yoluna d\u00fc\u015feriz.   Bazen hen\u00fcz g\u00f6rmedi\u011fim d\u00fc\u015flerimde beni bekleyen -hen\u00fcz bilmekten uzak oldu\u011fum- kendimin oldu\u011funu d\u00fc\u015f\u00fcn\u00fcr, heyecanlan\u0131r\u0131m. Tam da bu heyecan, yeni d\u00fc\u015fleri \u00e7\u0131kar\u0131r derinlerden. Neyin geldi\u011fine bilincimle bakarsam belki de en de\u011ferli hediyeyi ka\u00e7\u0131r\u0131r\u0131m. D\u00fc\u015f\u00fc deh\u015fete \u00e7eviren o di\u015fleri uzam\u0131\u015f melun adam\u0131n, i\u00e7imden \u00e7\u0131karmam gereken kudretli ve olgun pen\u00e7elerim oldu\u011funu bilemem. Onu bilincin yarg\u0131lar\u0131ndan uzak bir ma\u011faraya ka\u00e7\u0131r\u0131r\u0131m o vakit. Orada beraber \u00e7al\u0131\u015f\u0131r\u0131z.   Elinizdeki kitab\u0131n i\u00e7inize inen merdivenin bir basama\u011f\u0131nda, yukar\u0131 \u00e7\u0131kard\u0131klar\u0131n\u0131z\u0131n g\u00fcn \u0131\u015f\u0131\u011f\u0131na kavu\u015fma an\u0131nda, en derininizdeki ma\u011faran\u0131z\u0131n duvarlar\u0131nda, i\u00e7inizi \u00e7al\u0131\u015faca\u011f\u0131n\u0131z \u00e7al\u0131\u015fma masas\u0131n\u0131n \u00fczerinde yan\u0131n\u0131zda olmas\u0131n\u0131 umut ederim ey okur. En \u00e7ok da kendini okuyacak olan g\u00f6rkemli okur.\u201d <\/p>\n","protected":false},"excerpt":{"rendered":"<p>D\u00fc\u015flerimizde kendi sava\u015f\u0131m\u0131z\u0131n i\u00e7ine d\u00fc\u015fen bir sava\u015f\u00e7\u0131 oluruz. Kendimizle bar\u0131\u015fmak i\u00e7in kendi kan\u0131m\u0131zla boyanma cesaretine ihtiya\u00e7 duyar\u0131z. Akt\u0131\u011f\u0131nda bizi kan k\u0131rm\u0131z\u0131s\u0131na boyayan \u015fey tam da kendi<span class=\"excerpt-hellip\"> [\u2026]<\/span><\/p>\n","protected":false},"featured_media":0,"template":"","meta":{"_monsterinsights_skip_tracking":false,"_monsterinsights_sitenote_active":false,"_monsterinsights_sitenote_note":"","_monsterinsights_sitenote_category":0},"product_brand":[],"product_cat":[12358,12357],"product_tag":[],"class_list":{"0":"post-731915","1":"product","2":"type-product","3":"status-publish","5":"product_cat-genel-psikoloji","6":"product_cat-psikoloji","7":"pa_cilt-ciltsiz","8":"pa_tur-kitap","9":"pa_yayinevi-okuyan-us-yayin","10":"pa_yazar-robert-a-johnson","12":"first","13":"instock","14":"sale","15":"shipping-taxable","16":"purchasable","17":"product-type-simple"},"_links":{"self":[{"href":"https:\/\/roveyayinevi.com.tr\/index.php\/wp-json\/wp\/v2\/product\/731915","targetHints":{"allow":["GET"]}}],"collection":[{"href":"https:\/\/roveyayinevi.com.tr\/index.php\/wp-json\/wp\/v2\/product"}],"about":[{"href":"https:\/\/roveyayinevi.com.tr\/index.php\/wp-json\/wp\/v2\/types\/product"}],"wp:attachment":[{"href":"https:\/\/roveyayinevi.com.tr\/index.php\/wp-json\/wp\/v2\/media?parent=731915"}],"wp:term":[{"taxonomy":"product_brand","embeddable":true,"href":"https:\/\/roveyayinevi.com.tr\/index.php\/wp-json\/wp\/v2\/product_brand?post=731915"},{"taxonomy":"product_cat","embeddable":true,"href":"https:\/\/roveyayinevi.com.tr\/index.php\/wp-json\/wp\/v2\/product_cat?post=731915"},{"taxonomy":"product_tag","embeddable":true,"href":"https:\/\/roveyayinevi.com.tr\/index.php\/wp-json\/wp\/v2\/product_tag?post=731915"}],"curies":[{"name":"wp","href":"https:\/\/api.w.org\/{rel}","templated":true}]}}