{"id":731914,"date":"2025-08-27T21:40:40","date_gmt":"2025-08-27T18:40:40","guid":{"rendered":"https:\/\/roveyayinevi.com.tr\/index.php\/urun\/sentez-siyasetin-sosyopolitik-insaasi-ak-parti\/"},"modified":"2026-04-16T02:39:51","modified_gmt":"2026-04-15T23:39:51","slug":"sentez-siyasetin-sosyopolitik-insaasi-ak-parti","status":"publish","type":"product","link":"https:\/\/roveyayinevi.com.tr\/index.php\/urun\/sentez-siyasetin-sosyopolitik-insaasi-ak-parti\/","title":{"rendered":"Sentez Siyasetin Sosyopolitik \u0130n\u015faas\u0131 &#8211; Ak Parti"},"content":{"rendered":"<p>Sentez Siyasetin Sosyopolitik \u0130n\u015faas\u0131: Ak Parti<\/p>\n","protected":false},"excerpt":{"rendered":"<p>Sentez Siyasetin Sosyopolitik \u0130n\u015faas\u0131: Ak Parti<\/p>\n","protected":false},"featured_media":0,"template":"","meta":{"_monsterinsights_skip_tracking":false,"_monsterinsights_sitenote_active":false,"_monsterinsights_sitenote_note":"","_monsterinsights_sitenote_category":0},"product_brand":[],"product_cat":[31194,12337],"product_tag":[],"class_list":{"0":"post-731914","1":"product","2":"type-product","3":"status-publish","5":"product_cat-guncel-siyaset","6":"product_cat-politika-siyaset","7":"pa_cilt-ciltsiz","8":"pa_tur-kitap","9":"pa_yayinevi-gazi-kitabevi","10":"pa_yazar-ali-riza-savas","12":"first","13":"instock","14":"sale","15":"shipping-taxable","16":"purchasable","17":"product-type-simple"},"_links":{"self":[{"href":"https:\/\/roveyayinevi.com.tr\/index.php\/wp-json\/wp\/v2\/product\/731914","targetHints":{"allow":["GET"]}}],"collection":[{"href":"https:\/\/roveyayinevi.com.tr\/index.php\/wp-json\/wp\/v2\/product"}],"about":[{"href":"https:\/\/roveyayinevi.com.tr\/index.php\/wp-json\/wp\/v2\/types\/product"}],"wp:attachment":[{"href":"https:\/\/roveyayinevi.com.tr\/index.php\/wp-json\/wp\/v2\/media?parent=731914"}],"wp:term":[{"taxonomy":"product_brand","embeddable":true,"href":"https:\/\/roveyayinevi.com.tr\/index.php\/wp-json\/wp\/v2\/product_brand?post=731914"},{"taxonomy":"product_cat","embeddable":true,"href":"https:\/\/roveyayinevi.com.tr\/index.php\/wp-json\/wp\/v2\/product_cat?post=731914"},{"taxonomy":"product_tag","embeddable":true,"href":"https:\/\/roveyayinevi.com.tr\/index.php\/wp-json\/wp\/v2\/product_tag?post=731914"}],"curies":[{"name":"wp","href":"https:\/\/api.w.org\/{rel}","templated":true}]}}