{"id":731913,"date":"2025-08-27T21:40:40","date_gmt":"2025-08-27T18:40:40","guid":{"rendered":"https:\/\/roveyayinevi.com.tr\/index.php\/urun\/pandeminin-mali-analizi\/"},"modified":"2026-04-16T02:39:51","modified_gmt":"2026-04-15T23:39:51","slug":"pandeminin-mali-analizi","status":"publish","type":"product","link":"https:\/\/roveyayinevi.com.tr\/index.php\/urun\/pandeminin-mali-analizi\/","title":{"rendered":"Pandeminin Mali Analizi"},"content":{"rendered":"<p>\u0130\u00e7indekiler Covid-19 Pandemisinin Tetikledi\u011fi Dijitalle\u015fme S\u00fcrecinin Vergi Hukukuna Yans\u0131malar\u0131   Salg\u0131n Hastal\u0131\u011f\u0131n (Covid-19) T\u00fcrkiye\u2019de Kamu Kesimi Dengeleri \u00dczerindeki Etkisi   Pandemi S\u00fcrecinin Sosyal Medyadaki Ekonomik Yans\u0131malar\u0131n\u0131n B\u00fcy\u00fck Veri Temelli \u0130\u00e7erik Analizi   T\u00fcrkiye\u2019de Pandemi D\u00f6nemi Kamu Bor\u00e7 Analizi   T\u00fcrkiye\u2019de Covid-19 Salg\u0131n\u0131na Kar\u015f\u0131 T.C. Merkez Bankas\u0131 Tedbirleri: Devlet \u0130\u00e7 Bor\u00e7lanma Senetleri A\u00e7\u0131s\u0131ndan Bir De\u011ferlendirme   K\u00fcresel Salg\u0131n Krizinin Kamu Kesimi B\u00fcy\u00fckl\u00fc\u011f\u00fc \u00dczerine Etkisi ve Alternatif \u00c7\u00f6z\u00fcm Arac\u0131: MilyonerVergisi Pandemi D\u00f6neminde T\u00fcrkiye\u2019de Uygulanan Ekonomi Politikalar\u0131   K\u00fcresel Salg\u0131nlar\u0131n Kamusal Maliyeti   Exorbitant Price Concept in Islamic-Based Economic Thought And The Ottoman Example   Reg\u00fclasyonlar ve Enerji Piyasas\u0131: Pandemi D\u00f6nemi A\u00e7\u0131s\u0131ndan Bir De\u011ferlendirme   Covid-19 S\u00fcrecinde Uygulanan K\u0131s\u0131tlama ve Tedbirlerin Vergi Gelirlerine Etkisi T\u00fcrkiye \u00d6rne\u011fi   Covid-19 Krizinin Yol A\u00e7t\u0131\u011f\u0131 B\u00fct\u00e7e A\u00e7\u0131klar\u0131 \u0130le M\u00fccadelede Alternatif Vergi \u00d6nerileri   Para Politikalar\u0131na Covid-19 Kriz Etkisi   Covid-19 S\u00fcrecinde Al\u0131nan Vergisel \u00d6nlemler: Se\u00e7ilmi\u015f \u00dclkeler ve T\u00fcrkiye A\u00e7\u0131s\u0131ndan De\u011ferlendirilmesi   Covid-19 Pandemisinin D\u0131\u015f Ticaret \u00dczerindeki Etkileri: T\u00fcrkiye \u00dczerine Bir De\u011ferlendirme   T\u00fcrkiye\u2019de Covid-19 Salg\u0131n\u0131yla M\u00fccadelede B\u00fct\u00e7e Esnekli\u011finin Rol\u00fc   Pandemi S\u00fcrecinde Vergi Harcamalar\u0131 ve T\u00fcrkiye\u2019de Vergi Harcamalar\u0131 Uygulamalar\u0131n\u0131n De\u011ferlendirilmesi   Covid-19 \u0130le Alt\u0131n ve Petrol Fiyatlar\u0131 Aras\u0131ndaki \u0130li\u015fkinin Ekonometrik Analizi   T\u00fcrkiye\u2019de Pandemi S\u00fcrecinde Genel Ekonomi ve Kamu Maliyesi Alan\u0131nda Al\u0131nan Tedbirlerin De\u011ferlendirilmesi   Covid-19 Salg\u0131n\u0131n\u0131n Mali Disiplin \u00dczerindeki Etkileri: T\u00fcrkiye \u00d6rne\u011fi ve \u00c7e\u015fitli \u00dclke Gruplar\u0131yla Kar\u015f\u0131la\u015ft\u0131r\u0131lmas\u0131 <\/p>\n","protected":false},"excerpt":{"rendered":"<p>\u0130\u00e7indekiler Covid-19 Pandemisinin Tetikledi\u011fi Dijitalle\u015fme S\u00fcrecinin Vergi Hukukuna Yans\u0131malar\u0131 Salg\u0131n Hastal\u0131\u011f\u0131n (Covid-19) T\u00fcrkiye\u2019de Kamu Kesimi Dengeleri \u00dczerindeki Etkisi Pandemi S\u00fcrecinin Sosyal Medyadaki Ekonomik Yans\u0131malar\u0131n\u0131n B\u00fcy\u00fck Veri<span class=\"excerpt-hellip\"> [\u2026]<\/span><\/p>\n","protected":false},"featured_media":0,"template":"","meta":{"_monsterinsights_skip_tracking":false,"_monsterinsights_sitenote_active":false,"_monsterinsights_sitenote_note":"","_monsterinsights_sitenote_category":0},"product_brand":[],"product_cat":[13043,14381],"product_tag":[],"class_list":{"0":"post-731913","1":"product","2":"type-product","3":"status-publish","5":"product_cat-ekonomi","6":"product_cat-isletme-muhasebe-maliye","7":"pa_cilt-ciltsiz","8":"pa_tur-kitap","9":"pa_yayinevi-gazi-kitabevi","10":"pa_yazar-gazi-kitabevi-kolektif","12":"first","13":"instock","14":"sale","15":"shipping-taxable","16":"purchasable","17":"product-type-simple"},"_links":{"self":[{"href":"https:\/\/roveyayinevi.com.tr\/index.php\/wp-json\/wp\/v2\/product\/731913","targetHints":{"allow":["GET"]}}],"collection":[{"href":"https:\/\/roveyayinevi.com.tr\/index.php\/wp-json\/wp\/v2\/product"}],"about":[{"href":"https:\/\/roveyayinevi.com.tr\/index.php\/wp-json\/wp\/v2\/types\/product"}],"wp:attachment":[{"href":"https:\/\/roveyayinevi.com.tr\/index.php\/wp-json\/wp\/v2\/media?parent=731913"}],"wp:term":[{"taxonomy":"product_brand","embeddable":true,"href":"https:\/\/roveyayinevi.com.tr\/index.php\/wp-json\/wp\/v2\/product_brand?post=731913"},{"taxonomy":"product_cat","embeddable":true,"href":"https:\/\/roveyayinevi.com.tr\/index.php\/wp-json\/wp\/v2\/product_cat?post=731913"},{"taxonomy":"product_tag","embeddable":true,"href":"https:\/\/roveyayinevi.com.tr\/index.php\/wp-json\/wp\/v2\/product_tag?post=731913"}],"curies":[{"name":"wp","href":"https:\/\/api.w.org\/{rel}","templated":true}]}}